{"id":466257,"date":"2025-05-31T22:32:25","date_gmt":"2025-05-31T20:32:25","guid":{"rendered":"https:\/\/lucacastelli.com\/prodotto\/imow-6\/"},"modified":"2025-05-31T22:32:25","modified_gmt":"2025-05-31T20:32:25","slug":"imow-6","status":"publish","type":"product","link":"https:\/\/lucacastelli.com\/de\/produkt\/imow-6\/","title":{"rendered":"iMOW 6"},"content":{"rendered":"<p>Der STIHL iMOW\u00ae 6 M\u00e4hroboter mit leistungsstarkem Lithium-Ionen-Akku k\u00fcmmert sich vollautomatisch und selbstst\u00e4ndig um Ihren Rasen. Durch den Akku kann der M\u00e4hroboter lange Zeit ohne Unterbrechung arbeiten. Mit den 3 frei rotierenden Klingen des Disc-Cut-Systems erzielen Sie dank der hohen S\u00e4geblattgeschwindigkeit einen sauberen Schnitt. Beim Mulchen mit STIHL iMOW\u00ae 6 wird das Gras so zerkleinert, dass es direkt als Rasend\u00fcnger wiederverwendet werden kann. Rasenfl\u00e4chen von bis zu 3.000 m\u00b2 werden effizient bewirtschaftet, ebenso wie Bodengef\u00e4lle von bis zu 40 %, zum Beispiel beim M\u00e4hen in Hanglagen. Die eingebauten Sensoren sorgen daf\u00fcr, dass STIHL iMOW\u00ae 6 automatisch die Richtung \u00e4ndert, wenn er mit einem Hindernis in Ber\u00fchrung kommt; Auf unebenem Gel\u00e4nde wird die Geschwindigkeit mit Hilfe von Neigungssensoren angepasst, so dass auch in diesem Fall ein gleichm\u00e4\u00dfiges Ergebnis erzielt wird. Die Bedienung erfolgt einfach und intuitiv \u00fcber das Bedienfeld mit nur wenigen Tasten und wird auch per Sprachausgabe unterst\u00fctzt. Der aktuelle Status Ihres M\u00e4hroboters wird \u00fcber die LED-Heckleiste angezeigt. Das Tagfahrlicht im LED-Frontstreifen kann in 3 verschiedenen Modi gew\u00e4hlt werden. Mit der MY iMOW App kannst du deinen M\u00e4hroboter jederzeit \u00fcber Bluetooth\u00ae oder WLAN steuern. Auch die Schnitth\u00f6he k\u00f6nnen Sie individuell in verschiedenen Stufen einstellen. Bei Bedarf k\u00f6nnen Sie STIHL iMOW\u00ae6 auch manuell starten. Dank des individuell einstellbaren Regensensors kannst du entscheiden, ob der Rasen auch bei Regenwetter gem\u00e4ht werden soll oder ob der iMOW pausiert werden soll. Die Dockingstation dient als Basis f\u00fcr den M\u00e4hroboter und zum Aufladen des M\u00e4hroboters. F\u00fcr die Installation wird je nach Gr\u00f6\u00dfe des Gartens das passende Installationsset ben\u00f6tigt. STIHL iMOW\u00ae M\u00e4hroboter erf\u00fcllen alle Sicherheitsstandards. Ein Spielzeug ist der iMOW-Roboter jedoch nicht: Wenn er aktiv ist, halten Sie Kinder, Zuschauer und Tiere vom Arbeitsbereich fern.<br \/>\n886661516629<\/p>\n<p>AAI-Batteriesystem<br \/>\nGer\u00e4tegewicht Ger\u00e4tegewicht<\/p>\n<p>Max. Neigung Max.<br \/>\n Steigung Schnittbreite 28<br \/>\nSchnitth\u00f6he min 20<\/p>\n","protected":false},"excerpt":{"rendered":"<p>iMOW 6<\/p>\n","protected":false},"featured_media":422583,"template":"","meta":{"_seopress_robots_primary_cat":"","_seopress_titles_title":"","_seopress_titles_desc":"","_seopress_robots_index":""},"product_brand":[3366],"product_cat":[29,262,278],"product_tag":[3265],"class_list":{"0":"post-466257","1":"product","2":"type-product","3":"status-publish","4":"has-post-thumbnail","6":"product_brand-stihl","7":"product_cat-macchinari","8":"product_cat-tosaerba-e-robot","9":"product_cat-robot-tosaerba","10":"product_tag-import-stihl","11":"sws-gruppo-macchinari-de","12":"sws-conto-ricavi-merci-rivendita-macchinari-de","13":"sws-gruppo-iva-iva81-de","15":"first","16":"onbackorder","17":"purchasable","18":"product-type-simple"},"_links":{"self":[{"href":"https:\/\/lucacastelli.com\/de\/wp-json\/wp\/v2\/product\/466257","targetHints":{"allow":["GET"]}}],"collection":[{"href":"https:\/\/lucacastelli.com\/de\/wp-json\/wp\/v2\/product"}],"about":[{"href":"https:\/\/lucacastelli.com\/de\/wp-json\/wp\/v2\/types\/product"}],"wp:featuredmedia":[{"embeddable":true,"href":"https:\/\/lucacastelli.com\/de\/wp-json\/wp\/v2\/media\/422583"}],"wp:attachment":[{"href":"https:\/\/lucacastelli.com\/de\/wp-json\/wp\/v2\/media?parent=466257"}],"wp:term":[{"taxonomy":"product_brand","embeddable":true,"href":"https:\/\/lucacastelli.com\/de\/wp-json\/wp\/v2\/product_brand?post=466257"},{"taxonomy":"product_cat","embeddable":true,"href":"https:\/\/lucacastelli.com\/de\/wp-json\/wp\/v2\/product_cat?post=466257"},{"taxonomy":"product_tag","embeddable":true,"href":"https:\/\/lucacastelli.com\/de\/wp-json\/wp\/v2\/product_tag?post=466257"}],"curies":[{"name":"wp","href":"https:\/\/api.w.org\/{rel}","templated":true}]}}