{"id":466256,"date":"2025-05-31T22:32:21","date_gmt":"2025-05-31T20:32:21","guid":{"rendered":"https:\/\/lucacastelli.com\/prodotto\/imow-5\/"},"modified":"2025-05-31T22:32:21","modified_gmt":"2025-05-31T20:32:21","slug":"imow-5","status":"publish","type":"product","link":"https:\/\/lucacastelli.com\/de\/produkt\/imow-5\/","title":{"rendered":"iMOW 5"},"content":{"rendered":"<p>Mit dem STIHL M\u00e4hroboter iMOW\u00ae 5 lassen sich mittelgro\u00dfe Rasenfl\u00e4chen vollautomatisch pflegen. Der Rasenm\u00e4her wird mit einem leistungsstarken Lithium-Ionen-Akku betrieben, mit dem Sie lange Zeit ohne Unterbrechung arbeiten k\u00f6nnen. Mit 3 frei rotierenden Klingen des Disc-Cut-Systems wird dank der hohen S\u00e4geblattgeschwindigkeit ein sauberer Schnitt erzielt. Mithilfe von Ultraschallsensoren und einer kontrollierten Geschwindigkeit n\u00e4hert sich der Roboter sanft Hindernissen, indem er das Gras um das Objekt herum schneidet. Bei Kontakt \u00e4ndert der Roboter automatisch die Richtung. Intelligente Wendeman\u00f6ver unterst\u00fctzen das effektive Schneiden auf engstem Raum. Auf unebenem Gel\u00e4nde wird die Geschwindigkeit dank der Neigungssensoren angepasst, so dass auch in diesem Fall ein einheitliches Ergebnis erzielt wird. Das Bedienfeld erm\u00f6glicht eine einfache Bedienung; mit nur wenigen Tasten. Zus\u00e4tzlich wird die intuitive Steuerung durch Sprachausgabe unterst\u00fctzt. \u00dcber die LED-Heckleiste wird der aktuelle Status Ihres Roboterroboters angezeigt, w\u00e4hrend die vordere das Tagfahrlicht in 3 verschiedenen Modi aktiviert. Sie k\u00f6nnen Ihren M\u00e4hroboter steuern; jederzeit \u00fcber Bluetooth\u00ae oder WLAN mit der MY iMOW\u00ae App.\/p<br \/>\n886661496648<\/p>\n<p>AAI-Batteriesystem<br \/>\nGer\u00e4tegewicht Ger\u00e4tegewicht<\/p>\n<p>Max. Neigung Max.<br \/>\n Steigung Schnittbreite 28<br \/>\nSchnitth\u00f6he min 20<\/p>\n","protected":false},"excerpt":{"rendered":"<p>iMOW 5<\/p>\n","protected":false},"featured_media":422583,"template":"","meta":{"_seopress_robots_primary_cat":"","_seopress_titles_title":"","_seopress_titles_desc":"","_seopress_robots_index":""},"product_brand":[3366],"product_cat":[29,262,278],"product_tag":[3265],"class_list":{"0":"post-466256","1":"product","2":"type-product","3":"status-publish","4":"has-post-thumbnail","6":"product_brand-stihl","7":"product_cat-macchinari","8":"product_cat-tosaerba-e-robot","9":"product_cat-robot-tosaerba","10":"product_tag-import-stihl","11":"sws-gruppo-macchinari-de","12":"sws-conto-ricavi-merci-rivendita-macchinari-de","13":"sws-gruppo-iva-iva81-de","15":"first","16":"onbackorder","17":"purchasable","18":"product-type-simple"},"_links":{"self":[{"href":"https:\/\/lucacastelli.com\/de\/wp-json\/wp\/v2\/product\/466256","targetHints":{"allow":["GET"]}}],"collection":[{"href":"https:\/\/lucacastelli.com\/de\/wp-json\/wp\/v2\/product"}],"about":[{"href":"https:\/\/lucacastelli.com\/de\/wp-json\/wp\/v2\/types\/product"}],"wp:featuredmedia":[{"embeddable":true,"href":"https:\/\/lucacastelli.com\/de\/wp-json\/wp\/v2\/media\/422583"}],"wp:attachment":[{"href":"https:\/\/lucacastelli.com\/de\/wp-json\/wp\/v2\/media?parent=466256"}],"wp:term":[{"taxonomy":"product_brand","embeddable":true,"href":"https:\/\/lucacastelli.com\/de\/wp-json\/wp\/v2\/product_brand?post=466256"},{"taxonomy":"product_cat","embeddable":true,"href":"https:\/\/lucacastelli.com\/de\/wp-json\/wp\/v2\/product_cat?post=466256"},{"taxonomy":"product_tag","embeddable":true,"href":"https:\/\/lucacastelli.com\/de\/wp-json\/wp\/v2\/product_tag?post=466256"}],"curies":[{"name":"wp","href":"https:\/\/api.w.org\/{rel}","templated":true}]}}