{"id":466252,"date":"2025-05-31T22:32:23","date_gmt":"2025-05-31T20:32:23","guid":{"rendered":"https:\/\/lucacastelli.com\/prodotto\/imow-5-evo\/"},"modified":"2025-05-31T22:32:23","modified_gmt":"2025-05-31T20:32:23","slug":"imow-5-evo","status":"publish","type":"product","link":"https:\/\/lucacastelli.com\/de\/produkt\/imow-5-evo\/","title":{"rendered":"iMOW 5 EVO"},"content":{"rendered":"<p>Der STIHL iMOW\u00ae 5 EVO M\u00e4hroboter unterst\u00fctzt Sie vollautomatisch bei der Pflege von mittelgro\u00dfen Rasenfl\u00e4chen im privaten Bereich. Angetrieben von einem leistungsstarken Lithium-Ionen-Akku erzielen die 3 frei rotierenden Messer des Disc-Cut-Systems aufgrund der hohen S\u00e4gegeschwindigkeit einen sauberen Schnitt in k\u00fcrzeren Einsatzzeiten als bei der STIHL iMOW\u00ae 5. Mit dem M\u00e4hroboter k\u00f6nnen Sie zum Beispiel an H\u00e4ngen m\u00e4hen und gleichzeitig mulchen. Das Gras wird zerkleinert, so dass es direkt als D\u00fcnger f\u00fcr den Rasen wiederverwendet werden kann. Dank des zuverl\u00e4ssigen Handlings des Roboters iMOW\u00ae 5 EVO k\u00f6nnen Rasenfl\u00e4chen von bis zu 1.500 m\u00b2 und Bodenneigungen von bis zu 45 % effizient bewirtschaftet werden. Mit dem optionalen Upgrade Kit kann Ihr iMOW\u00ae auch an Steigungen von bis zu 60 % arbeiten. Ultraschallsensoren und eine geregelte Geschwindigkeit erm\u00f6glichen eine sanfte Ann\u00e4herung an Hindernisse, so dass der Rasen nah am Objekt gem\u00e4ht wird und der STIHL iMOW\u00ae 5 EVO bei Kontakt automatisch die Richtung \u00e4ndert. Intelligente Wendeman\u00f6ver erm\u00f6glichen es Ihnen, auf engstem Raum zu schneiden. Mit Hilfe von Neigungssensoren wird die Geschwindigkeit auf unebenem Gel\u00e4nde angepasst. Das Bedienfeld erm\u00f6glicht eine einfache Bedienung mit nur wenigen Tasten. Alsonbsp; Die intuitive Steuerung wird \u00fcber die Sprachausgabe unterst\u00fctzt. Die Anzeige des aktuellen Status erfolgt \u00fcber die LED-R\u00fcckleiste und die LED-Matrix-Lichtmuster an der Oberseite. Die LED-Frontleiste bietet Tagfahrlicht in 3 verschiedenen Modi. Du kannst deinen M\u00e4hroboter iMOW\u00ae 5 Evo jederzeit \u00fcber Bluetooth\u00ae, WLAN oder, wenn sich dein Roboter au\u00dferhalb deines Wohnbereichs bewegt, \u00fcber Mobilfunk mit der MY iMOW\u00ae App steuern. \u00dcber die App k\u00f6nnen Sie die Schnitth\u00f6he auch individuell in verschiedenen Stufen anpassen. Im Schnittplan k\u00f6nnen Sie die Zeitfenster f\u00fcr Wochenpl\u00e4ne festlegen, in denen Ihr iMOW\u00ae 5 EVO von STIHL selbstst\u00e4ndig aktiv ist. Bei Bedarf k\u00f6nnen Sie Ihren Roboter auch manuell starten. Mit Hilfe des Regensensors k\u00f6nnen Sie individuell einstellen, ob gearbeitet oder pausiert werden soll. Die Dockingstation dient als Basis f\u00fcr das Aufladen; STIHL iMOW\u00ae M\u00e4hroboter erf\u00fcllen alle Sicherheitsstandards, sind aber kein Spielzeug: Wenn der Roboter aktiv ist, halten Sie Kinder, Zuschauer und Tiere vom Arbeitsbereich fern.<br \/>\n886661676965<\/p>\n<p>AAI-Batteriesystem<br \/>\nGer\u00e4tegewicht Ger\u00e4tegewicht<\/p>\n<p>Maximale Steigung Maximale<br \/>\nSteigung Maximale Neigung mit Kit f\u00fcr absch\u00fcssiges Gel\u00e4nde 55<br \/>\nSchnittbreite 28<\/p>\n","protected":false},"excerpt":{"rendered":"<p>iMOW 5 EVO<\/p>\n","protected":false},"featured_media":422595,"template":"","meta":{"_seopress_robots_primary_cat":"","_seopress_titles_title":"","_seopress_titles_desc":"","_seopress_robots_index":""},"product_brand":[3366],"product_cat":[29,262,278],"product_tag":[3265],"class_list":{"0":"post-466252","1":"product","2":"type-product","3":"status-publish","4":"has-post-thumbnail","6":"product_brand-stihl","7":"product_cat-macchinari","8":"product_cat-tosaerba-e-robot","9":"product_cat-robot-tosaerba","10":"product_tag-import-stihl","11":"sws-gruppo-macchinari-de","12":"sws-conto-ricavi-merci-rivendita-macchinari-de","13":"sws-gruppo-iva-iva81-de","15":"first","16":"onbackorder","17":"purchasable","18":"product-type-simple"},"_links":{"self":[{"href":"https:\/\/lucacastelli.com\/de\/wp-json\/wp\/v2\/product\/466252","targetHints":{"allow":["GET"]}}],"collection":[{"href":"https:\/\/lucacastelli.com\/de\/wp-json\/wp\/v2\/product"}],"about":[{"href":"https:\/\/lucacastelli.com\/de\/wp-json\/wp\/v2\/types\/product"}],"wp:featuredmedia":[{"embeddable":true,"href":"https:\/\/lucacastelli.com\/de\/wp-json\/wp\/v2\/media\/422595"}],"wp:attachment":[{"href":"https:\/\/lucacastelli.com\/de\/wp-json\/wp\/v2\/media?parent=466252"}],"wp:term":[{"taxonomy":"product_brand","embeddable":true,"href":"https:\/\/lucacastelli.com\/de\/wp-json\/wp\/v2\/product_brand?post=466252"},{"taxonomy":"product_cat","embeddable":true,"href":"https:\/\/lucacastelli.com\/de\/wp-json\/wp\/v2\/product_cat?post=466252"},{"taxonomy":"product_tag","embeddable":true,"href":"https:\/\/lucacastelli.com\/de\/wp-json\/wp\/v2\/product_tag?post=466252"}],"curies":[{"name":"wp","href":"https:\/\/api.w.org\/{rel}","templated":true}]}}