{"id":466250,"date":"2025-05-31T22:31:10","date_gmt":"2025-05-31T20:31:10","guid":{"rendered":"https:\/\/lucacastelli.com\/prodotto\/rma-765-v-ohne-akku-ladegeraet\/"},"modified":"2025-07-17T11:18:12","modified_gmt":"2025-07-17T09:18:12","slug":"rma-765-v-ohne-akku-ladegeraet","status":"publish","type":"product","link":"https:\/\/lucacastelli.com\/de\/produkt\/rma-765-v-ohne-akku-ladegeraet\/","title":{"rendered":"STIHL RMA 765 V, ohne Akku + Ladeger\u00e4t"},"content":{"rendered":"<p>Der Profi-Rasenm\u00e4her STIHL RMA 765 V ist ideal f\u00fcr gro\u00dfe Fl\u00e4chen geeignet. Ausgestattet mit dem akku PRO line System dienen die Batterien als Energiequelle des Elektromotors. Das M\u00e4hwerk verf\u00fcgt \u00fcber ein robustes Hybridgeh\u00e4use und einen Vario-Elektroantrieb f\u00fcr eine flexible Drehzahlregelung. Die Vorderr\u00e4der erleichtern das Man\u00f6vrieren der Maschine. Der Lenker ist h\u00f6henverstellbar und klappbar. Um einen effektiven Schnitt zu gew\u00e4hrleisten, ist ein 2-Messer-Ger\u00e4t mit einer Breite von 63 cm zu verwenden. Der STIHL Rasenm\u00e4her RMA 765 V verf\u00fcgt \u00fcber einen Grasfangkorb mit einem Fassungsverm\u00f6gen von 80 Litern und einen Heckauswurf des Schnittguts. Optionales Mulchkit als Zubeh\u00f6r. Gewicht 44 Kg, ohne Batterie\/p<br \/>\n886661439607       <\/p>\n<p>Nennleistung 1500<br \/>\nBatteriesystem Batteriesystem<\/p>\n<p>Getriebe Getriebegewicht<br \/>\n44.0<br \/>\nSchnittbreite 63<\/p>\n","protected":false},"excerpt":{"rendered":"<p>RMA 765 V, ohne Akku + Ladeger\u00e4t<\/p>\n","protected":false},"featured_media":422387,"template":"","meta":{"_seopress_robots_primary_cat":"","_seopress_titles_title":"","_seopress_titles_desc":"","_seopress_robots_index":""},"product_brand":[3366],"product_cat":[29,262,488],"product_tag":[3265],"class_list":{"0":"post-466250","1":"product","2":"type-product","3":"status-publish","4":"has-post-thumbnail","6":"product_brand-stihl","7":"product_cat-macchinari","8":"product_cat-tosaerba-e-robot","9":"product_cat-tosaerba-a-batteria","10":"product_tag-import-stihl","11":"sws-gruppo-macchinari-de","12":"sws-conto-ricavi-merci-rivendita-macchinari-de","13":"sws-gruppo-iva-iva81-de","15":"first","16":"onbackorder","17":"purchasable","18":"product-type-simple"},"_links":{"self":[{"href":"https:\/\/lucacastelli.com\/de\/wp-json\/wp\/v2\/product\/466250","targetHints":{"allow":["GET"]}}],"collection":[{"href":"https:\/\/lucacastelli.com\/de\/wp-json\/wp\/v2\/product"}],"about":[{"href":"https:\/\/lucacastelli.com\/de\/wp-json\/wp\/v2\/types\/product"}],"wp:featuredmedia":[{"embeddable":true,"href":"https:\/\/lucacastelli.com\/de\/wp-json\/wp\/v2\/media\/422387"}],"wp:attachment":[{"href":"https:\/\/lucacastelli.com\/de\/wp-json\/wp\/v2\/media?parent=466250"}],"wp:term":[{"taxonomy":"product_brand","embeddable":true,"href":"https:\/\/lucacastelli.com\/de\/wp-json\/wp\/v2\/product_brand?post=466250"},{"taxonomy":"product_cat","embeddable":true,"href":"https:\/\/lucacastelli.com\/de\/wp-json\/wp\/v2\/product_cat?post=466250"},{"taxonomy":"product_tag","embeddable":true,"href":"https:\/\/lucacastelli.com\/de\/wp-json\/wp\/v2\/product_tag?post=466250"}],"curies":[{"name":"wp","href":"https:\/\/api.w.org\/{rel}","templated":true}]}}