{"id":466247,"date":"2025-05-31T22:31:02","date_gmt":"2025-05-31T20:31:02","guid":{"rendered":"https:\/\/lucacastelli.com\/prodotto\/rm-756-yc\/"},"modified":"2025-06-29T13:35:39","modified_gmt":"2025-06-29T11:35:39","slug":"rm-756-yc","status":"publish","type":"product","link":"https:\/\/lucacastelli.com\/de\/produkt\/rm-756-yc\/","title":{"rendered":"STIHL RM 756 YC"},"content":{"rendered":"<p>Besonders leistungsstarker Hochleistungs-Benzin-Rasenm\u00e4her mit 54 cm Schnittbreite f\u00fcr gro\u00dfe Fl\u00e4chen. Brems-Kupplungsblatt, Schnitth\u00f6henverstellung f\u00fcr jedes Rad, komfortabler Eingriff-Lenker mit superweichem Griff und hydrostatischem Getriebe f\u00fcr komfortables und effizientes Arbeiten. 80 Liter Grasfangkorb mit F\u00fcllstandsanzeige im Lieferumfang enthalten.<br \/>\n886661758654  <\/p>\n<p>Hubraum 179<br \/>\nGetriebe Getriebe<\/p>\n<p>Motortyp Motor CO2<br \/>\n1068<br \/>\nGewicht 61.0<\/p>\n","protected":false},"excerpt":{"rendered":"<p>RM 756 YC<\/p>\n","protected":false},"featured_media":422371,"template":"","meta":{"_seopress_robots_primary_cat":"","_seopress_titles_title":"","_seopress_titles_desc":"","_seopress_robots_index":""},"product_brand":[3554],"product_cat":[169,1666,1656],"product_tag":[3266],"class_list":{"0":"post-466247","1":"product","2":"type-product","3":"status-publish","4":"has-post-thumbnail","6":"product_brand-stihl-de","7":"product_cat-maschinen","8":"product_cat-motor-rasenmaher","9":"product_cat-rasenmaher-und-roboter","10":"product_tag-import-stihl-de","11":"sws-gruppo-macchinari-de","12":"sws-conto-ricavi-merci-rivendita-macchinari-de","13":"sws-gruppo-iva-iva81-de","15":"first","16":"onbackorder","17":"purchasable","18":"product-type-simple"},"_links":{"self":[{"href":"https:\/\/lucacastelli.com\/de\/wp-json\/wp\/v2\/product\/466247","targetHints":{"allow":["GET"]}}],"collection":[{"href":"https:\/\/lucacastelli.com\/de\/wp-json\/wp\/v2\/product"}],"about":[{"href":"https:\/\/lucacastelli.com\/de\/wp-json\/wp\/v2\/types\/product"}],"wp:featuredmedia":[{"embeddable":true,"href":"https:\/\/lucacastelli.com\/de\/wp-json\/wp\/v2\/media\/422371"}],"wp:attachment":[{"href":"https:\/\/lucacastelli.com\/de\/wp-json\/wp\/v2\/media?parent=466247"}],"wp:term":[{"taxonomy":"product_brand","embeddable":true,"href":"https:\/\/lucacastelli.com\/de\/wp-json\/wp\/v2\/product_brand?post=466247"},{"taxonomy":"product_cat","embeddable":true,"href":"https:\/\/lucacastelli.com\/de\/wp-json\/wp\/v2\/product_cat?post=466247"},{"taxonomy":"product_tag","embeddable":true,"href":"https:\/\/lucacastelli.com\/de\/wp-json\/wp\/v2\/product_tag?post=466247"}],"curies":[{"name":"wp","href":"https:\/\/api.w.org\/{rel}","templated":true}]}}