{"id":466244,"date":"2025-05-31T22:31:06","date_gmt":"2025-05-31T20:31:06","guid":{"rendered":"https:\/\/lucacastelli.com\/prodotto\/rm-4-rtp\/"},"modified":"2025-06-29T13:35:51","modified_gmt":"2025-06-29T11:35:51","slug":"rm-4-rtp","status":"publish","type":"product","link":"https:\/\/lucacastelli.com\/de\/produkt\/rm-4-rtp\/","title":{"rendered":"STIHL RM 4 RTP"},"content":{"rendered":"<p>Leistungsstarker, robuster und robuster Benzin-Mulchrasenm\u00e4her mit 53 cm Schnittbreite f\u00fcr gro\u00dfe Fl\u00e4chen. Leistungsstarker Motor mit geringen Emissionen. Die zentrale Schnitth\u00f6henverstellung, der superweiche Griff und die Traktion auf den 1-Gang-R\u00e4dern erm\u00f6glichen Ihnen das Arbeiten; bequem. Einfacher Transport dank des klappbaren Lenkers.<br \/>\n886661758357   <\/p>\n<p>Hubraum 173<br \/>\nGetriebe Getriebe<\/p>\n<p>Motortyp Motortyp<br \/>\nCO2 725<br \/>\nGewicht 44.0<\/p>\n","protected":false},"excerpt":{"rendered":"<p>RM 4 RTP<\/p>\n","protected":false},"featured_media":422379,"template":"","meta":{"_seopress_robots_primary_cat":"none","_seopress_titles_title":"","_seopress_titles_desc":"","_seopress_robots_index":""},"product_brand":[3554],"product_cat":[169,1666,1656],"product_tag":[3266],"class_list":{"0":"post-466244","1":"product","2":"type-product","3":"status-publish","4":"has-post-thumbnail","6":"product_brand-stihl-de","7":"product_cat-maschinen","8":"product_cat-motor-rasenmaher","9":"product_cat-rasenmaher-und-roboter","10":"product_tag-import-stihl-de","11":"sws-gruppo-macchinari-de","12":"sws-conto-ricavi-merci-rivendita-macchinari-de","13":"sws-gruppo-iva-iva81-de","15":"first","16":"onbackorder","17":"purchasable","18":"product-type-simple"},"_links":{"self":[{"href":"https:\/\/lucacastelli.com\/de\/wp-json\/wp\/v2\/product\/466244","targetHints":{"allow":["GET"]}}],"collection":[{"href":"https:\/\/lucacastelli.com\/de\/wp-json\/wp\/v2\/product"}],"about":[{"href":"https:\/\/lucacastelli.com\/de\/wp-json\/wp\/v2\/types\/product"}],"wp:featuredmedia":[{"embeddable":true,"href":"https:\/\/lucacastelli.com\/de\/wp-json\/wp\/v2\/media\/422379"}],"wp:attachment":[{"href":"https:\/\/lucacastelli.com\/de\/wp-json\/wp\/v2\/media?parent=466244"}],"wp:term":[{"taxonomy":"product_brand","embeddable":true,"href":"https:\/\/lucacastelli.com\/de\/wp-json\/wp\/v2\/product_brand?post=466244"},{"taxonomy":"product_cat","embeddable":true,"href":"https:\/\/lucacastelli.com\/de\/wp-json\/wp\/v2\/product_cat?post=466244"},{"taxonomy":"product_tag","embeddable":true,"href":"https:\/\/lucacastelli.com\/de\/wp-json\/wp\/v2\/product_tag?post=466244"}],"curies":[{"name":"wp","href":"https:\/\/api.w.org\/{rel}","templated":true}]}}