{"id":466240,"date":"2025-05-31T22:30:43","date_gmt":"2025-05-31T20:30:43","guid":{"rendered":"https:\/\/lucacastelli.com\/prodotto\/rm-655-v\/"},"modified":"2025-06-29T13:35:21","modified_gmt":"2025-06-29T11:35:21","slug":"rm-655-v","status":"publish","type":"product","link":"https:\/\/lucacastelli.com\/de\/produkt\/rm-655-v\/","title":{"rendered":"STIHL RM 655 V"},"content":{"rendered":"<p>Leistungsstarker Benzin-Rasenm\u00e4her mit 53 cm Schnittbreite f\u00fcr gro\u00dfe Fl\u00e4chen. Multifunktionsmesser zum Schneiden, Ernten und Mulchen. Brems-Kupplungs-Klinge, zentrale Schnitth\u00f6henverstellung, Komfort-Eingriff-Lenker mit superweichem<br \/>\nGriff und Vario-Getriebe f\u00fcr komfortables und<br \/>\neffizientes Arbeiten. Klappbarer 70 Liter Grasfangkorb mit<br \/>\nF\u00fcllstandsanzeige im Lieferumfang enthalten.<br \/>\n886661758272   <\/p>\n<p>Hubraum 173<br \/>\nGetriebe Getriebe<\/p>\n<p>Motortyp Motortyp<br \/>\nCO2 725<br \/>\nGewicht 46.0<\/p>\n","protected":false},"excerpt":{"rendered":"<p>RM 655 V<\/p>\n","protected":false},"featured_media":422327,"template":"","meta":{"_seopress_robots_primary_cat":"","_seopress_titles_title":"","_seopress_titles_desc":"","_seopress_robots_index":""},"product_brand":[3366],"product_cat":[29,262,279],"product_tag":[3265],"class_list":{"0":"post-466240","1":"product","2":"type-product","3":"status-publish","4":"has-post-thumbnail","6":"product_brand-stihl","7":"product_cat-macchinari","8":"product_cat-tosaerba-e-robot","9":"product_cat-tosaerba-a-motore","10":"product_tag-import-stihl","11":"sws-gruppo-macchinari-de","12":"sws-conto-ricavi-merci-rivendita-macchinari-de","13":"sws-gruppo-iva-iva81-de","15":"first","16":"onbackorder","17":"purchasable","18":"product-type-simple"},"_links":{"self":[{"href":"https:\/\/lucacastelli.com\/de\/wp-json\/wp\/v2\/product\/466240","targetHints":{"allow":["GET"]}}],"collection":[{"href":"https:\/\/lucacastelli.com\/de\/wp-json\/wp\/v2\/product"}],"about":[{"href":"https:\/\/lucacastelli.com\/de\/wp-json\/wp\/v2\/types\/product"}],"wp:featuredmedia":[{"embeddable":true,"href":"https:\/\/lucacastelli.com\/de\/wp-json\/wp\/v2\/media\/422327"}],"wp:attachment":[{"href":"https:\/\/lucacastelli.com\/de\/wp-json\/wp\/v2\/media?parent=466240"}],"wp:term":[{"taxonomy":"product_brand","embeddable":true,"href":"https:\/\/lucacastelli.com\/de\/wp-json\/wp\/v2\/product_brand?post=466240"},{"taxonomy":"product_cat","embeddable":true,"href":"https:\/\/lucacastelli.com\/de\/wp-json\/wp\/v2\/product_cat?post=466240"},{"taxonomy":"product_tag","embeddable":true,"href":"https:\/\/lucacastelli.com\/de\/wp-json\/wp\/v2\/product_tag?post=466240"}],"curies":[{"name":"wp","href":"https:\/\/api.w.org\/{rel}","templated":true}]}}