{"id":466207,"date":"2025-05-31T22:28:25","date_gmt":"2025-05-31T20:28:25","guid":{"rendered":"https:\/\/lucacastelli.com\/prodotto\/amk-043\/"},"modified":"2025-07-08T11:15:46","modified_gmt":"2025-07-08T09:15:46","slug":"amk-043","status":"publish","type":"product","link":"https:\/\/lucacastelli.com\/de\/produkt\/amk-043\/","title":{"rendered":"STIHL AMK 043"},"content":{"rendered":"<p>Mulch-Set (Multifunktionsmesser und Mulcheinsatz), geeignet f\u00fcr alle Modelle mit einer Schnittbreite von 41 cm, au\u00dfer den Akku-Rasenm\u00e4hern RMA 443 VC (6338 011 1430) und RMA 443 PV (6338 011 1435).<br \/>\n886661412754<\/p>\n","protected":false},"excerpt":{"rendered":"<p>AMK 043<\/p>\n","protected":false},"featured_media":422267,"template":"","meta":{"_seopress_robots_primary_cat":"","_seopress_titles_title":"","_seopress_titles_desc":"","_seopress_robots_index":""},"product_brand":[3554],"product_cat":[169,1656,1694,1455],"product_tag":[3266],"class_list":{"0":"post-466207","1":"product","2":"type-product","3":"status-publish","4":"has-post-thumbnail","6":"product_brand-stihl-de","7":"product_cat-maschinen","8":"product_cat-rasenmaher-und-roboter","9":"product_cat-rasentraktoren","10":"product_cat-zubehor-und-verbrauchsmaterial-de","11":"product_tag-import-stihl-de","12":"sws-gruppo-macchinari-de","13":"sws-conto-ricavi-merci-rivendita-macchinari-de","14":"sws-gruppo-iva-iva81-de","16":"first","17":"onbackorder","18":"purchasable","19":"product-type-simple"},"_links":{"self":[{"href":"https:\/\/lucacastelli.com\/de\/wp-json\/wp\/v2\/product\/466207","targetHints":{"allow":["GET"]}}],"collection":[{"href":"https:\/\/lucacastelli.com\/de\/wp-json\/wp\/v2\/product"}],"about":[{"href":"https:\/\/lucacastelli.com\/de\/wp-json\/wp\/v2\/types\/product"}],"wp:featuredmedia":[{"embeddable":true,"href":"https:\/\/lucacastelli.com\/de\/wp-json\/wp\/v2\/media\/422267"}],"wp:attachment":[{"href":"https:\/\/lucacastelli.com\/de\/wp-json\/wp\/v2\/media?parent=466207"}],"wp:term":[{"taxonomy":"product_brand","embeddable":true,"href":"https:\/\/lucacastelli.com\/de\/wp-json\/wp\/v2\/product_brand?post=466207"},{"taxonomy":"product_cat","embeddable":true,"href":"https:\/\/lucacastelli.com\/de\/wp-json\/wp\/v2\/product_cat?post=466207"},{"taxonomy":"product_tag","embeddable":true,"href":"https:\/\/lucacastelli.com\/de\/wp-json\/wp\/v2\/product_tag?post=466207"}],"curies":[{"name":"wp","href":"https:\/\/api.w.org\/{rel}","templated":true}]}}