{"id":466193,"date":"2025-05-31T22:27:44","date_gmt":"2025-05-31T20:27:44","guid":{"rendered":"https:\/\/lucacastelli.com\/prodotto\/rm-650-ve\/"},"modified":"2025-06-29T13:49:16","modified_gmt":"2025-06-29T11:49:16","slug":"rm-650-ve","status":"publish","type":"product","link":"https:\/\/lucacastelli.com\/de\/produkt\/rm-650-ve\/","title":{"rendered":"STIHL RM 650 VE"},"content":{"rendered":"<p>Leistungsstarker Benzin-Rasenm\u00e4her mit 48 cm Schnittbreite f\u00fcr gro\u00dfe Fl\u00e4chen. Multifunktionsmesser zum Schneiden, Ernten und Mulchen. Zentrale Schnitth\u00f6henverstellung, Komfort-Einhandlenker mit superweichem Griff und Vario-Getriebe f\u00fcr komfortables und effizientes Arbeiten. Motor mit Elektrostartfunktion.<br \/>\nKlappbarer 70 Liter Grasfangkorb mit F\u00fcllstandsanzeige<br \/>\nim Lieferumfang enthalten.<br \/>\n886661601202   <\/p>\n<p>Hubraum 166<br \/>\nGetriebe Getriebe<\/p>\n<p>Motortyp Motortyp<br \/>\nCO2 922<br \/>\nGewicht 43.0<\/p>\n","protected":false},"excerpt":{"rendered":"<p>RM 650 VE<\/p>\n","protected":false},"featured_media":422237,"template":"","meta":{"_seopress_robots_primary_cat":"","_seopress_titles_title":"","_seopress_titles_desc":"","_seopress_robots_index":""},"product_brand":[3554],"product_cat":[169,1656,1666],"product_tag":[3266],"class_list":{"0":"post-466193","1":"product","2":"type-product","3":"status-publish","4":"has-post-thumbnail","6":"product_brand-stihl-de","7":"product_cat-maschinen","8":"product_cat-rasenmaher-und-roboter","9":"product_cat-motor-rasenmaher","10":"product_tag-import-stihl-de","11":"sws-gruppo-macchinari-de","12":"sws-conto-ricavi-merci-rivendita-macchinari-de","13":"sws-gruppo-iva-iva81-de","15":"first","16":"onbackorder","17":"purchasable","18":"product-type-simple"},"_links":{"self":[{"href":"https:\/\/lucacastelli.com\/de\/wp-json\/wp\/v2\/product\/466193","targetHints":{"allow":["GET"]}}],"collection":[{"href":"https:\/\/lucacastelli.com\/de\/wp-json\/wp\/v2\/product"}],"about":[{"href":"https:\/\/lucacastelli.com\/de\/wp-json\/wp\/v2\/types\/product"}],"wp:featuredmedia":[{"embeddable":true,"href":"https:\/\/lucacastelli.com\/de\/wp-json\/wp\/v2\/media\/422237"}],"wp:attachment":[{"href":"https:\/\/lucacastelli.com\/de\/wp-json\/wp\/v2\/media?parent=466193"}],"wp:term":[{"taxonomy":"product_brand","embeddable":true,"href":"https:\/\/lucacastelli.com\/de\/wp-json\/wp\/v2\/product_brand?post=466193"},{"taxonomy":"product_cat","embeddable":true,"href":"https:\/\/lucacastelli.com\/de\/wp-json\/wp\/v2\/product_cat?post=466193"},{"taxonomy":"product_tag","embeddable":true,"href":"https:\/\/lucacastelli.com\/de\/wp-json\/wp\/v2\/product_tag?post=466193"}],"curies":[{"name":"wp","href":"https:\/\/api.w.org\/{rel}","templated":true}]}}