{"id":466182,"date":"2025-05-31T22:26:46","date_gmt":"2025-05-31T20:26:46","guid":{"rendered":"https:\/\/lucacastelli.com\/prodotto\/rm-3-rt\/"},"modified":"2025-06-29T13:48:42","modified_gmt":"2025-06-29T11:48:42","slug":"rm-3-rt","status":"publish","type":"product","link":"https:\/\/lucacastelli.com\/de\/produkt\/rm-3-rt\/","title":{"rendered":"STIHL RM 3 RT"},"content":{"rendered":"<p>Besonders wendiger und leistungsstarker Multifunktions-Rasenm\u00e4her mit Seitenauswurf und 48 cm Schnittbreite f\u00fcr gro\u00dfe Rasenfl\u00e4chen. Dreir\u00e4drige Struktur mit schwenkbarem Vorderrad. Schnitth\u00f6henverstellung f\u00fcr jedes Vorderrad, hintere axiale Verstellung. Der superweiche Griff und die Traktion auf den 1-Gang-R\u00e4dern erm\u00f6glichen ein komfortables Arbeiten. Einfacher Transport dank QuickFix-Schnellspannhebeln und klappbarem Lenker.<br \/>\n886661643578    <\/p>\n<p>Hubraum 166<br \/>\nGetriebe Getriebe<\/p>\n<p>Motortyp CO2 Motor<br \/>\nTyp 922<br \/>\nGewicht 31.0<\/p>\n","protected":false},"excerpt":{"rendered":"<p>RM 3 RT<\/p>\n","protected":false},"featured_media":422163,"template":"","meta":{"_seopress_robots_primary_cat":"","_seopress_titles_title":"","_seopress_titles_desc":"","_seopress_robots_index":""},"product_brand":[3554],"product_cat":[169,1666,1656],"product_tag":[3266],"class_list":{"0":"post-466182","1":"product","2":"type-product","3":"status-publish","4":"has-post-thumbnail","6":"product_brand-stihl-de","7":"product_cat-maschinen","8":"product_cat-motor-rasenmaher","9":"product_cat-rasenmaher-und-roboter","10":"product_tag-import-stihl-de","11":"sws-gruppo-macchinari-de","12":"sws-conto-ricavi-merci-rivendita-macchinari-de","13":"sws-gruppo-iva-iva81-de","15":"first","16":"onbackorder","17":"purchasable","18":"product-type-simple"},"_links":{"self":[{"href":"https:\/\/lucacastelli.com\/de\/wp-json\/wp\/v2\/product\/466182","targetHints":{"allow":["GET"]}}],"collection":[{"href":"https:\/\/lucacastelli.com\/de\/wp-json\/wp\/v2\/product"}],"about":[{"href":"https:\/\/lucacastelli.com\/de\/wp-json\/wp\/v2\/types\/product"}],"wp:featuredmedia":[{"embeddable":true,"href":"https:\/\/lucacastelli.com\/de\/wp-json\/wp\/v2\/media\/422163"}],"wp:attachment":[{"href":"https:\/\/lucacastelli.com\/de\/wp-json\/wp\/v2\/media?parent=466182"}],"wp:term":[{"taxonomy":"product_brand","embeddable":true,"href":"https:\/\/lucacastelli.com\/de\/wp-json\/wp\/v2\/product_brand?post=466182"},{"taxonomy":"product_cat","embeddable":true,"href":"https:\/\/lucacastelli.com\/de\/wp-json\/wp\/v2\/product_cat?post=466182"},{"taxonomy":"product_tag","embeddable":true,"href":"https:\/\/lucacastelli.com\/de\/wp-json\/wp\/v2\/product_tag?post=466182"}],"curies":[{"name":"wp","href":"https:\/\/api.w.org\/{rel}","templated":true}]}}