{"id":466174,"date":"2025-05-31T22:24:56","date_gmt":"2025-05-31T20:24:56","guid":{"rendered":"https:\/\/lucacastelli.com\/prodotto\/amk-097\/"},"modified":"2026-04-07T15:28:41","modified_gmt":"2026-04-07T13:28:41","slug":"amk-097","status":"publish","type":"product","link":"https:\/\/lucacastelli.com\/de\/produkt\/amk-097\/","title":{"rendered":"STIHL AMK 097"},"content":{"rendered":"<p>Mulcheinsatz f\u00fcr eine Schnittbreite von 95 cm, f\u00fcr ausgew\u00e4hlte Modelle<br \/>\nder Serie T5<br \/>\n886661782697<\/p>\n","protected":false},"excerpt":{"rendered":"<p>AMK 097<\/p>\n","protected":false},"featured_media":422098,"template":"","meta":{"_seopress_robots_primary_cat":"","_seopress_titles_title":"","_seopress_titles_desc":"","_seopress_robots_index":""},"product_brand":[3366],"product_cat":[29,262,487],"product_tag":[3265],"class_list":{"0":"post-466174","1":"product","2":"type-product","3":"status-publish","4":"has-post-thumbnail","6":"product_brand-stihl","7":"product_cat-macchinari","8":"product_cat-tosaerba-e-robot","9":"product_cat-trattorini-tosaerba","10":"product_tag-import-stihl","11":"sws-gruppo-macchinari","12":"sws-conto-ricavi-merci-rivendita-macchinari","13":"sws-gruppo-iva-iva81","15":"first","16":"onbackorder","17":"purchasable","18":"product-type-simple"},"_links":{"self":[{"href":"https:\/\/lucacastelli.com\/de\/wp-json\/wp\/v2\/product\/466174","targetHints":{"allow":["GET"]}}],"collection":[{"href":"https:\/\/lucacastelli.com\/de\/wp-json\/wp\/v2\/product"}],"about":[{"href":"https:\/\/lucacastelli.com\/de\/wp-json\/wp\/v2\/types\/product"}],"wp:featuredmedia":[{"embeddable":true,"href":"https:\/\/lucacastelli.com\/de\/wp-json\/wp\/v2\/media\/422098"}],"wp:attachment":[{"href":"https:\/\/lucacastelli.com\/de\/wp-json\/wp\/v2\/media?parent=466174"}],"wp:term":[{"taxonomy":"product_brand","embeddable":true,"href":"https:\/\/lucacastelli.com\/de\/wp-json\/wp\/v2\/product_brand?post=466174"},{"taxonomy":"product_cat","embeddable":true,"href":"https:\/\/lucacastelli.com\/de\/wp-json\/wp\/v2\/product_cat?post=466174"},{"taxonomy":"product_tag","embeddable":true,"href":"https:\/\/lucacastelli.com\/de\/wp-json\/wp\/v2\/product_tag?post=466174"}],"curies":[{"name":"wp","href":"https:\/\/api.w.org\/{rel}","templated":true}]}}