{"id":466169,"date":"2025-05-31T22:23:48","date_gmt":"2025-05-31T20:23:48","guid":{"rendered":"https:\/\/lucacastelli.com\/prodotto\/rma-2-rv-ohne-akku-ladegeraet\/"},"modified":"2026-03-28T13:31:59","modified_gmt":"2026-03-28T12:31:59","slug":"rma-2-rv-ohne-akku-ladegeraet","status":"publish","type":"product","link":"https:\/\/lucacastelli.com\/de\/produkt\/rma-2-rv-ohne-akku-ladegeraet\/","title":{"rendered":"STIHL RMA 2 RV, ohne Akku + Ladeger\u00e4t"},"content":{"rendered":"<p>Der STIHL RMA 2 RV Mulchrasenm\u00e4her mit Vario-Getriebe kommt ohne Benzin und Kabel aus: Angetrieben wird er vom zuverl\u00e4ssigen AP-System, dessen hochwertige Lithium-Ionen-Akkus auch in STIHL Profiger\u00e4ten zum Einsatz kommen. Die Akkus haben genug Energie, um auch in mittelgro\u00dfen G\u00e4rten zu arbeiten. Als spezieller Mulchm\u00e4her erm\u00f6glicht der RMA 2 RV ein besonders schnelles Arbeiten. Fein geh\u00e4ckseltes Gras verbleibt als nat\u00fcrlicher D\u00fcnger in einem Arbeitsgang im Rasen. Das Entleeren des Grasfangkorbs ist somit nicht mehr notwendig. Der sparsame Eco-Modus sorgt zudem f\u00fcr noch mehr Effizienz. Mit den praktischen Quick-Fix Schnellspannern am Lenker l\u00e4sst sich der M\u00e4her nach dem Gebrauch einfach verstauen oder platzsparend transportieren.<br \/>\n886661011957<\/p>\n<p>Nennleistung 1050<br \/>\nBatteriesystem Batteriesystem<\/p>\n<p>Getriebe Getriebegewicht<br \/>\n23.0<br \/>\nSchnittbreite 46<\/p>\n","protected":false},"excerpt":{"rendered":"<p>RMA 2 RV, ohne Akku + Ladeger\u00e4t<\/p>\n","protected":false},"featured_media":422022,"template":"","meta":{"_seopress_robots_primary_cat":"","_seopress_titles_title":"","_seopress_titles_desc":"","_seopress_robots_index":""},"product_brand":[3554],"product_cat":[1665,169,1656],"product_tag":[3266],"class_list":{"0":"post-466169","1":"product","2":"type-product","3":"status-publish","4":"has-post-thumbnail","6":"product_brand-stihl-de","7":"product_cat-akku-rasenmaher","8":"product_cat-maschinen","9":"product_cat-rasenmaher-und-roboter","10":"product_tag-import-stihl-de","11":"sws-gruppo-macchinari-de","12":"sws-conto-ricavi-merci-rivendita-macchinari-de","13":"sws-gruppo-iva-iva81-de","15":"first","16":"onbackorder","17":"purchasable","18":"product-type-simple"},"_links":{"self":[{"href":"https:\/\/lucacastelli.com\/de\/wp-json\/wp\/v2\/product\/466169","targetHints":{"allow":["GET"]}}],"collection":[{"href":"https:\/\/lucacastelli.com\/de\/wp-json\/wp\/v2\/product"}],"about":[{"href":"https:\/\/lucacastelli.com\/de\/wp-json\/wp\/v2\/types\/product"}],"wp:featuredmedia":[{"embeddable":true,"href":"https:\/\/lucacastelli.com\/de\/wp-json\/wp\/v2\/media\/422022"}],"wp:attachment":[{"href":"https:\/\/lucacastelli.com\/de\/wp-json\/wp\/v2\/media?parent=466169"}],"wp:term":[{"taxonomy":"product_brand","embeddable":true,"href":"https:\/\/lucacastelli.com\/de\/wp-json\/wp\/v2\/product_brand?post=466169"},{"taxonomy":"product_cat","embeddable":true,"href":"https:\/\/lucacastelli.com\/de\/wp-json\/wp\/v2\/product_cat?post=466169"},{"taxonomy":"product_tag","embeddable":true,"href":"https:\/\/lucacastelli.com\/de\/wp-json\/wp\/v2\/product_tag?post=466169"}],"curies":[{"name":"wp","href":"https:\/\/api.w.org\/{rel}","templated":true}]}}