{"id":466164,"date":"2025-05-31T22:23:49","date_gmt":"2025-05-31T20:23:49","guid":{"rendered":"https:\/\/lucacastelli.com\/prodotto\/rma-2-rpv-ohne-akku-ladegeraet\/"},"modified":"2025-06-29T13:47:01","modified_gmt":"2025-06-29T11:47:01","slug":"rma-2-rpv-ohne-akku-ladegeraet","status":"publish","type":"product","link":"https:\/\/lucacastelli.com\/de\/produkt\/rma-2-rpv-ohne-akku-ladegeraet\/","title":{"rendered":"STIHL RMA 2 RPV, ohne Akku + Ladeger\u00e4t"},"content":{"rendered":"<p>Leichter und handlicher Akku-Mulchrasenm\u00e4her mit einer Schnittbreite von 46 cm f\u00fcr mittelgro\u00dfe Rasenfl\u00e4chen. Schnitth\u00f6henverstellung f\u00fcr jede Achse, Quick-Fix-Schnellspannhebel und klappbarer Lenker. Vario-Elektroantrieb f\u00fcr komfortables Arbeiten. Die maximale Arbeitsgeschwindigkeit l\u00e4sst sich mit einem Hebel am Lenker in sechs Stufen einstellen. Mit zwei aktiven Batteriesch\u00e4chten f\u00fcr Serienentladung.<br \/>\n886661011964    <\/p>\n<p>Nennleistung 1050<br \/>\nBatteriesystem Batteriesystem<\/p>\n<p>Getriebe Getriebegewicht<br \/>\n23.0<br \/>\nSchnittbreite 46<\/p>\n","protected":false},"excerpt":{"rendered":"<p>RMA 2 RPV, ohne Akku + Ladeger\u00e4t<\/p>\n","protected":false},"featured_media":422023,"template":"","meta":{"_seopress_robots_primary_cat":"","_seopress_titles_title":"","_seopress_titles_desc":"","_seopress_robots_index":""},"product_brand":[3554],"product_cat":[169,1656,1665],"product_tag":[3266],"class_list":{"0":"post-466164","1":"product","2":"type-product","3":"status-publish","4":"has-post-thumbnail","6":"product_brand-stihl-de","7":"product_cat-maschinen","8":"product_cat-rasenmaher-und-roboter","9":"product_cat-akku-rasenmaher","10":"product_tag-import-stihl-de","11":"sws-gruppo-macchinari-de","12":"sws-conto-ricavi-merci-rivendita-macchinari-de","13":"sws-gruppo-iva-iva81-de","15":"first","16":"onbackorder","17":"purchasable","18":"product-type-simple"},"_links":{"self":[{"href":"https:\/\/lucacastelli.com\/de\/wp-json\/wp\/v2\/product\/466164","targetHints":{"allow":["GET"]}}],"collection":[{"href":"https:\/\/lucacastelli.com\/de\/wp-json\/wp\/v2\/product"}],"about":[{"href":"https:\/\/lucacastelli.com\/de\/wp-json\/wp\/v2\/types\/product"}],"wp:featuredmedia":[{"embeddable":true,"href":"https:\/\/lucacastelli.com\/de\/wp-json\/wp\/v2\/media\/422023"}],"wp:attachment":[{"href":"https:\/\/lucacastelli.com\/de\/wp-json\/wp\/v2\/media?parent=466164"}],"wp:term":[{"taxonomy":"product_brand","embeddable":true,"href":"https:\/\/lucacastelli.com\/de\/wp-json\/wp\/v2\/product_brand?post=466164"},{"taxonomy":"product_cat","embeddable":true,"href":"https:\/\/lucacastelli.com\/de\/wp-json\/wp\/v2\/product_cat?post=466164"},{"taxonomy":"product_tag","embeddable":true,"href":"https:\/\/lucacastelli.com\/de\/wp-json\/wp\/v2\/product_tag?post=466164"}],"curies":[{"name":"wp","href":"https:\/\/api.w.org\/{rel}","templated":true}]}}