{"id":466157,"date":"2025-05-31T22:23:39","date_gmt":"2025-05-31T20:23:39","guid":{"rendered":"https:\/\/lucacastelli.com\/prodotto\/rl-540\/"},"modified":"2025-07-05T06:34:22","modified_gmt":"2025-07-05T04:34:22","slug":"rl-540","status":"publish","type":"product","link":"https:\/\/lucacastelli.com\/de\/produkt\/rl-540\/","title":{"rendered":"STIHL RL 540"},"content":{"rendered":"<p>Leistungsstarker Benzin-Vertikutierer f\u00fcr die Bel\u00fcftung gro\u00dfer Fl\u00e4chen. Arbeitsbreite 38 cm, 7 Doppelmesser.<br \/>\n886661755912 <\/p>\n<p>Hubraum 149<br \/>\nMotortyp Motortyp<\/p>\n<p>CO2 CO2<br \/>\nGewicht 33.0<br \/>\nRasenfl\u00e4che 2000<\/p>\n","protected":false},"excerpt":{"rendered":"<p>RL 540<\/p>\n","protected":false},"featured_media":421989,"template":"","meta":{"_seopress_robots_primary_cat":"","_seopress_titles_title":"","_seopress_titles_desc":"","_seopress_robots_index":""},"product_brand":[3366],"product_cat":[29,262,492],"product_tag":[3265],"class_list":{"0":"post-466157","1":"product","2":"type-product","3":"status-publish","4":"has-post-thumbnail","6":"product_brand-stihl","7":"product_cat-macchinari","8":"product_cat-tosaerba-e-robot","9":"product_cat-arieggiatori","10":"product_tag-import-stihl","11":"sws-gruppo-macchinari-de","12":"sws-conto-ricavi-merci-rivendita-abbigliamento-de","13":"sws-gruppo-iva-iva81-de","15":"first","16":"onbackorder","17":"purchasable","18":"product-type-simple"},"_links":{"self":[{"href":"https:\/\/lucacastelli.com\/de\/wp-json\/wp\/v2\/product\/466157","targetHints":{"allow":["GET"]}}],"collection":[{"href":"https:\/\/lucacastelli.com\/de\/wp-json\/wp\/v2\/product"}],"about":[{"href":"https:\/\/lucacastelli.com\/de\/wp-json\/wp\/v2\/types\/product"}],"wp:featuredmedia":[{"embeddable":true,"href":"https:\/\/lucacastelli.com\/de\/wp-json\/wp\/v2\/media\/421989"}],"wp:attachment":[{"href":"https:\/\/lucacastelli.com\/de\/wp-json\/wp\/v2\/media?parent=466157"}],"wp:term":[{"taxonomy":"product_brand","embeddable":true,"href":"https:\/\/lucacastelli.com\/de\/wp-json\/wp\/v2\/product_brand?post=466157"},{"taxonomy":"product_cat","embeddable":true,"href":"https:\/\/lucacastelli.com\/de\/wp-json\/wp\/v2\/product_cat?post=466157"},{"taxonomy":"product_tag","embeddable":true,"href":"https:\/\/lucacastelli.com\/de\/wp-json\/wp\/v2\/product_tag?post=466157"}],"curies":[{"name":"wp","href":"https:\/\/api.w.org\/{rel}","templated":true}]}}