{"id":466155,"date":"2025-05-31T22:02:03","date_gmt":"2025-05-31T20:02:03","guid":{"rendered":"https:\/\/lucacastelli.com\/prodotto\/imow-7-pro\/"},"modified":"2025-06-29T13:40:50","modified_gmt":"2025-06-29T11:40:50","slug":"imow-7-pro","status":"publish","type":"product","link":"https:\/\/lucacastelli.com\/de\/produkt\/imow-7-pro\/","title":{"rendered":"STIHL iMOW 7 PRO"},"content":{"rendered":"<p>Ob beim Rasenm\u00e4hen in Kommunen, bei der Pflege von Sportpl\u00e4tzen, bei der Pflege gro\u00dfer G\u00e4rten von Garten- und Landschaftsbaubetrieben oder beim M\u00e4hen gewerblicher Fl\u00e4chen, der STIHL iMOW\u00ae 7 PRO M\u00e4hroboter unterst\u00fctzt Sie vollautomatisch und effizient. Angetrieben von einem leistungsstarken Lithium-Ionen-Akku garantiert der iMOW\u00ae 7 PRO mit seinen 3 oszillierenden Klingen des Disc-Cut-Systems und einer hohen Klingengeschwindigkeit einen sauberen Schnitt. Dar\u00fcber hinaus l\u00e4uft iMOW\u00ae 7 PRO dannbsp; starkes Mulchen\/starkes Mulchen; so dass das geschnittene Material direkt als Strongnbsp wiederverwendet wird; D\u00fcnger\/stark.\/ppSTIHL iMOW\u00ae 7 PRO ist f\u00fcr Rasenfl\u00e4chen bis 5.000 m\u00b2 geeignet. Werden 2 oder 3 M\u00e4hroboter im Team installiert, k\u00f6nnen auch Fl\u00e4chen von bis zu 8.000 m\u00b2, wie z.B. Fu\u00dfballpl\u00e4tze, effizient gepflegt werden. Der iMOW\u00ae 7 PRO ist auch in absch\u00fcssigem Gel\u00e4nde effektiv: Er bew\u00e4ltigt problemlos Steigungen von bis zu 45 %. Mit einem optionalen Upgrade-Kit k\u00f6nnen Sie Steigungen von bis zu 55 % bew\u00e4ltigen. Hindernisse werden mit einer kontrollierten Geschwindigkeit bew\u00e4ltigt, so dass das Gras bis nah an das Objekt herangeschnitten wird. Dank intelligentem Rangieren k\u00f6nnen Sie auch auf engstem Raum effektiv schneiden. F\u00fcr ein gleichm\u00e4\u00dfiges Schnittergebnis wird die Geschwindigkeit auch auf unebenem Untergrund \u00fcber Neigungssensoren angepasst.\/ppDas Bedienfeld mit nur wenigen Tasten erm\u00f6glicht eine einfache Bedienung. Zus\u00e4tzlich unterst\u00fctzt ein Sprachf\u00fchrungssystem die intuitive Steuerung. Der aktuelle Status Ihres M\u00e4hroboters wird \u00fcber die Backstripe-LED angezeigt. Das Tagfahrlicht im LED Frontstripe kann in verschiedenen Farben eingestellt werden, z.B. nach den Vereins- oder Firmenfarben.\/ppF\u00fcr eine besonders effiziente Nutzung und Handhabung des iMOW\u00ae 7 PRO stehen nbsp zur Verf\u00fcgung; strongsolutions STIHL connected\/strongnbsp; F\u00fcr ein effizientes Flottenmanagement: von der individuellen Schnitth\u00f6henverstellung \u00fcber Schnittpl\u00e4ne und Einsatzzeiten bis hin zur Statusanzeige. Du kannst den iMOW\u00ae 7 PRO auch \u00fcber die MY iMOW\u00ae App per Bluetooth\u00ae, WLAN oder Mobilfunknetz steuern. Wird der M\u00e4hroboter in die Hand genommen, wird ein Alarmton ausgel\u00f6st, der sich nach dem Neupositionieren des iMOW\u00ae oder nach einer gewissen Zeit automatisch deaktiviert. iMOW\u00ae sperrt seine Steuerungsfunktionen automatisch, wenn es aus seinem zuvor definierten Bereich des Hauses entfernt wird. Zus\u00e4tzlichen Schutz bietet die pers\u00f6nliche PIN, die verhindert, dass Unbefugte deinen iMOW\u00ae 7 PRO nutzen.\/ppBei schlechtem Wetter kannst du dank des individuell einstellbaren Regensensors entscheiden, ob du den Rasen m\u00e4hst oder den iMOW\u00ae 7 PRO pausierst. Die Ladestation dient als Basis und Ladeger\u00e4t f\u00fcr den M\u00e4hroboter.\/ppF\u00fcr die Installation wird je nach Gr\u00f6\u00dfe der zu m\u00e4henden Fl\u00e4chen ein passendes Einbauset ben\u00f6tigt. F\u00fcr die quadratische Installation von bis zu 3 M\u00e4hrobotern wird nur ein Begrenzungsdraht ben\u00f6tigt. Dar\u00fcber hinaus verf\u00fcgt jeder M\u00e4hroboter \u00fcber einen F\u00fchrungsdraht, der ihn zuverl\u00e4ssig zu seiner Ladestation bringt.\/ STIHL iMOW\u00ae M\u00e4hroboter erf\u00fcllen alle g\u00fcltigen Sicherheitsstandards. Es ist jedoch wichtig, sich daran zu erinnern, dass der iMOW\u00ae M\u00e4hroboter kein Spielzeug ist. W\u00e4hrend der Betriebszeit von iMOW\u00ae sollten Kinder, Umstehende und Tiere vom Arbeitsbereich ferngehalten werden. Weitere Informationen finden Sie in der Bedienungsanleitung.<br \/>\n795711359232<\/p>\n<p>AAI-Batteriesystem<br \/>\nGer\u00e4tegewicht Ger\u00e4tegewicht<\/p>\n<p>Maximale Steigung Maximale<br \/>\nSteigung Maximale Neigung mit Kit f\u00fcr absch\u00fcssiges Gel\u00e4nde 55<br \/>\nSchnittbreite 28<\/p>\n","protected":false},"excerpt":{"rendered":"<p>Ob beim Rasenm\u00e4hen in Kommunen, bei der Pflege von Sportpl\u00e4tzen, bei der Pflege gro\u00dfer G\u00e4rten von Garten- und Landschaftsbaubetrieben oder<\/p>\n","protected":false},"featured_media":436517,"template":"","meta":{"_seopress_robots_primary_cat":"","_seopress_titles_title":"","_seopress_titles_desc":"","_seopress_robots_index":""},"product_brand":[3366],"product_cat":[29,262,278],"product_tag":[3265],"class_list":{"0":"post-466155","1":"product","2":"type-product","3":"status-publish","4":"has-post-thumbnail","6":"product_brand-stihl","7":"product_cat-macchinari","8":"product_cat-tosaerba-e-robot","9":"product_cat-robot-tosaerba","10":"product_tag-import-stihl","11":"sws-gruppo-macchinari","12":"sws-conto-ricavi-merci-rivendita-macchinari","13":"sws-gruppo-iva-iva81","15":"first","16":"onbackorder","17":"purchasable","18":"product-type-simple"},"_links":{"self":[{"href":"https:\/\/lucacastelli.com\/de\/wp-json\/wp\/v2\/product\/466155","targetHints":{"allow":["GET"]}}],"collection":[{"href":"https:\/\/lucacastelli.com\/de\/wp-json\/wp\/v2\/product"}],"about":[{"href":"https:\/\/lucacastelli.com\/de\/wp-json\/wp\/v2\/types\/product"}],"wp:featuredmedia":[{"embeddable":true,"href":"https:\/\/lucacastelli.com\/de\/wp-json\/wp\/v2\/media\/436517"}],"wp:attachment":[{"href":"https:\/\/lucacastelli.com\/de\/wp-json\/wp\/v2\/media?parent=466155"}],"wp:term":[{"taxonomy":"product_brand","embeddable":true,"href":"https:\/\/lucacastelli.com\/de\/wp-json\/wp\/v2\/product_brand?post=466155"},{"taxonomy":"product_cat","embeddable":true,"href":"https:\/\/lucacastelli.com\/de\/wp-json\/wp\/v2\/product_cat?post=466155"},{"taxonomy":"product_tag","embeddable":true,"href":"https:\/\/lucacastelli.com\/de\/wp-json\/wp\/v2\/product_tag?post=466155"}],"curies":[{"name":"wp","href":"https:\/\/api.w.org\/{rel}","templated":true}]}}