{"id":466152,"date":"2025-05-31T22:15:45","date_gmt":"2025-05-31T20:15:45","guid":{"rendered":"https:\/\/lucacastelli.com\/prodotto\/rla-240-inkl-1x-ak-30-s-1x-al-101\/"},"modified":"2026-02-27T10:28:37","modified_gmt":"2026-02-27T09:28:37","slug":"rla-240-inkl-1x-ak-30-s-1x-al-101","status":"publish","type":"product","link":"https:\/\/lucacastelli.com\/de\/produkt\/rla-240-inkl-1x-ak-30-s-1x-al-101\/","title":{"rendered":"STIHL RLA 240, inkl. 1x AK 30 S, 1x AL 101"},"content":{"rendered":"<p>Kompakter Akku-Vertikutierer zum Bel\u00fcften und Filzen kleinerer Rasenfl\u00e4chen. Zentrale Einstellung der Arbeitstiefe mittels Drehknopf am Geh\u00e4use, 4-fach h\u00f6henverstellbarer Lenker, Arbeitsbreite 34 cm, 16 Messer. Inklusive Bel\u00fcftungswalze und Grasfangkorb 50 Liter\/p<br \/>\n886661995820<\/p>\n<p>Nennleistung 900<br \/>\nAkku-System Akku-System<\/p>\n<p>Gewicht Gewicht Rasenfl\u00e4che<br \/>\n500<br \/>\nArbeitstiefe 15<\/p>\n","protected":false},"excerpt":{"rendered":"<p>Kompakter Akku-Vertikutierer zum Bel\u00fcften und Filzen kleinerer Rasenfl\u00e4chen. Zentrale Einstellung der Arbeitstiefe mittels Drehknopf am Geh\u00e4use, 4-fach h\u00f6henverstellbarer Lenker, Arbeitsbreite<\/p>\n","protected":false},"featured_media":437170,"template":"","meta":{"_seopress_robots_primary_cat":"","_seopress_titles_title":"","_seopress_titles_desc":"","_seopress_robots_index":""},"product_brand":[3554],"product_cat":[169,1656,1662],"product_tag":[3266],"class_list":{"0":"post-466152","1":"product","2":"type-product","3":"status-publish","4":"has-post-thumbnail","6":"product_brand-stihl-de","7":"product_cat-maschinen","8":"product_cat-rasenmaher-und-roboter","9":"product_cat-rasenlufter","10":"product_tag-import-stihl-de","11":"sws-gruppo-macchinari-de","12":"sws-conto-ricavi-merci-rivendita-macchinari-de","13":"sws-gruppo-iva-iva81-de","15":"first","16":"onbackorder","17":"purchasable","18":"product-type-simple"},"_links":{"self":[{"href":"https:\/\/lucacastelli.com\/de\/wp-json\/wp\/v2\/product\/466152","targetHints":{"allow":["GET"]}}],"collection":[{"href":"https:\/\/lucacastelli.com\/de\/wp-json\/wp\/v2\/product"}],"about":[{"href":"https:\/\/lucacastelli.com\/de\/wp-json\/wp\/v2\/types\/product"}],"wp:featuredmedia":[{"embeddable":true,"href":"https:\/\/lucacastelli.com\/de\/wp-json\/wp\/v2\/media\/437170"}],"wp:attachment":[{"href":"https:\/\/lucacastelli.com\/de\/wp-json\/wp\/v2\/media?parent=466152"}],"wp:term":[{"taxonomy":"product_brand","embeddable":true,"href":"https:\/\/lucacastelli.com\/de\/wp-json\/wp\/v2\/product_brand?post=466152"},{"taxonomy":"product_cat","embeddable":true,"href":"https:\/\/lucacastelli.com\/de\/wp-json\/wp\/v2\/product_cat?post=466152"},{"taxonomy":"product_tag","embeddable":true,"href":"https:\/\/lucacastelli.com\/de\/wp-json\/wp\/v2\/product_tag?post=466152"}],"curies":[{"name":"wp","href":"https:\/\/api.w.org\/{rel}","templated":true}]}}