{"id":466149,"date":"2025-05-31T21:58:27","date_gmt":"2025-05-31T19:58:27","guid":{"rendered":"https:\/\/lucacastelli.com\/prodotto\/rma-243-inkl-1x-ak-20-1x-al-101\/"},"modified":"2026-02-25T21:17:16","modified_gmt":"2026-02-25T20:17:16","slug":"rma-243-inkl-1x-ak-20-1x-al-101","status":"publish","type":"product","link":"https:\/\/lucacastelli.com\/de\/produkt\/rma-243-inkl-1x-ak-20-1x-al-101\/","title":{"rendered":"STIHL RMA 243, inkl. 1x AK 20, 1x AL 101"},"content":{"rendered":"<p>pKompakter Akku-Rasenm\u00e4her mit 41 cm Schnittbreite, 4-in-1-Funktion, Seitenauswurf, Mulchkeil und Multimesser f\u00fcr kleine bis mittelgro\u00dfe Rasenfl\u00e4chen in l\u00e4rmempfindlichen Umgebungen. Stahlblechgeh\u00e4use mit EC-Motor, zus\u00e4tzlichem Akku-Transportfach, zentraler Schnitth\u00f6henverstellung und klappbarem Komfortlenker, der in 2 H\u00f6henstufen verstellbar ist. Inklusive 52 L klappbarer Grasfangkorb mit F\u00fcllstandsanzeige.\/p<br \/>\n795711869069<\/p>\n<p>Nennleistung 1200<br \/>\nAkkusystem Batteriesystem<\/p>\n<p>Getriebe Getriebe<br \/>\nGewicht 26,0<br \/>\nSchnittbreite 41<\/p>\n","protected":false},"excerpt":{"rendered":"<p>pKompakter Akku-Rasenm\u00e4her mit 41 cm Schnittbreite, 4-in-1-Funktion, Seitenauswurf, Mulchkeil und Multimesser f\u00fcr kleine bis mittelgro\u00dfe Rasenfl\u00e4chen in l\u00e4rmempfindlichen Umgebungen. Stahlblechgeh\u00e4use<\/p>\n","protected":false},"featured_media":424727,"template":"","meta":{"_seopress_robots_primary_cat":"none","_seopress_titles_title":"","_seopress_titles_desc":"","_seopress_robots_index":""},"product_brand":[3366],"product_cat":[29,262,488],"product_tag":[3265],"class_list":{"0":"post-466149","1":"product","2":"type-product","3":"status-publish","4":"has-post-thumbnail","6":"product_brand-stihl","7":"product_cat-macchinari","8":"product_cat-tosaerba-e-robot","9":"product_cat-tosaerba-a-batteria","10":"product_tag-import-stihl","11":"sws-gruppo-macchinari-de","12":"sws-conto-ricavi-merci-rivendita-macchinari-de","13":"sws-gruppo-iva-iva81-de","15":"first","16":"onbackorder","17":"purchasable","18":"product-type-simple"},"_links":{"self":[{"href":"https:\/\/lucacastelli.com\/de\/wp-json\/wp\/v2\/product\/466149","targetHints":{"allow":["GET"]}}],"collection":[{"href":"https:\/\/lucacastelli.com\/de\/wp-json\/wp\/v2\/product"}],"about":[{"href":"https:\/\/lucacastelli.com\/de\/wp-json\/wp\/v2\/types\/product"}],"wp:featuredmedia":[{"embeddable":true,"href":"https:\/\/lucacastelli.com\/de\/wp-json\/wp\/v2\/media\/424727"}],"wp:attachment":[{"href":"https:\/\/lucacastelli.com\/de\/wp-json\/wp\/v2\/media?parent=466149"}],"wp:term":[{"taxonomy":"product_brand","embeddable":true,"href":"https:\/\/lucacastelli.com\/de\/wp-json\/wp\/v2\/product_brand?post=466149"},{"taxonomy":"product_cat","embeddable":true,"href":"https:\/\/lucacastelli.com\/de\/wp-json\/wp\/v2\/product_cat?post=466149"},{"taxonomy":"product_tag","embeddable":true,"href":"https:\/\/lucacastelli.com\/de\/wp-json\/wp\/v2\/product_tag?post=466149"}],"curies":[{"name":"wp","href":"https:\/\/api.w.org\/{rel}","templated":true}]}}