{"id":466129,"date":"2023-06-16T08:58:17","date_gmt":"2023-06-16T06:58:17","guid":{"rendered":"https:\/\/lucacastelli.com\/prodotto\/fuel-akku-rasenmaeher-m18f2lm53-0\/"},"modified":"2023-06-16T08:58:17","modified_gmt":"2023-06-16T06:58:17","slug":"fuel-akku-rasenmaeher-m18f2lm53-0","status":"publish","type":"product","link":"https:\/\/lucacastelli.com\/de\/produkt\/fuel-akku-rasenmaeher-m18f2lm53-0\/","title":{"rendered":"FUEL\u2122 Akku-Rasenm\u00e4her M18F2LM53-0"},"content":{"rendered":"<p>Produktbeschreibung<\/p>\n<p>Das Design des 53 cm langen Stahldecks und der Messer in Kombination mit der M18 FUEL-Technologie\u2122 bietet eine hervorragende Schnittqualit\u00e4t.<br \/>\nSofortiger Start im h\u00f6chsten Gras, hervorragende Spitzenleistung und Anfahrmoment f\u00fcr die anspruchsvollsten Anwendungen<br \/>\n3-in-1-Grasmanagementsystem: Mulchen, Sammeln und Heckauswurf<br \/>\nAutomatische Anpassung der S\u00e4geblattdrehzahl an die erforderliche Leistung f\u00fcr eine h\u00f6here Effizienz<br \/>\nDer verstellbare Selbstfahrer mit 5 Geschwindigkeitsstufen bietet eine Schnittgeschwindigkeit von bis zu 6,4 km\/h<br \/>\nAktive Drehzahlregelung f\u00fcr maximale Benutzerkontrolle<br \/>\nL\u00e4uft mit 2 x 18-V-Batterien f\u00fcr au\u00dfergew\u00f6hnliche Leistung und Leistung<br \/>\nM\u00e4hen Sie Fl\u00e4chen bis zu 2000 m\u00b2 mit einer einzigen Akkuladung von zwei 12,0 Ah M18\u2122 HIGH OUTPUT\u2122 Akkus<br \/>\nLED-Front- und Seitenbeleuchtung f\u00fcr 180\u00b0-Sichtbarkeit<br \/>\nEinstellbare Schnitth\u00f6he in 7 Positionen von 2,5 bis 10 cm f\u00fcr eine Vielzahl von Grasarten<br \/>\nKlappbare Griffe und aufrechte Halterungen f\u00fcr einfachen und kompakten Transport<br \/>\nInklusive Mulchstopfen, 70-Liter-Sack und hinterem Ablassstopfen<\/p>\n<p>Technische Daten<\/p>\n<p>Spannung 2x18V<br \/>\nAnzahl Akkus 2<br \/>\nSchnittbreite 53 cm<br \/>\nSelbstfahrender<br \/>\nAntrieb Mulchen Ja<br \/>\nVorderrad ? 20,3 cm<br \/>\nHinterrad ? 26,4 cm<br \/>\nGewicht inkl. Akku 38,5 kg  <\/p>\n<p>Versorgung<\/p>\n<p>Lieferung ohne Batterien und Ladeger\u00e4t<br \/>\nIm Karton<\/p>\n","protected":false},"excerpt":{"rendered":"<p>Produktbeschreibung Das Design des 53 cm langen Stahldecks und der Messer in Kombination mit der M18 FUEL-Technologie\u2122 bietet eine hervorragende<\/p>\n","protected":false},"featured_media":56498,"template":"","meta":{"_seopress_robots_primary_cat":"","_seopress_titles_title":"","_seopress_titles_desc":"","_seopress_robots_index":""},"product_brand":[3656],"product_cat":[1665,169,1656],"product_tag":[],"class_list":{"0":"post-466129","1":"product","2":"type-product","3":"status-publish","4":"has-post-thumbnail","6":"product_brand-milwaukee-de","7":"product_cat-akku-rasenmaher","8":"product_cat-maschinen","9":"product_cat-rasenmaher-und-roboter","11":"first","12":"instock","13":"shipping-taxable","14":"purchasable","15":"product-type-simple"},"_links":{"self":[{"href":"https:\/\/lucacastelli.com\/de\/wp-json\/wp\/v2\/product\/466129","targetHints":{"allow":["GET"]}}],"collection":[{"href":"https:\/\/lucacastelli.com\/de\/wp-json\/wp\/v2\/product"}],"about":[{"href":"https:\/\/lucacastelli.com\/de\/wp-json\/wp\/v2\/types\/product"}],"wp:featuredmedia":[{"embeddable":true,"href":"https:\/\/lucacastelli.com\/de\/wp-json\/wp\/v2\/media\/56498"}],"wp:attachment":[{"href":"https:\/\/lucacastelli.com\/de\/wp-json\/wp\/v2\/media?parent=466129"}],"wp:term":[{"taxonomy":"product_brand","embeddable":true,"href":"https:\/\/lucacastelli.com\/de\/wp-json\/wp\/v2\/product_brand?post=466129"},{"taxonomy":"product_cat","embeddable":true,"href":"https:\/\/lucacastelli.com\/de\/wp-json\/wp\/v2\/product_cat?post=466129"},{"taxonomy":"product_tag","embeddable":true,"href":"https:\/\/lucacastelli.com\/de\/wp-json\/wp\/v2\/product_tag?post=466129"}],"curies":[{"name":"wp","href":"https:\/\/api.w.org\/{rel}","templated":true}]}}