{"id":466126,"date":"2025-05-31T21:57:03","date_gmt":"2025-05-31T19:57:03","guid":{"rendered":"https:\/\/lucacastelli.com\/prodotto\/rma-443-pv-ohne-batterie-ladegeraet\/"},"modified":"2025-11-24T15:40:57","modified_gmt":"2025-11-24T14:40:57","slug":"rma-443-pv-ohne-batterie-ladegeraet","status":"publish","type":"product","link":"https:\/\/lucacastelli.com\/de\/produkt\/rma-443-pv-ohne-batterie-ladegeraet\/","title":{"rendered":"STIHL RMA 443 PV, ohne Batterie + Ladeger\u00e4t"},"content":{"rendered":"<h2 class=\"product-details__title\">Handlicher und komfortabler kabelloser M\u00e4her<\/h2>\n<div class=\"product-details__description richtexteditor\">\n<p>Handlicher kabelloser M\u00e4her mit einer Schnittbreite von 41 cm f\u00fcr mittlere bis gro\u00dfe Fl\u00e4chen. Zentralisierte Schnitth\u00f6henverstellung und klappbarer, h\u00f6henverstellbarer Komfortb\u00fcgel. Mit str\u00f6mungsoptimiertem Messer f\u00fcr mehr Reichweite. Vario-Elektroantrieb f\u00fcr mehr Bedienungskomfort. Maximale Arbeitsgeschwindigkeit in sechs Stufen \u00fcber den Hebel am Komfortlenker einstellbar. Inklusive zwei aktiven Akkuf\u00e4chern f\u00fcr die Serienentladung. Inklusive 55 Liter Grasfangkorb mit F\u00fcllstandsanzeige. HMI-Bedienfeld und 4-in-1-Funktion (Auffangen, Heckauswurf, Seitenauswurf, Mulchen mit Bedienhebel).       <\/p>\n<\/div>\n<p>&nbsp;<\/p>\n<p>TECHNISCHE DATEN<\/p>\n<p>&nbsp;<\/p>\n<table data-test-id=\"pdp-spec-tech-table\">\n<tbody>\n<tr>\n<td>Leistung<\/td>\n<td>1450 W<\/td>\n<\/tr>\n<tr>\n<td>Batteriesystem<\/td>\n<td>AP<\/td>\n<\/tr>\n<tr>\n<td>\u00dcbertragung<\/td>\n<td>2,0 &#8211; 4,5 km\/h<\/td>\n<\/tr>\n<tr>\n<td>Gewicht des Ger\u00e4tes ohne Akku<\/td>\n<td>27 kg<\/td>\n<\/tr>\n<tr>\n<td>Schnittbreite<\/td>\n<td>41 cm<\/td>\n<\/tr>\n<tr>\n<td>Schnitth\u00f6he<\/td>\n<td>20 &#8211; 100 mm<\/td>\n<\/tr>\n<tr>\n<td>Einstellung der Schnitth\u00f6he<\/td>\n<td>7-fach (zentral)<\/td>\n<\/tr>\n<tr>\n<td>Nenndrehzahl des Werkst\u00fccks<\/td>\n<td>3000 U\/min<\/td>\n<\/tr>\n<tr>\n<td>IP-Schutzart<\/td>\n<td>IPX4<\/td>\n<\/tr>\n<tr>\n<td>Maximale Fl\u00e4che zum Aufladen des Akkus AP 200<\/td>\n<td>360 m\u00b2 <sup>1)<\/sup><\/td>\n<\/tr>\n<tr>\n<td>Maximale Ladefl\u00e4che f\u00fcr den Akku AP 200 S<\/td>\n<td>360 m\u00b2 <sup>1)<\/sup><\/td>\n<\/tr>\n<tr>\n<td>Maximale Ladefl\u00e4che f\u00fcr den Akku AP 300 S<\/td>\n<td>530 m\u00b2 <sup>1)<\/sup><\/td>\n<\/tr>\n<tr>\n<td>Maximale Ladefl\u00e4che f\u00fcr den Akku AP 500 S<\/td>\n<td>640 m\u00b2 <sup>1)<\/sup><\/td>\n<\/tr>\n<tr>\n<td>Fassungsverm\u00f6gen des Grasf\u00e4ngers<\/td>\n<td>52 l<\/td>\n<\/tr>\n<tr>\n<td>Ger\u00e4tebreite ohne Anbauteile<\/td>\n<td>50 cm<\/td>\n<\/tr>\n<tr>\n<td>\n Maximale Ger\u00e4teh\u00f6he<\/td>\n<td>ca. 108 cm<\/td>\n<\/tr>\n<tr>\n<td>Durchmesser Vorderrad<\/td>\n<td>190 mm<\/td>\n<\/tr>\n<tr>\n<td>Durchmesser Hinterrad<\/td>\n<td>215 mm<\/td>\n<\/tr>\n<tr>\n<td>Gemessener Schalldruckpegel LpA<\/td>\n<td>75 dB(A)<\/td>\n<\/tr>\n<tr>\n<td>Garantierter Schallleistungspegel LWA<\/td>\n<td>90 dB(A)<\/td>\n<\/tr>\n<tr>\n<td>Schalldruckpegel Unsicherheitsfaktor KpA<\/td>\n<td>2 dB(A) <sup>2)<\/sup><\/td>\n<\/tr>\n<tr>\n<td>Vibration Lenker AHW<\/td>\n<td>1,4 m\/s\u00b2<\/td>\n<\/tr>\n<tr>\n<td>Schwingungsunsicherheit K<\/td>\n<td>0,7 m\/s\u00b2 <sup>2)<\/sup><\/td>\n<\/tr>\n<\/tbody>\n<\/table>\n","protected":false},"excerpt":{"rendered":"<p>Handlicher und komfortabler kabelloser M\u00e4her Handlicher kabelloser M\u00e4her mit einer Schnittbreite von 41 cm f\u00fcr mittlere bis gro\u00dfe Fl\u00e4chen. Zentralisierte<\/p>\n","protected":false},"featured_media":424656,"template":"","meta":{"_seopress_robots_primary_cat":"none","_seopress_titles_title":"","_seopress_titles_desc":"","_seopress_robots_index":""},"product_brand":[3366],"product_cat":[29,262,488],"product_tag":[3265],"class_list":{"0":"post-466126","1":"product","2":"type-product","3":"status-publish","4":"has-post-thumbnail","6":"product_brand-stihl","7":"product_cat-macchinari","8":"product_cat-tosaerba-e-robot","9":"product_cat-tosaerba-a-batteria","10":"product_tag-import-stihl","11":"sws-gruppo-macchinari","12":"sws-conto-ricavi-merci-rivendita-macchinari","13":"sws-gruppo-iva-iva81","15":"first","16":"onbackorder","17":"purchasable","18":"product-type-simple"},"_links":{"self":[{"href":"https:\/\/lucacastelli.com\/de\/wp-json\/wp\/v2\/product\/466126","targetHints":{"allow":["GET"]}}],"collection":[{"href":"https:\/\/lucacastelli.com\/de\/wp-json\/wp\/v2\/product"}],"about":[{"href":"https:\/\/lucacastelli.com\/de\/wp-json\/wp\/v2\/types\/product"}],"wp:featuredmedia":[{"embeddable":true,"href":"https:\/\/lucacastelli.com\/de\/wp-json\/wp\/v2\/media\/424656"}],"wp:attachment":[{"href":"https:\/\/lucacastelli.com\/de\/wp-json\/wp\/v2\/media?parent=466126"}],"wp:term":[{"taxonomy":"product_brand","embeddable":true,"href":"https:\/\/lucacastelli.com\/de\/wp-json\/wp\/v2\/product_brand?post=466126"},{"taxonomy":"product_cat","embeddable":true,"href":"https:\/\/lucacastelli.com\/de\/wp-json\/wp\/v2\/product_cat?post=466126"},{"taxonomy":"product_tag","embeddable":true,"href":"https:\/\/lucacastelli.com\/de\/wp-json\/wp\/v2\/product_tag?post=466126"}],"curies":[{"name":"wp","href":"https:\/\/api.w.org\/{rel}","templated":true}]}}