{"id":466123,"date":"2023-05-29T17:32:09","date_gmt":"2023-05-29T15:32:09","guid":{"rendered":"https:\/\/lucacastelli.com\/prodotto\/as-470-eproclip-a-ohne-akku-und-ladegeraet\/"},"modified":"2023-05-29T17:32:09","modified_gmt":"2023-05-29T15:32:09","slug":"as-470-eproclip-a-ohne-akku-und-ladegeraet","status":"publish","type":"product","link":"https:\/\/lucacastelli.com\/de\/produkt\/as-470-eproclip-a-ohne-akku-und-ladegeraet\/","title":{"rendered":"AS 470 EProClip A (ohne Akku und Ladeger\u00e4t)"},"content":{"rendered":"<p>Effizientes Mulchen ohne L\u00e4rm und Abgase<br \/>\nIn der N\u00e4he von Krankenh\u00e4usern, Kinderg\u00e4rten oder Wohngebieten ist der AS 470 E-ProClip A die ideale Maschine f\u00fcr die st\u00e4dtische Rasenpflege. Dank Batteriebetrieb arbeitet er ohne Emissionen, Abgase oder L\u00e4rm. Vibrationen in den H\u00e4nden und Armen werden stark reduziert und der Wartungsaufwand auf ein Minimum reduziert. Der neue 56-Volt-Elektromotor von AS-Motor hat die Leistung eines herk\u00f6mmlichen 200-ccm-Benzinmotors. Er wird mit einer oder zwei tragbaren Profi-Batterien mit je 10 Ah betrieben. Zusammen kommen sie auf satte 1.120 Wattstunden.    <\/p>\n<p>Die konstante Geschwindigkeit, das spezielle H\u00e4ckselmesser und die speziellen R\u00e4der mit Doppelkugellagern garantieren einen perfekten Schnitt. Die Schnitth\u00f6he kann zentral von (30)40-80 mm eingestellt werden. <\/p>\n<p>Mit seiner Schnittbreite von 47 cm und der Zugkraft ist der AS 470 E-ProClip A ideal f\u00fcr mittelgro\u00dfe Rasenfl\u00e4chen. Bei St\u00f6\u00dfen ist der Motor durch ein drittes Kurbelwellenlager und eine Kupplung an der Klinge optimal gesch\u00fctzt. <\/p>\n<p>Das kastenlose M\u00e4hen von Gras spart 30 % Zeit<br \/>\nDas tiefe Mulchdeck aus verzinktem Stahl bietet das Volumen, das erforderlich ist, um sicherzustellen, dass der Grasschnitt nicht nur gem\u00e4ht, sondern auch in einem Arbeitsgang in feine Partikel zerkleinert wird. Nach dem Schnitt wird das Gras gleichm\u00e4\u00dfig im Mulchdeck verwirbelt und durch das Mulchmesser mehrfach zerkleinert. Der Mulch dringt dann nahezu unsichtbar in den Rasen ein und versorgt ihn mit den N\u00e4hrstoffen und der Feuchtigkeit, die er ben\u00f6tigt. Die entstehende Mulchschicht sch\u00fctzt den Rasen vor dem schnellen Austrocknen. Ein weiterer Vorteil f\u00fcr den Anwender ist die Zeitersparnis von bis zu 30% im Vergleich zum M\u00e4hen mit dem Grasfangkorb. Es ist nicht erforderlich, Grasschnitt zu leeren oder zu entsorgen.     <\/p>\n<p>ELEKTRISCHES \u00d6KOSYSTEM<br \/>\nErweitern Sie Ihr operatives Potenzial in jede Richtung mit einem kompletten \u00d6KOSYSTEM. Die Akkus von AS-Motor Electric sind mit allen professionellen Handwerkzeugen von EGO Powertools kompatibel. <\/p>\n","protected":false},"excerpt":{"rendered":"<p>Effizientes Mulchen ohne L\u00e4rm und Abgase In der N\u00e4he von Krankenh\u00e4usern, Kinderg\u00e4rten oder Wohngebieten ist der AS 470 E-ProClip A<\/p>\n","protected":false},"featured_media":56330,"template":"","meta":{"_seopress_robots_primary_cat":"","_seopress_titles_title":"","_seopress_titles_desc":"","_seopress_robots_index":""},"product_brand":[4372],"product_cat":[29,262,488],"product_tag":[],"class_list":{"0":"post-466123","1":"product","2":"type-product","3":"status-publish","4":"has-post-thumbnail","6":"product_brand-as-motor","7":"product_cat-macchinari","8":"product_cat-tosaerba-e-robot","9":"product_cat-tosaerba-a-batteria","10":"sws-gruppo-macchinari-de","11":"sws-conto-ricavi-merci-rivendita-macchinari-de","12":"sws-gruppo-iva-iva81-de","14":"first","15":"onbackorder","16":"shipping-taxable","17":"purchasable","18":"product-type-simple"},"_links":{"self":[{"href":"https:\/\/lucacastelli.com\/de\/wp-json\/wp\/v2\/product\/466123","targetHints":{"allow":["GET"]}}],"collection":[{"href":"https:\/\/lucacastelli.com\/de\/wp-json\/wp\/v2\/product"}],"about":[{"href":"https:\/\/lucacastelli.com\/de\/wp-json\/wp\/v2\/types\/product"}],"wp:featuredmedia":[{"embeddable":true,"href":"https:\/\/lucacastelli.com\/de\/wp-json\/wp\/v2\/media\/56330"}],"wp:attachment":[{"href":"https:\/\/lucacastelli.com\/de\/wp-json\/wp\/v2\/media?parent=466123"}],"wp:term":[{"taxonomy":"product_brand","embeddable":true,"href":"https:\/\/lucacastelli.com\/de\/wp-json\/wp\/v2\/product_brand?post=466123"},{"taxonomy":"product_cat","embeddable":true,"href":"https:\/\/lucacastelli.com\/de\/wp-json\/wp\/v2\/product_cat?post=466123"},{"taxonomy":"product_tag","embeddable":true,"href":"https:\/\/lucacastelli.com\/de\/wp-json\/wp\/v2\/product_tag?post=466123"}],"curies":[{"name":"wp","href":"https:\/\/api.w.org\/{rel}","templated":true}]}}