{"id":466117,"date":"2023-05-29T17:31:40","date_gmt":"2023-05-29T15:31:40","guid":{"rendered":"https:\/\/lucacastelli.com\/prodotto\/as-420-eproclip-ohne-radantrieb-akku-und-ladegeraet\/"},"modified":"2023-05-29T17:31:40","modified_gmt":"2023-05-29T15:31:40","slug":"as-420-eproclip-ohne-radantrieb-akku-und-ladegeraet","status":"publish","type":"product","link":"https:\/\/lucacastelli.com\/de\/produkt\/as-420-eproclip-ohne-radantrieb-akku-und-ladegeraet\/","title":{"rendered":"AS 420 EProClip ohne Radantrieb, Akku und Ladeger\u00e4t"},"content":{"rendered":"<p>Kompaktes, emissionsfreies Aggregat dank Akkubetrieb<br \/>\nNoch nie war die Reinigung so einfach wie mit dem E-ProClip AS 420. Die Schnittbreite von 42 cm erm\u00f6glicht ein einfaches und komfortables Arbeiten unter B\u00fcschen, zwischen Blumenbeeten, auf Friedh\u00f6fen und in kleinen, verwinkelten Bereichen. Dank des emissionsfreien Akkuantriebs eignet sich der Rasenm\u00e4her ideal f\u00fcr die Wartung im urbanen Raum, insbesondere in der N\u00e4he von Krankenh\u00e4usern, Kinderg\u00e4rten oder einfach Wohngebieten.  <\/p>\n<p>Der Batterieantrieb des AS-Motor Electric bietet unglaubliche Leistung. Professionelle Anwender werden von der Qualit\u00e4t des Schneidens und Mulchens auf jeden Fall beeindruckt sein. Die intelligente &#8220;Peak-Power&#8221;-Motorsteuerung erm\u00f6glicht den gleichzeitigen Ausgleich von zwei Batterien. Dank des dritten Lagers an der Kurbelwelle und der Kupplung an der Schaufel ist der Motor im Falle einer Kollision optimal gesch\u00fctzt. Robustheit, Betriebssicherheit und eine lange Lebensdauer werden durch den Mulcherk\u00f6rper aus verzinktem Stahl mit verst\u00e4rktem Rand gew\u00e4hrleistet.    <\/p>\n<p>Die speziellen doppelt gelagerten Vorderr\u00e4der tragen zu einer perfekten Schnittoptik bei, da sie sehr wenig Gras vor dem Messer zerkleinern, was zu einer hervorragenden Schnittoptik mit f\u00fcnf verschiedenen Schnitth\u00f6hen von 40 bis 80 mm f\u00fchrt. Sie lassen sich m\u00fchelos per Hand- oder Fu\u00dfpedal verstellen.<\/p>\n<p>Zeitersparnis von 30 % beim Mulchen<br \/>\nDurch das Mulchen wird der Grasschnitt nicht nur reduziert, sondern auch in kleine Partikel zerkleinert. Dies geschieht durch ein spezielles Mulchmesser mit mehreren Schneiden. Der Grasschnitt wird in die tiefe H\u00e4ckselkammer der Maschine geworfen, wo er mehrfach zerkleinert wird. Pulverisierter Grasschnitt dringt fast unsichtbar in den Rasen ein und gibt N\u00e4hrstoffe und eine hohe Luftfeuchtigkeit zur\u00fcck. Dadurch wird nicht nur eine k\u00fcnstliche Befruchtung vermieden, sondern auch die zeit- und kostenintensive Entsorgung des Schnittguts eingespart.    <\/p>\n<p>ELEKTRISCHES \u00d6KOSYSTEM<br \/>\nErweitern Sie Ihr operatives Potenzial in jede Richtung mit einem kompletten \u00d6KOSYSTEM. Die Akkus von AS-Motor Electric sind mit allen professionellen Handwerkzeugen von EGO Powertools kompatibel. <\/p>\n","protected":false},"excerpt":{"rendered":"<p>Kompaktes, emissionsfreies Aggregat dank Akkubetrieb Noch nie war die Reinigung so einfach wie mit dem E-ProClip AS 420. Die Schnittbreite<\/p>\n","protected":false},"featured_media":56325,"template":"","meta":{"_seopress_robots_primary_cat":"","_seopress_titles_title":"","_seopress_titles_desc":"","_seopress_robots_index":""},"product_brand":[4372],"product_cat":[29,262,488],"product_tag":[],"class_list":{"0":"post-466117","1":"product","2":"type-product","3":"status-publish","4":"has-post-thumbnail","6":"product_brand-as-motor","7":"product_cat-macchinari","8":"product_cat-tosaerba-e-robot","9":"product_cat-tosaerba-a-batteria","10":"sws-gruppo-macchinari-fr","11":"sws-conto-ricavi-merci-rivendita-macchinari-de","12":"sws-gruppo-iva-iva81-de","14":"first","15":"onbackorder","16":"shipping-taxable","17":"purchasable","18":"product-type-simple"},"_links":{"self":[{"href":"https:\/\/lucacastelli.com\/de\/wp-json\/wp\/v2\/product\/466117","targetHints":{"allow":["GET"]}}],"collection":[{"href":"https:\/\/lucacastelli.com\/de\/wp-json\/wp\/v2\/product"}],"about":[{"href":"https:\/\/lucacastelli.com\/de\/wp-json\/wp\/v2\/types\/product"}],"wp:featuredmedia":[{"embeddable":true,"href":"https:\/\/lucacastelli.com\/de\/wp-json\/wp\/v2\/media\/56325"}],"wp:attachment":[{"href":"https:\/\/lucacastelli.com\/de\/wp-json\/wp\/v2\/media?parent=466117"}],"wp:term":[{"taxonomy":"product_brand","embeddable":true,"href":"https:\/\/lucacastelli.com\/de\/wp-json\/wp\/v2\/product_brand?post=466117"},{"taxonomy":"product_cat","embeddable":true,"href":"https:\/\/lucacastelli.com\/de\/wp-json\/wp\/v2\/product_cat?post=466117"},{"taxonomy":"product_tag","embeddable":true,"href":"https:\/\/lucacastelli.com\/de\/wp-json\/wp\/v2\/product_tag?post=466117"}],"curies":[{"name":"wp","href":"https:\/\/api.w.org\/{rel}","templated":true}]}}