{"id":466111,"date":"2023-05-28T16:25:44","date_gmt":"2023-05-28T14:25:44","guid":{"rendered":"https:\/\/lucacastelli.com\/prodotto\/as-420-proclip-4t-ohne-radantrieb\/"},"modified":"2023-05-28T16:25:44","modified_gmt":"2023-05-28T14:25:44","slug":"as-420-proclip-4t-ohne-radantrieb","status":"publish","type":"product","link":"https:\/\/lucacastelli.com\/de\/produkt\/as-420-proclip-4t-ohne-radantrieb\/","title":{"rendered":"AS 420 ProClip 4T ohne Radantrieb"},"content":{"rendered":"<p>Der kompakte Rasenm\u00e4her f\u00fcr das H\u00e4ckseln auf engstem Raum<br \/>\nKlein, leicht und einfach zu handhaben. Mit einem Gewicht von 30 kg und einer Schnittbreite von 42 cm eignet sich der Mulchrasenm\u00e4her AS 420 ProClip 4T perfekt f\u00fcr Abschlussarbeiten in engen und verwinkelten R\u00e4umen. Gleichzeitig ist dieser wendige Mulchrasenm\u00e4her mit seinen 5,7 PS f\u00fcr jeden Einsatz ger\u00fcstet. Der Briggs &amp; Stratton-Motor sorgt nicht nur f\u00fcr reichlich Leistung, sondern dank seines asymmetrischen Layouts auch f\u00fcr ein hervorragendes Handling dank ausgewogener Gewichtsverteilung. Der AS 420 ProClip 4T ist zudem mit einem dritten Kurbelwellenlager ausgestattet, das f\u00fcr einen optimalen Motorschutz sorgt, falls ein Hindernis nicht rechtzeitig erkannt wird. Das Glockenmulchgeh\u00e4use aus verzinktem Stahl mit verst\u00e4rktem Rand sorgt f\u00fcr eine lange Lebensdauer und ist eine Garantie f\u00fcr Solidit\u00e4t und Sicherheit auch unter schwierigen Bedingungen.<br \/>\nDie speziellen R\u00e4der mit Doppelkugellagern erleichtern das Schieben und Bewegen des Mulchm\u00e4hers. Zus\u00e4tzlich trennt die spezielle Keilform der Vorderr\u00e4der das Gras und sorgt f\u00fcr minimalen Druck auf das Gras vor dem M\u00e4hbalken. Das Ergebnis ist ein perfekter Schnitt ohne Spuren von R\u00e4dern. Mit der zentralen, gefederten Schnitth\u00f6henverstellung k\u00f6nnen Sie ganz einfach mit dem Fu\u00df oder der Hand zwischen 5 H\u00f6hen von 40 bis 80 mm w\u00e4hlen.        <\/p>\n<p>Mulchen spart Zeit und Geld.<br \/>\nDas niedrige Mulchdeck und das spezielle Mulchmesser sorgen f\u00fcr perfektes Mulchen. Das Messer schneidet Gras bis zu 18 cm sehr sauber und erzeugt gleichzeitig einen Luftstrom, der den Grasschnitt regelm\u00e4\u00dfig im Geh\u00e4use verwirbeln l\u00e4sst. Durch das Verwirbeln der Grashalme und das Mulchmesser mit seinen mehrfachen Schneidkanten wird das Gras mehrfach zerkleinert und br\u00fcchig. Der Grasschnitt verschwindet praktisch im gem\u00e4hten Rasen und die entstehende Mulchschicht sch\u00fctzt den Rasen vor dem schnellen Austrocknen. Dar\u00fcber hinaus sparen Sie bis zu 30% Zeit im Vergleich zu Grasm\u00e4hern, da Sie den Sack nicht leeren m\u00fcssen. Und es fallen keine Kosten oder Zeitverschwendung an, um den Grasschnitt zu entsorgen.     <\/p>\n","protected":false},"excerpt":{"rendered":"<p>Der kompakte Rasenm\u00e4her f\u00fcr das H\u00e4ckseln auf engstem Raum Klein, leicht und einfach zu handhaben. Mit einem Gewicht von 30<\/p>\n","protected":false},"featured_media":56320,"template":"","meta":{"_seopress_robots_primary_cat":"","_seopress_titles_title":"","_seopress_titles_desc":"","_seopress_robots_index":""},"product_brand":[4372],"product_cat":[29,262,279],"product_tag":[],"class_list":{"0":"post-466111","1":"product","2":"type-product","3":"status-publish","4":"has-post-thumbnail","6":"product_brand-as-motor","7":"product_cat-macchinari","8":"product_cat-tosaerba-e-robot","9":"product_cat-tosaerba-a-motore","10":"sws-gruppo-macchinari-fr","11":"sws-conto-ricavi-merci-rivendita-macchinari-de","12":"sws-gruppo-iva-iva81-de","14":"first","15":"onbackorder","16":"shipping-taxable","17":"purchasable","18":"product-type-simple"},"_links":{"self":[{"href":"https:\/\/lucacastelli.com\/de\/wp-json\/wp\/v2\/product\/466111","targetHints":{"allow":["GET"]}}],"collection":[{"href":"https:\/\/lucacastelli.com\/de\/wp-json\/wp\/v2\/product"}],"about":[{"href":"https:\/\/lucacastelli.com\/de\/wp-json\/wp\/v2\/types\/product"}],"wp:featuredmedia":[{"embeddable":true,"href":"https:\/\/lucacastelli.com\/de\/wp-json\/wp\/v2\/media\/56320"}],"wp:attachment":[{"href":"https:\/\/lucacastelli.com\/de\/wp-json\/wp\/v2\/media?parent=466111"}],"wp:term":[{"taxonomy":"product_brand","embeddable":true,"href":"https:\/\/lucacastelli.com\/de\/wp-json\/wp\/v2\/product_brand?post=466111"},{"taxonomy":"product_cat","embeddable":true,"href":"https:\/\/lucacastelli.com\/de\/wp-json\/wp\/v2\/product_cat?post=466111"},{"taxonomy":"product_tag","embeddable":true,"href":"https:\/\/lucacastelli.com\/de\/wp-json\/wp\/v2\/product_tag?post=466111"}],"curies":[{"name":"wp","href":"https:\/\/api.w.org\/{rel}","templated":true}]}}