{"id":466088,"date":"2023-05-23T19:51:16","date_gmt":"2023-05-23T17:51:16","guid":{"rendered":"https:\/\/lucacastelli.com\/prodotto\/ariens-akku-56v-4-kwh\/"},"modified":"2025-07-22T21:20:17","modified_gmt":"2025-07-22T19:20:17","slug":"ariens-akku-56v-4-kwh","status":"publish","type":"product","link":"https:\/\/lucacastelli.com\/de\/produkt\/ariens-akku-56v-4-kwh\/","title":{"rendered":"ARIENS Akku 56V 4 kWh"},"content":{"rendered":"<p>Mit seinen 4 schnell austauschbaren Lithium-Ionen-Akkus mit einer Kapazit\u00e4t von je 4 kWh er\u00f6ffnet der Zenith E eine neue Kategorie von akkubetriebenen Handrasenm\u00e4hern. Endlich k\u00f6nnen Sie ohne Unterbrechung arbeiten, dank des ersten austauschbaren Batteriesystems f\u00fcr Rasenm\u00e4her. <\/p>\n","protected":false},"excerpt":{"rendered":"<p>Mit seinen 4 schnell austauschbaren Lithium-Ionen-Akkus mit einer Kapazit\u00e4t von je 4 kWh er\u00f6ffnet der Zenith E eine neue Kategorie<\/p>\n","protected":false},"featured_media":56130,"template":"","meta":{"_seopress_robots_primary_cat":"","_seopress_titles_title":"","_seopress_titles_desc":"","_seopress_robots_index":""},"product_brand":[4391],"product_cat":[29,262,548],"product_tag":[],"class_list":{"0":"post-466088","1":"product","2":"type-product","3":"status-publish","4":"has-post-thumbnail","6":"product_brand-ariens","7":"product_cat-macchinari","8":"product_cat-tosaerba-e-robot","9":"product_cat-tosaerba-zero-turn","11":"first","12":"onbackorder","13":"shipping-taxable","14":"purchasable","15":"product-type-simple"},"_links":{"self":[{"href":"https:\/\/lucacastelli.com\/de\/wp-json\/wp\/v2\/product\/466088","targetHints":{"allow":["GET"]}}],"collection":[{"href":"https:\/\/lucacastelli.com\/de\/wp-json\/wp\/v2\/product"}],"about":[{"href":"https:\/\/lucacastelli.com\/de\/wp-json\/wp\/v2\/types\/product"}],"wp:featuredmedia":[{"embeddable":true,"href":"https:\/\/lucacastelli.com\/de\/wp-json\/wp\/v2\/media\/56130"}],"wp:attachment":[{"href":"https:\/\/lucacastelli.com\/de\/wp-json\/wp\/v2\/media?parent=466088"}],"wp:term":[{"taxonomy":"product_brand","embeddable":true,"href":"https:\/\/lucacastelli.com\/de\/wp-json\/wp\/v2\/product_brand?post=466088"},{"taxonomy":"product_cat","embeddable":true,"href":"https:\/\/lucacastelli.com\/de\/wp-json\/wp\/v2\/product_cat?post=466088"},{"taxonomy":"product_tag","embeddable":true,"href":"https:\/\/lucacastelli.com\/de\/wp-json\/wp\/v2\/product_tag?post=466088"}],"curies":[{"name":"wp","href":"https:\/\/api.w.org\/{rel}","templated":true}]}}