{"id":466082,"date":"2023-05-23T19:50:49","date_gmt":"2023-05-23T17:50:49","guid":{"rendered":"https:\/\/lucacastelli.com\/prodotto\/ariens-off-board-ladegeraet-56v\/"},"modified":"2025-07-22T21:20:14","modified_gmt":"2025-07-22T19:20:14","slug":"ariens-off-board-ladegeraet-56v","status":"publish","type":"product","link":"https:\/\/lucacastelli.com\/de\/produkt\/ariens-off-board-ladegeraet-56v\/","title":{"rendered":"ARIENS Off Board Ladeger\u00e4t 56V"},"content":{"rendered":"<p>Laden Sie unterwegs zus\u00e4tzliche Batterien mit dem externen Ladeger\u00e4t FusionCore auf. Dieses mobile Ladeger\u00e4t sorgt daf\u00fcr, dass Sie immer genug Energie haben, um den ganzen Tag zu m\u00e4hen. <\/p>\n<p>Spannung: 56V<\/p>\n","protected":false},"excerpt":{"rendered":"<p>Laden Sie unterwegs zus\u00e4tzliche Batterien mit dem externen Ladeger\u00e4t FusionCore auf. Dieses mobile Ladeger\u00e4t sorgt daf\u00fcr, dass Sie immer genug<\/p>\n","protected":false},"featured_media":56125,"template":"","meta":{"_seopress_robots_primary_cat":"","_seopress_titles_title":"","_seopress_titles_desc":"","_seopress_robots_index":""},"product_brand":[4391],"product_cat":[29,262,548],"product_tag":[],"class_list":{"0":"post-466082","1":"product","2":"type-product","3":"status-publish","4":"has-post-thumbnail","6":"product_brand-ariens","7":"product_cat-macchinari","8":"product_cat-tosaerba-e-robot","9":"product_cat-tosaerba-zero-turn","11":"first","12":"onbackorder","13":"shipping-taxable","14":"purchasable","15":"product-type-simple"},"_links":{"self":[{"href":"https:\/\/lucacastelli.com\/de\/wp-json\/wp\/v2\/product\/466082","targetHints":{"allow":["GET"]}}],"collection":[{"href":"https:\/\/lucacastelli.com\/de\/wp-json\/wp\/v2\/product"}],"about":[{"href":"https:\/\/lucacastelli.com\/de\/wp-json\/wp\/v2\/types\/product"}],"wp:featuredmedia":[{"embeddable":true,"href":"https:\/\/lucacastelli.com\/de\/wp-json\/wp\/v2\/media\/56125"}],"wp:attachment":[{"href":"https:\/\/lucacastelli.com\/de\/wp-json\/wp\/v2\/media?parent=466082"}],"wp:term":[{"taxonomy":"product_brand","embeddable":true,"href":"https:\/\/lucacastelli.com\/de\/wp-json\/wp\/v2\/product_brand?post=466082"},{"taxonomy":"product_cat","embeddable":true,"href":"https:\/\/lucacastelli.com\/de\/wp-json\/wp\/v2\/product_cat?post=466082"},{"taxonomy":"product_tag","embeddable":true,"href":"https:\/\/lucacastelli.com\/de\/wp-json\/wp\/v2\/product_tag?post=466082"}],"curies":[{"name":"wp","href":"https:\/\/api.w.org\/{rel}","templated":true}]}}