{"id":466076,"date":"2023-05-23T19:50:20","date_gmt":"2023-05-23T17:50:20","guid":{"rendered":"https:\/\/lucacastelli.com\/prodotto\/ariens-schnelladegeraet-56v\/"},"modified":"2025-07-22T21:20:17","modified_gmt":"2025-07-22T19:20:17","slug":"ariens-schnelladegeraet-56v","status":"publish","type":"product","link":"https:\/\/lucacastelli.com\/de\/produkt\/ariens-schnelladegeraet-56v\/","title":{"rendered":"ARIENS Schnelladeger\u00e4t 56V"},"content":{"rendered":"<p>Laden Sie Ihren ZENITH E zero-turn in der H\u00e4lfte der Zeit auf (nur 5,5 Stunden), verglichen mit der Standardladezeit von 12 Stunden. Im Lieferumfang enthalten sind ein zus\u00e4tzliches Standard-Ladeger\u00e4t und ein Y-Verbindungskabel. Mit dem Kabelbaum k\u00f6nnen zwei Ladeger\u00e4te gleichzeitig verwendet werden, um die Ladeleistung zu verdoppeln. Der Kabelbaum erm\u00f6glicht die gleichzeitige Verwendung von zwei Ladeger\u00e4ten, um die Ladeleistung zu verdoppeln.  <\/p>\n","protected":false},"excerpt":{"rendered":"<p>Laden Sie Ihren ZENITH E zero-turn in der H\u00e4lfte der Zeit auf (nur 5,5 Stunden), verglichen mit der Standardladezeit von<\/p>\n","protected":false},"featured_media":56120,"template":"","meta":{"_seopress_robots_primary_cat":"","_seopress_titles_title":"","_seopress_titles_desc":"","_seopress_robots_index":""},"product_brand":[4391],"product_cat":[29,262,548],"product_tag":[],"class_list":{"0":"post-466076","1":"product","2":"type-product","3":"status-publish","4":"has-post-thumbnail","6":"product_brand-ariens","7":"product_cat-macchinari","8":"product_cat-tosaerba-e-robot","9":"product_cat-tosaerba-zero-turn","11":"first","12":"onbackorder","13":"shipping-taxable","14":"purchasable","15":"product-type-simple"},"_links":{"self":[{"href":"https:\/\/lucacastelli.com\/de\/wp-json\/wp\/v2\/product\/466076","targetHints":{"allow":["GET"]}}],"collection":[{"href":"https:\/\/lucacastelli.com\/de\/wp-json\/wp\/v2\/product"}],"about":[{"href":"https:\/\/lucacastelli.com\/de\/wp-json\/wp\/v2\/types\/product"}],"wp:featuredmedia":[{"embeddable":true,"href":"https:\/\/lucacastelli.com\/de\/wp-json\/wp\/v2\/media\/56120"}],"wp:attachment":[{"href":"https:\/\/lucacastelli.com\/de\/wp-json\/wp\/v2\/media?parent=466076"}],"wp:term":[{"taxonomy":"product_brand","embeddable":true,"href":"https:\/\/lucacastelli.com\/de\/wp-json\/wp\/v2\/product_brand?post=466076"},{"taxonomy":"product_cat","embeddable":true,"href":"https:\/\/lucacastelli.com\/de\/wp-json\/wp\/v2\/product_cat?post=466076"},{"taxonomy":"product_tag","embeddable":true,"href":"https:\/\/lucacastelli.com\/de\/wp-json\/wp\/v2\/product_tag?post=466076"}],"curies":[{"name":"wp","href":"https:\/\/api.w.org\/{rel}","templated":true}]}}