{"id":466073,"date":"2023-05-23T19:48:52","date_gmt":"2023-05-23T17:48:52","guid":{"rendered":"https:\/\/lucacastelli.com\/prodotto\/ariens-zenith-60\/"},"modified":"2025-07-22T21:20:12","modified_gmt":"2025-07-22T19:20:12","slug":"ariens-zenith-60","status":"publish","type":"product","link":"https:\/\/lucacastelli.com\/de\/produkt\/ariens-zenith-60\/","title":{"rendered":"ARIENS Zenith 60"},"content":{"rendered":"<p>Der Ariens ZENITH wurde f\u00fcr Profis entwickelt. Er profitiert von unserer ganzen Erfahrung als einer der gr\u00f6\u00dften Hersteller von Zero-Turn-Traktoren in den USA. Professionelle M\u00e4hdecks mit Seiten- oder Heckauswurf, CBT-Technologie mit konstanter Riemenspannung, gefederte Gabeln, professioneller Kawasaki-Motor mit zwei Luftfiltern, komfortabler, voll gefederter Sitz, gebogener Rahmen, extra breite 22-Zoll-Reifen, professioneller Hydrostat und serienm\u00e4\u00dfiger ROPS. Konzipiert f\u00fcr t\u00e4gliche M\u00e4harbeiten mit maximalem Fahrerkomfort. Ausgestattet mit einer echten Profi-Garantie. So m\u00e4hen Profis gro\u00dfe Fl\u00e4chen.     <\/p>\n<p>Motor: Kawasaki 726 cm3<br \/>\nGeschwindigkeit: 13,7 km\/h vorw\u00e4rts \/ 6,4 km\/h r\u00fcckw\u00e4rts<br \/>\nSchnitth\u00f6he: 3,8 &#8211; 12,7 cm (15 Stufen)<br \/>\nAuspuff: Seitenauspuff<br \/>\nGewicht: 419 kg<br \/>\nAbmessungen LxBxH: 206 x 190 x 183\/125 cm<\/p>\n","protected":false},"excerpt":{"rendered":"<p>Der Ariens ZENITH wurde f\u00fcr Profis entwickelt. Er profitiert von unserer ganzen Erfahrung als einer der gr\u00f6\u00dften Hersteller von Zero-Turn-Traktoren<\/p>\n","protected":false},"featured_media":56110,"template":"","meta":{"_seopress_robots_primary_cat":"","_seopress_titles_title":"","_seopress_titles_desc":"","_seopress_robots_index":""},"product_brand":[4391],"product_cat":[29,262,548],"product_tag":[],"class_list":{"0":"post-466073","1":"product","2":"type-product","3":"status-publish","4":"has-post-thumbnail","6":"product_brand-ariens","7":"product_cat-macchinari","8":"product_cat-tosaerba-e-robot","9":"product_cat-tosaerba-zero-turn","11":"first","12":"onbackorder","13":"shipping-taxable","14":"purchasable","15":"product-type-simple"},"_links":{"self":[{"href":"https:\/\/lucacastelli.com\/de\/wp-json\/wp\/v2\/product\/466073","targetHints":{"allow":["GET"]}}],"collection":[{"href":"https:\/\/lucacastelli.com\/de\/wp-json\/wp\/v2\/product"}],"about":[{"href":"https:\/\/lucacastelli.com\/de\/wp-json\/wp\/v2\/types\/product"}],"wp:featuredmedia":[{"embeddable":true,"href":"https:\/\/lucacastelli.com\/de\/wp-json\/wp\/v2\/media\/56110"}],"wp:attachment":[{"href":"https:\/\/lucacastelli.com\/de\/wp-json\/wp\/v2\/media?parent=466073"}],"wp:term":[{"taxonomy":"product_brand","embeddable":true,"href":"https:\/\/lucacastelli.com\/de\/wp-json\/wp\/v2\/product_brand?post=466073"},{"taxonomy":"product_cat","embeddable":true,"href":"https:\/\/lucacastelli.com\/de\/wp-json\/wp\/v2\/product_cat?post=466073"},{"taxonomy":"product_tag","embeddable":true,"href":"https:\/\/lucacastelli.com\/de\/wp-json\/wp\/v2\/product_tag?post=466073"}],"curies":[{"name":"wp","href":"https:\/\/api.w.org\/{rel}","templated":true}]}}