{"id":466064,"date":"2023-05-23T19:47:39","date_gmt":"2023-05-23T17:47:39","guid":{"rendered":"https:\/\/lucacastelli.com\/prodotto\/ariens-zenith-e-48-2x-akku-56v-4kwh\/"},"modified":"2025-07-22T21:20:02","modified_gmt":"2025-07-22T19:20:02","slug":"ariens-zenith-e-48-2x-akku-56v-4kwh","status":"publish","type":"product","link":"https:\/\/lucacastelli.com\/de\/produkt\/ariens-zenith-e-48-2x-akku-56v-4kwh\/","title":{"rendered":"ARIENS Zenith E 48 (2x Akku 56V 4kWh)"},"content":{"rendered":"<p>Der neue Ariens ZENITH E ist ein professioneller, akkubetriebener Allesk\u00f6nner f\u00fcr den Dauereinsatz. Seine Besonderheit: das Ariens FUSIONCORE-Wechselakku-System. <\/p>\n<p>Die vier internen Akkupacks (16 kWh Energie bei 4 Akkus) k\u00f6nnen in Sekundenschnelle ausgetauscht werden. Ein leerer Akku kann in einer FUSIONCORE-Schnellladebox in nur 5 Stunden und 20 Minuten wieder aufgeladen werden! Sie k\u00f6nnen so lange m\u00e4hen, wie Sie wollen, ohne mit einer leeren Maschine zum Aufladen nach Hause gehen zu m\u00fcssen.  <\/p>\n<p>Der ZENITH E bietet Dienstleistern die M\u00f6glichkeit, neue Gesch\u00e4ftsfelder zu erschlie\u00dfen, die keine Emissionen und wenig L\u00e4rm erfordern. Das Ariens FUSIONCORE-System besteht aus Batterien, einer Ladebox, einem elektrischen Radantrieb, elektrischen Messermotoren und einem digitalen Informationsdisplay. Das FUSIONCORE-System ist eine exklusive Ariens-Entwicklung.  <\/p>\n<p>Motor: elektrisch<br \/>\nGeschwindigkeit: 17,7 km\/h vorw\u00e4rts \/ 8,9 km\/h r\u00fcckw\u00e4rts<br \/>\nSchnitth\u00f6he: 3,8 &#8211; 12,7 cm (15 Stufen)<br \/>\nAuswurf: seitlich<br \/>\nGewicht: 572 kg<br \/>\nAbmessungen LxBxH: 211 x 160 x 183\/125 cm<\/p>\n","protected":false},"excerpt":{"rendered":"<p>Der neue Ariens ZENITH E ist ein professioneller, akkubetriebener Allesk\u00f6nner f\u00fcr den Dauereinsatz. Seine Besonderheit: das Ariens FUSIONCORE-Wechselakku-System. Die vier<\/p>\n","protected":false},"featured_media":56105,"template":"","meta":{"_seopress_robots_primary_cat":"","_seopress_titles_title":"","_seopress_titles_desc":"","_seopress_robots_index":""},"product_brand":[4391],"product_cat":[29,262,548],"product_tag":[],"class_list":{"0":"post-466064","1":"product","2":"type-product","3":"status-publish","4":"has-post-thumbnail","6":"product_brand-ariens","7":"product_cat-macchinari","8":"product_cat-tosaerba-e-robot","9":"product_cat-tosaerba-zero-turn","11":"first","12":"onbackorder","13":"shipping-taxable","14":"purchasable","15":"product-type-simple"},"_links":{"self":[{"href":"https:\/\/lucacastelli.com\/de\/wp-json\/wp\/v2\/product\/466064","targetHints":{"allow":["GET"]}}],"collection":[{"href":"https:\/\/lucacastelli.com\/de\/wp-json\/wp\/v2\/product"}],"about":[{"href":"https:\/\/lucacastelli.com\/de\/wp-json\/wp\/v2\/types\/product"}],"wp:featuredmedia":[{"embeddable":true,"href":"https:\/\/lucacastelli.com\/de\/wp-json\/wp\/v2\/media\/56105"}],"wp:attachment":[{"href":"https:\/\/lucacastelli.com\/de\/wp-json\/wp\/v2\/media?parent=466064"}],"wp:term":[{"taxonomy":"product_brand","embeddable":true,"href":"https:\/\/lucacastelli.com\/de\/wp-json\/wp\/v2\/product_brand?post=466064"},{"taxonomy":"product_cat","embeddable":true,"href":"https:\/\/lucacastelli.com\/de\/wp-json\/wp\/v2\/product_cat?post=466064"},{"taxonomy":"product_tag","embeddable":true,"href":"https:\/\/lucacastelli.com\/de\/wp-json\/wp\/v2\/product_tag?post=466064"}],"curies":[{"name":"wp","href":"https:\/\/api.w.org\/{rel}","templated":true}]}}