{"id":466063,"date":"2023-05-23T19:18:36","date_gmt":"2023-05-23T17:18:36","guid":{"rendered":"https:\/\/lucacastelli.com\/prodotto\/ariens-apex-52r\/"},"modified":"2025-07-22T21:20:02","modified_gmt":"2025-07-22T19:20:02","slug":"ariens-apex-52r","status":"publish","type":"product","link":"https:\/\/lucacastelli.com\/de\/produkt\/ariens-apex-52r\/","title":{"rendered":"ARIENS Apex 52R"},"content":{"rendered":"<p>Der Ariens APEX Zero-Turn-M\u00e4her hat sich schnell zu einem Ma\u00dfstab f\u00fcr professionelle Anwender entwickelt. Er bietet kompromisslose Leistung unter allen Einsatzbedingungen. Er wurde sorgf\u00e4ltig entwickelt, um eine au\u00dfergew\u00f6hnliche Schnittqualit\u00e4t zu bieten und gleichzeitig einfach und bequem zu bedienen zu sein. Er kann mit einem ROPS und einem Heckauswurfdeck konfiguriert werden. Der APEX ist bereit, Ihre Anforderungen zu erf\u00fcllen.   <\/p>\n<p>Motor: Kawasaki 726 cm3<br \/>\nGeschwindigkeit: 12,9 km\/h vorw\u00e4rts \/ 6,4 km\/h r\u00fcckw\u00e4rts<br \/>\nSchnitth\u00f6he: 3,8 &#8211; 12,7 cm (15 Stufen)<br \/>\nAuspuff: hinten<br \/>\nGewicht: 390 kg<br \/>\nAbmessungen LxBxH: 201 x 137 x 120 cm<\/p>\n","protected":false},"excerpt":{"rendered":"<p>Der Ariens APEX Zero-Turn-M\u00e4her hat sich schnell zu einem Ma\u00dfstab f\u00fcr professionelle Anwender entwickelt. Er bietet kompromisslose Leistung unter allen<\/p>\n","protected":false},"featured_media":56090,"template":"","meta":{"_seopress_robots_primary_cat":"","_seopress_titles_title":"","_seopress_titles_desc":"","_seopress_robots_index":""},"product_brand":[4391],"product_cat":[29,262,548],"product_tag":[],"class_list":{"0":"post-466063","1":"product","2":"type-product","3":"status-publish","4":"has-post-thumbnail","6":"product_brand-ariens","7":"product_cat-macchinari","8":"product_cat-tosaerba-e-robot","9":"product_cat-tosaerba-zero-turn","11":"first","12":"onbackorder","13":"shipping-taxable","14":"purchasable","15":"product-type-simple"},"_links":{"self":[{"href":"https:\/\/lucacastelli.com\/de\/wp-json\/wp\/v2\/product\/466063","targetHints":{"allow":["GET"]}}],"collection":[{"href":"https:\/\/lucacastelli.com\/de\/wp-json\/wp\/v2\/product"}],"about":[{"href":"https:\/\/lucacastelli.com\/de\/wp-json\/wp\/v2\/types\/product"}],"wp:featuredmedia":[{"embeddable":true,"href":"https:\/\/lucacastelli.com\/de\/wp-json\/wp\/v2\/media\/56090"}],"wp:attachment":[{"href":"https:\/\/lucacastelli.com\/de\/wp-json\/wp\/v2\/media?parent=466063"}],"wp:term":[{"taxonomy":"product_brand","embeddable":true,"href":"https:\/\/lucacastelli.com\/de\/wp-json\/wp\/v2\/product_brand?post=466063"},{"taxonomy":"product_cat","embeddable":true,"href":"https:\/\/lucacastelli.com\/de\/wp-json\/wp\/v2\/product_cat?post=466063"},{"taxonomy":"product_tag","embeddable":true,"href":"https:\/\/lucacastelli.com\/de\/wp-json\/wp\/v2\/product_tag?post=466063"}],"curies":[{"name":"wp","href":"https:\/\/api.w.org\/{rel}","templated":true}]}}