{"id":466043,"date":"2025-05-31T23:04:11","date_gmt":"2025-05-31T21:04:11","guid":{"rendered":"https:\/\/lucacastelli.com\/prodotto\/rma-239-c-inkl-1x-ak-30-s-1x-al-101\/"},"modified":"2026-04-12T12:02:04","modified_gmt":"2026-04-12T10:02:04","slug":"rma-239-c-inkl-1x-ak-30-s-1x-al-101","status":"publish","type":"product","link":"https:\/\/lucacastelli.com\/de\/produkt\/rma-239-c-inkl-1x-ak-30-s-1x-al-101\/","title":{"rendered":"STIHL RMA 239 C mit Akku AK 30 S und Ladeger\u00e4t AL 101"},"content":{"rendered":"<h2 class=\"product-details__title\">F\u00fcr effizientes und komfortables Arbeiten<\/h2>\n<div class=\"product-details__description richtexteditor\">\n<p>Leichter und handlicher Akku-Rasenm\u00e4her mit einer Schnittbreite von 37 cm f\u00fcr kleine und mittelgro\u00dfe Fl\u00e4chen. Mit str\u00f6mungsoptimierter Klinge, zentraler Schnitth\u00f6henverstellung und klappbarem Komfortlenker, mit zwei H\u00f6henverstellungen. Inklusive 40 L faltbarem Grasfangkorb mit F\u00fcllstandsanzeige.  <\/p>\n<\/div>\n<p>&nbsp;<\/p>\n<table data-test-id=\"pdp-spec-tech-table\">\n<tbody>\n<tr>\n<td>Nennleistung<\/td>\n<td>900 W<\/td>\n<\/tr>\n<tr>\n<td>Batteriesystem<\/td>\n<td>AK<\/td>\n<\/tr>\n<tr>\n<td>\u00dcbertragung<\/td>\n<td>&#8212;<\/td>\n<\/tr>\n<tr>\n<td>Gewicht des Ger\u00e4tes ohne Akku<\/td>\n<td>ca. 15 kg<\/td>\n<\/tr>\n<tr>\n<td>Schnittbreite<\/td>\n<td>37 cm<\/td>\n<\/tr>\n<tr>\n<td>Schnitth\u00f6he<\/td>\n<td>30 &#8211; 70 mm<\/td>\n<\/tr>\n<tr>\n<td>Verstellung der Schnitth\u00f6he<\/td>\n<td>5-fach (zentral)<\/td>\n<\/tr>\n<tr>\n<td>Nenndrehzahl des Werkst\u00fccks<\/td>\n<td>3350 U\/min<\/td>\n<\/tr>\n<tr>\n<td>IP-Schutzart<\/td>\n<td>IPX1<\/td>\n<\/tr>\n<tr>\n<td>Maximaler Bereich zum Aufladen der AK 10<\/td>\n<p> Batterie<\/p>\n<td>ca. 120 m\u00b2 <sup>1)<\/sup><\/td>\n<\/tr>\n<tr>\n<td>Maximale Fl\u00e4che zum Aufladen der AK 20<\/td>\n<p> Batterie<\/p>\n<td>ca. 250 m\u00b2 <sup>1)<\/sup><\/td>\n<\/tr>\n<tr>\n<td>Max. Ladefl\u00e4che f\u00fcr den Akku AK 30<\/td>\n<td>330 m\u00b2 <sup>1)<\/sup><\/td>\n<\/tr>\n<tr>\n<td>Maximale Fl\u00e4che pro Batterieladung AK 30 S<\/td>\n<td>330 m\u00b2 <sup>1)<\/sup><\/td>\n<\/tr>\n<tr>\nFassungsverm\u00f6gen der <\/p>\n<td>Grassammelbox<\/td>\n<td>40 l<\/td>\n<\/tr>\n<tr>\n<td>Ger\u00e4tebreite ohne Anbauteile<\/td>\n<td>43 cm<\/td>\n<\/tr>\n<tr>\n<td>\n Maximale Ger\u00e4teh\u00f6he<\/td>\n<td>ca. 107 cm<\/td>\n<\/tr>\n<tr>\nDurchmesser <\/p>\n<td>des Vorderrads<\/td>\n<td>ca. 150 mm<\/td>\n<\/tr>\n<tr>\nDurchmesser <\/p>\n<td>des Hinterrads<\/td>\n<td>ca. 180 mm<\/td>\n<\/tr>\n<tr>\n<td>Gemessener Schalldruckpegel LpA<\/td>\n<td>76 dB(A)<\/td>\n<\/tr>\n<tr>\n<td>Garantierter Schallleistungspegel LWA<\/td>\n<td>91 dB(A)<\/td>\n<\/tr>\n<tr>\n<td>Schalldruckpegel Unsicherheitsfaktor KpA<\/td>\n<td>2 dB(A) <sup>2)<\/sup><\/td>\n<\/tr>\n<tr>\n<td>Vibration Lenker AHW<\/td>\n<td>1,4 m\/s\u00b2<\/td>\n<\/tr>\n<tr>\n<td>Schwingungsunsicherheit K<\/td>\n<td>0,7 m\/s\u00b2 <sup>2)<\/sup><\/td>\n<\/tr>\n<\/tbody>\n<\/table>\n","protected":false},"excerpt":{"rendered":"<p>RMA 239 C, inkl. 1x AK 30 S, 1x AL 101 <\/p>\n","protected":false},"featured_media":424338,"template":"","meta":{"_seopress_robots_primary_cat":"none","_seopress_titles_title":"","_seopress_titles_desc":"","_seopress_robots_index":""},"product_brand":[3554],"product_cat":[1665,169,1656],"product_tag":[3266],"class_list":{"0":"post-466043","1":"product","2":"type-product","3":"status-publish","4":"has-post-thumbnail","6":"product_brand-stihl-de","7":"product_cat-akku-rasenmaher","8":"product_cat-maschinen","9":"product_cat-rasenmaher-und-roboter","10":"product_tag-import-stihl-de","11":"sws-gruppo-macchinari","12":"sws-conto-ricavi-merci-rivendita-macchinari","13":"sws-gruppo-iva-iva81","15":"first","16":"onbackorder","17":"purchasable","18":"product-type-simple"},"_links":{"self":[{"href":"https:\/\/lucacastelli.com\/de\/wp-json\/wp\/v2\/product\/466043","targetHints":{"allow":["GET"]}}],"collection":[{"href":"https:\/\/lucacastelli.com\/de\/wp-json\/wp\/v2\/product"}],"about":[{"href":"https:\/\/lucacastelli.com\/de\/wp-json\/wp\/v2\/types\/product"}],"wp:featuredmedia":[{"embeddable":true,"href":"https:\/\/lucacastelli.com\/de\/wp-json\/wp\/v2\/media\/424338"}],"wp:attachment":[{"href":"https:\/\/lucacastelli.com\/de\/wp-json\/wp\/v2\/media?parent=466043"}],"wp:term":[{"taxonomy":"product_brand","embeddable":true,"href":"https:\/\/lucacastelli.com\/de\/wp-json\/wp\/v2\/product_brand?post=466043"},{"taxonomy":"product_cat","embeddable":true,"href":"https:\/\/lucacastelli.com\/de\/wp-json\/wp\/v2\/product_cat?post=466043"},{"taxonomy":"product_tag","embeddable":true,"href":"https:\/\/lucacastelli.com\/de\/wp-json\/wp\/v2\/product_tag?post=466043"}],"curies":[{"name":"wp","href":"https:\/\/api.w.org\/{rel}","templated":true}]}}