{"id":466041,"date":"2025-05-31T23:02:04","date_gmt":"2025-05-31T21:02:04","guid":{"rendered":"https:\/\/lucacastelli.com\/prodotto\/rma-239-ohne-akku-oder-ladegeraet\/"},"modified":"2026-03-02T14:20:12","modified_gmt":"2026-03-02T13:20:12","slug":"rma-239-ohne-akku-oder-ladegeraet","status":"publish","type":"product","link":"https:\/\/lucacastelli.com\/de\/produkt\/rma-239-ohne-akku-oder-ladegeraet\/","title":{"rendered":"STIHL RMA 239, ohne Akku und Ladeger\u00e4t"},"content":{"rendered":"<p>pLeichter und wendiger Akku-Rasenm\u00e4her mit 37 cm Schnittbreite f\u00fcr kleine bis mittelgro\u00dfe Fl\u00e4chen. Mit str\u00f6mungsoptimiertem Messer, zentraler Schnitth\u00f6henverstellung. Inklusive klappbarem 40-Liter-Grasfangkorb mit F\u00fcllstandsanzeige.\/p<br \/>\n886661760787<\/p>\n<p>Nennleistung 900<br \/>\nAkkusystem Akkusystem<\/p>\n<p>Antrieb Antrieb<br \/>\nGewicht 13,0<br \/>\nSchnittbreite 37<\/p>\n","protected":false},"excerpt":{"rendered":"<p>RMA 239, ohne Akku und Ladeger\u00e4t<\/p>\n","protected":false},"featured_media":424153,"template":"","meta":{"_seopress_robots_primary_cat":"","_seopress_titles_title":"","_seopress_titles_desc":"","_seopress_robots_index":""},"product_brand":[3554],"product_cat":[1665,169,1656],"product_tag":[3266],"class_list":{"0":"post-466041","1":"product","2":"type-product","3":"status-publish","4":"has-post-thumbnail","6":"product_brand-stihl-de","7":"product_cat-akku-rasenmaher","8":"product_cat-maschinen","9":"product_cat-rasenmaher-und-roboter","10":"product_tag-import-stihl-de","11":"sws-gruppo-macchinari-de","12":"sws-conto-ricavi-merci-rivendita-macchinari-de","13":"sws-gruppo-iva-iva81-de","15":"first","16":"onbackorder","17":"purchasable","18":"product-type-simple"},"_links":{"self":[{"href":"https:\/\/lucacastelli.com\/de\/wp-json\/wp\/v2\/product\/466041","targetHints":{"allow":["GET"]}}],"collection":[{"href":"https:\/\/lucacastelli.com\/de\/wp-json\/wp\/v2\/product"}],"about":[{"href":"https:\/\/lucacastelli.com\/de\/wp-json\/wp\/v2\/types\/product"}],"wp:featuredmedia":[{"embeddable":true,"href":"https:\/\/lucacastelli.com\/de\/wp-json\/wp\/v2\/media\/424153"}],"wp:attachment":[{"href":"https:\/\/lucacastelli.com\/de\/wp-json\/wp\/v2\/media?parent=466041"}],"wp:term":[{"taxonomy":"product_brand","embeddable":true,"href":"https:\/\/lucacastelli.com\/de\/wp-json\/wp\/v2\/product_brand?post=466041"},{"taxonomy":"product_cat","embeddable":true,"href":"https:\/\/lucacastelli.com\/de\/wp-json\/wp\/v2\/product_cat?post=466041"},{"taxonomy":"product_tag","embeddable":true,"href":"https:\/\/lucacastelli.com\/de\/wp-json\/wp\/v2\/product_tag?post=466041"}],"curies":[{"name":"wp","href":"https:\/\/api.w.org\/{rel}","templated":true}]}}