{"id":466022,"date":"2025-05-31T22:23:40","date_gmt":"2025-05-31T20:23:40","guid":{"rendered":"https:\/\/lucacastelli.com\/prodotto\/rla-240-ohne-akku-und-ladegeraet\/"},"modified":"2026-04-20T15:45:35","modified_gmt":"2026-04-20T13:45:35","slug":"rla-240-ohne-akku-und-ladegeraet","status":"publish","type":"product","link":"https:\/\/lucacastelli.com\/de\/produkt\/rla-240-ohne-akku-und-ladegeraet\/","title":{"rendered":"STIHL RLA 240, ohne Akku und Ladeger\u00e4t"},"content":{"rendered":"<p>Kompakter Akku-Vertikutierer zum Bel\u00fcften und Filzen kleinerer Rasenfl\u00e4chen. Zentrale Einstellung der Arbeitstiefe mittels Drehknopf am Geh\u00e4use, 4-fach h\u00f6henverstellbarer Lenker, Arbeitsbreite 34 cm, 16 Messer. Inklusive Bel\u00fcftungsrolle und 50 Liter Grasfangkorb.<br \/>\n886661310777  <\/p>\n<p>Nennleistung 900<br \/>\nBatteriesystem Batteriesystem<\/p>\n<p>Gewicht Gewicht<br \/>\nRasenfl\u00e4che 500<br \/>\nArbeitstiefe 15<\/p>\n","protected":false},"excerpt":{"rendered":"<p>RLA 240, ohne Akku und Ladeger\u00e4t<\/p>\n","protected":false},"featured_media":422002,"template":"","meta":{"_seopress_robots_primary_cat":"","_seopress_titles_title":"","_seopress_titles_desc":"","_seopress_robots_index":""},"product_brand":[3366],"product_cat":[29,262,492],"product_tag":[3265],"class_list":{"0":"post-466022","1":"product","2":"type-product","3":"status-publish","4":"has-post-thumbnail","6":"product_brand-stihl","7":"product_cat-macchinari","8":"product_cat-tosaerba-e-robot","9":"product_cat-arieggiatori","10":"product_tag-import-stihl","11":"sws-gruppo-macchinari-de","12":"sws-conto-ricavi-merci-rivendita-macchinari-de","13":"sws-gruppo-iva-iva81-de","15":"first","16":"onbackorder","17":"purchasable","18":"product-type-simple"},"_links":{"self":[{"href":"https:\/\/lucacastelli.com\/de\/wp-json\/wp\/v2\/product\/466022","targetHints":{"allow":["GET"]}}],"collection":[{"href":"https:\/\/lucacastelli.com\/de\/wp-json\/wp\/v2\/product"}],"about":[{"href":"https:\/\/lucacastelli.com\/de\/wp-json\/wp\/v2\/types\/product"}],"wp:featuredmedia":[{"embeddable":true,"href":"https:\/\/lucacastelli.com\/de\/wp-json\/wp\/v2\/media\/422002"}],"wp:attachment":[{"href":"https:\/\/lucacastelli.com\/de\/wp-json\/wp\/v2\/media?parent=466022"}],"wp:term":[{"taxonomy":"product_brand","embeddable":true,"href":"https:\/\/lucacastelli.com\/de\/wp-json\/wp\/v2\/product_brand?post=466022"},{"taxonomy":"product_cat","embeddable":true,"href":"https:\/\/lucacastelli.com\/de\/wp-json\/wp\/v2\/product_cat?post=466022"},{"taxonomy":"product_tag","embeddable":true,"href":"https:\/\/lucacastelli.com\/de\/wp-json\/wp\/v2\/product_tag?post=466022"}],"curies":[{"name":"wp","href":"https:\/\/api.w.org\/{rel}","templated":true}]}}