{"id":466014,"date":"2025-05-31T22:15:04","date_gmt":"2025-05-31T20:15:04","guid":{"rendered":"https:\/\/lucacastelli.com\/prodotto\/rma-7-rv-ohne-akku-ladegeraet\/"},"modified":"2025-06-29T13:45:30","modified_gmt":"2025-06-29T11:45:30","slug":"rma-7-rv-ohne-akku-ladegeraet","status":"publish","type":"product","link":"https:\/\/lucacastelli.com\/de\/produkt\/rma-7-rv-ohne-akku-ladegeraet\/","title":{"rendered":"STIHL RMA 7 RV, ohne Akku + Ladeger\u00e4t"},"content":{"rendered":"<p>pDer STIHL RMA 7nbsp Mulchrasenm\u00e4her; RV kommt ohne Benzin und Kabel aus: Angetrieben wird es vom zuverl\u00e4ssigen AP-System, dessen hochwertige Lithium-Ionen-Akkus auch in STIHL Profiwerkzeugen zum Einsatz kommen. Die Batterien haben genug Energie, um auf gro\u00dfen Rasenfl\u00e4chen zu arbeiten. Da es sich um einen speziellen Mulchm\u00e4her handelt, RMA 7nbsp; RV erm\u00f6glicht ein besonders schnelles Arbeiten. Fein geh\u00e4ckseltes Gras verbleibt als nat\u00fcrlicher D\u00fcnger in einem Arbeitsgang im Rasen. Ein Entleeren des Grasfangkorbs ist somit nicht mehr notwendig.nbsp;\/ppDer STIHL RMA 7 Mulchrasenm\u00e4her; Wohnmobil mit 51nbsp Schnittbreite; cm, 4-in-1-Funktion, ist ideal f\u00fcr gro\u00dfe Fl\u00e4chen geeignet. Er verf\u00fcgt \u00fcber einen elektrischen Vario-Antrieb sowie ein HMI-Bedienelement f\u00fcr mehr Bedienkomfort.<br \/>\n886661910144<\/p>\n<p>Nennleistung 3100<br \/>\nBatteriesystem Batteriesystem<\/p>\n<p>Getriebe Getriebegewicht<br \/>\n45.0<br \/>\nSchnittbreite 51<\/p>\n","protected":false},"excerpt":{"rendered":"<p>pDer STIHL RMA 7nbsp Mulchrasenm\u00e4her; RV kommt ohne Benzin und Kabel aus: Angetrieben wird es vom zuverl\u00e4ssigen AP-System, dessen hochwertige<\/p>\n","protected":false},"featured_media":437130,"template":"","meta":{"_seopress_robots_primary_cat":"","_seopress_titles_title":"","_seopress_titles_desc":"","_seopress_robots_index":""},"product_brand":[3366],"product_cat":[29,262,488],"product_tag":[3265],"class_list":{"0":"post-466014","1":"product","2":"type-product","3":"status-publish","4":"has-post-thumbnail","6":"product_brand-stihl","7":"product_cat-macchinari","8":"product_cat-tosaerba-e-robot","9":"product_cat-tosaerba-a-batteria","10":"product_tag-import-stihl","11":"sws-gruppo-macchinari-de","12":"sws-conto-ricavi-merci-rivendita-macchinari-de","13":"sws-gruppo-iva-iva81-de","15":"first","16":"onbackorder","17":"purchasable","18":"product-type-simple"},"_links":{"self":[{"href":"https:\/\/lucacastelli.com\/de\/wp-json\/wp\/v2\/product\/466014","targetHints":{"allow":["GET"]}}],"collection":[{"href":"https:\/\/lucacastelli.com\/de\/wp-json\/wp\/v2\/product"}],"about":[{"href":"https:\/\/lucacastelli.com\/de\/wp-json\/wp\/v2\/types\/product"}],"wp:featuredmedia":[{"embeddable":true,"href":"https:\/\/lucacastelli.com\/de\/wp-json\/wp\/v2\/media\/437130"}],"wp:attachment":[{"href":"https:\/\/lucacastelli.com\/de\/wp-json\/wp\/v2\/media?parent=466014"}],"wp:term":[{"taxonomy":"product_brand","embeddable":true,"href":"https:\/\/lucacastelli.com\/de\/wp-json\/wp\/v2\/product_brand?post=466014"},{"taxonomy":"product_cat","embeddable":true,"href":"https:\/\/lucacastelli.com\/de\/wp-json\/wp\/v2\/product_cat?post=466014"},{"taxonomy":"product_tag","embeddable":true,"href":"https:\/\/lucacastelli.com\/de\/wp-json\/wp\/v2\/product_tag?post=466014"}],"curies":[{"name":"wp","href":"https:\/\/api.w.org\/{rel}","templated":true}]}}