{"id":466013,"date":"2025-05-31T22:14:57","date_gmt":"2025-05-31T20:14:57","guid":{"rendered":"https:\/\/lucacastelli.com\/prodotto\/rma-750-v-ohne-akku-ladegeraet\/"},"modified":"2025-06-29T13:45:12","modified_gmt":"2025-06-29T11:45:12","slug":"rma-750-v-ohne-akku-ladegeraet","status":"publish","type":"product","link":"https:\/\/lucacastelli.com\/de\/produkt\/rma-750-v-ohne-akku-ladegeraet\/","title":{"rendered":"STIHL RMA 750 V, ohne Akku + Ladeger\u00e4t"},"content":{"rendered":"<p>pLeistungsstarker Akku-Rasenm\u00e4her mit 48 nbsp; cm Schnittbreite f\u00fcr mittelgro\u00dfe Rasenfl\u00e4chen. Zentrale Schnitth\u00f6henverstellung und Komfortlenker. Vario-Elektroantrieb f\u00fcr komfortables Arbeiten Der STIHL RMA 750nbsp Rasenm\u00e4her; V verf\u00fcgt \u00fcber einen Grasfangkorb mit einem Fassungsverm\u00f6gen von 80 Litern und einen Mulchkeil.\/p<br \/>\n886661909278<\/p>\n<p>Nennleistung 3100<br \/>\nBatteriebetriebenes System Batteriebetriebenes<\/p>\n<p>System Getriebe Getriebe Getriebe Gewicht<br \/>\n50,0<br \/>\nSchnittbreite 48<\/p>\n","protected":false},"excerpt":{"rendered":"<p>pLeistungsstarker Akku-Rasenm\u00e4her mit 48 nbsp; cm Schnittbreite f\u00fcr mittelgro\u00dfe Rasenfl\u00e4chen. Zentrale Schnitth\u00f6henverstellung und Komfortlenker. Vario-Elektroantrieb f\u00fcr komfortables Arbeiten Der STIHL<\/p>\n","protected":false},"featured_media":437104,"template":"","meta":{"_seopress_robots_primary_cat":"","_seopress_titles_title":"","_seopress_titles_desc":"","_seopress_robots_index":""},"product_brand":[3554],"product_cat":[1665,169,1656],"product_tag":[3266],"class_list":{"0":"post-466013","1":"product","2":"type-product","3":"status-publish","4":"has-post-thumbnail","6":"product_brand-stihl-de","7":"product_cat-akku-rasenmaher","8":"product_cat-maschinen","9":"product_cat-rasenmaher-und-roboter","10":"product_tag-import-stihl-de","11":"sws-gruppo-macchinari-de","12":"sws-conto-ricavi-merci-rivendita-macchinari-de","13":"sws-gruppo-iva-iva81-de","15":"first","16":"onbackorder","17":"purchasable","18":"product-type-simple"},"_links":{"self":[{"href":"https:\/\/lucacastelli.com\/de\/wp-json\/wp\/v2\/product\/466013","targetHints":{"allow":["GET"]}}],"collection":[{"href":"https:\/\/lucacastelli.com\/de\/wp-json\/wp\/v2\/product"}],"about":[{"href":"https:\/\/lucacastelli.com\/de\/wp-json\/wp\/v2\/types\/product"}],"wp:featuredmedia":[{"embeddable":true,"href":"https:\/\/lucacastelli.com\/de\/wp-json\/wp\/v2\/media\/437104"}],"wp:attachment":[{"href":"https:\/\/lucacastelli.com\/de\/wp-json\/wp\/v2\/media?parent=466013"}],"wp:term":[{"taxonomy":"product_brand","embeddable":true,"href":"https:\/\/lucacastelli.com\/de\/wp-json\/wp\/v2\/product_brand?post=466013"},{"taxonomy":"product_cat","embeddable":true,"href":"https:\/\/lucacastelli.com\/de\/wp-json\/wp\/v2\/product_cat?post=466013"},{"taxonomy":"product_tag","embeddable":true,"href":"https:\/\/lucacastelli.com\/de\/wp-json\/wp\/v2\/product_tag?post=466013"}],"curies":[{"name":"wp","href":"https:\/\/api.w.org\/{rel}","templated":true}]}}