{"id":466008,"date":"2025-05-31T22:15:03","date_gmt":"2025-05-31T20:15:03","guid":{"rendered":"https:\/\/lucacastelli.com\/prodotto\/rma-756-v-ohne-akku-ladegeraet\/"},"modified":"2025-06-29T13:45:23","modified_gmt":"2025-06-29T11:45:23","slug":"rma-756-v-ohne-akku-ladegeraet","status":"publish","type":"product","link":"https:\/\/lucacastelli.com\/de\/produkt\/rma-756-v-ohne-akku-ladegeraet\/","title":{"rendered":"STIHL RMA 756 V, ohne Akku + Ladeger\u00e4t"},"content":{"rendered":"<p>Der STIHL Profi-Rasenm\u00e4her RMA 756 V mit 54 cm Schnittbreite, 4-in-1-Funktion; br \/ist ideal f\u00fcr gro\u00dfe Fl\u00e4chen geeignet.nbsp;\/ppDer M\u00e4her verf\u00fcgt \u00fcber einen Vario-Elektroantrieb sowie ein HMI-Bedienelement f\u00fcr mehr Bedienkomfort. Ausgestattet mit einem Grasfangkorb mit einem Fassungsverm\u00f6gen von 80 Litern und einem Mulchkit.\/p<br \/>\n886661909308<\/p>\n<p>Nennleistung 3100<br \/>\nBatteriebetriebenes System Batteriebetriebenes<\/p>\n<p>System Getriebe Getriebe Getriebe Gewicht<br \/>\n52,0<br \/>\nSchnittbreite 54<\/p>\n","protected":false},"excerpt":{"rendered":"<p>Der STIHL Profi-Rasenm\u00e4her RMA 756 V mit 54 cm Schnittbreite, 4-in-1-Funktion; br \/ist ideal f\u00fcr gro\u00dfe Fl\u00e4chen geeignet.nbsp;\/ppDer M\u00e4her verf\u00fcgt<\/p>\n","protected":false},"featured_media":437117,"template":"","meta":{"_seopress_robots_primary_cat":"","_seopress_titles_title":"","_seopress_titles_desc":"","_seopress_robots_index":""},"product_brand":[3366],"product_cat":[29,262,488],"product_tag":[3265],"class_list":{"0":"post-466008","1":"product","2":"type-product","3":"status-publish","4":"has-post-thumbnail","6":"product_brand-stihl","7":"product_cat-macchinari","8":"product_cat-tosaerba-e-robot","9":"product_cat-tosaerba-a-batteria","10":"product_tag-import-stihl","11":"sws-gruppo-macchinari-de","12":"sws-conto-ricavi-merci-rivendita-macchinari-de","13":"sws-gruppo-iva-iva81-de","15":"first","16":"onbackorder","17":"purchasable","18":"product-type-simple"},"_links":{"self":[{"href":"https:\/\/lucacastelli.com\/de\/wp-json\/wp\/v2\/product\/466008","targetHints":{"allow":["GET"]}}],"collection":[{"href":"https:\/\/lucacastelli.com\/de\/wp-json\/wp\/v2\/product"}],"about":[{"href":"https:\/\/lucacastelli.com\/de\/wp-json\/wp\/v2\/types\/product"}],"wp:featuredmedia":[{"embeddable":true,"href":"https:\/\/lucacastelli.com\/de\/wp-json\/wp\/v2\/media\/437117"}],"wp:attachment":[{"href":"https:\/\/lucacastelli.com\/de\/wp-json\/wp\/v2\/media?parent=466008"}],"wp:term":[{"taxonomy":"product_brand","embeddable":true,"href":"https:\/\/lucacastelli.com\/de\/wp-json\/wp\/v2\/product_brand?post=466008"},{"taxonomy":"product_cat","embeddable":true,"href":"https:\/\/lucacastelli.com\/de\/wp-json\/wp\/v2\/product_cat?post=466008"},{"taxonomy":"product_tag","embeddable":true,"href":"https:\/\/lucacastelli.com\/de\/wp-json\/wp\/v2\/product_tag?post=466008"}],"curies":[{"name":"wp","href":"https:\/\/api.w.org\/{rel}","templated":true}]}}