{"id":466005,"date":"2025-05-31T22:14:54","date_gmt":"2025-05-31T20:14:54","guid":{"rendered":"https:\/\/lucacastelli.com\/prodotto\/imow-3-evo\/"},"modified":"2025-06-29T13:44:58","modified_gmt":"2025-06-29T11:44:58","slug":"imow-3-evo","status":"publish","type":"product","link":"https:\/\/lucacastelli.com\/de\/produkt\/imow-3-evo\/","title":{"rendered":"STIHL iMOW 3 EVO"},"content":{"rendered":"<p>Die STIHL Modelle iMOW\u00ae 3 und 4 mit einer Schnittbreite von 20 Zentimetern sind f\u00fcr die automatische Pflege von Rasenfl\u00e4chen bis 500 bzw. 1.000 Quadratmetern konzipiert und in zwei Varianten erh\u00e4ltlich: iMOW\u00ae und iMOW\u00ae EVO. Die EVO-Varianten zeichnen sich nicht nur durch ihre Bauweise aus, sondern auch durch mehr Leistung und damit unter anderem durch eine h\u00f6here Fahrgeschwindigkeit, begleitet von einer k\u00fcrzeren M\u00e4hzeit. So k\u00f6nnen Gartenbesitzer mehr Freizeit in ihrer Gr\u00fcnfl\u00e4che genie\u00dfen. Dank des Scheibenschneidsystems und des intelligenten, an die Gegebenheiten angepassten Fahrverhaltens \u00fcberzeugen die iMOW\u00ae M\u00e4hroboter mit einem perfekten Schnittergebnis und einer gleichbleibend hohen Schnittqualit\u00e4t.\/ppiMOW Roboter bew\u00e4ltigen auch Steigungen von bis zu 40 % (bei den EVO-Modellen sogar bis zu 45 %) oder unebenes Gel\u00e4nde problemlos. Die Steuerung der STIHL M\u00e4hroboter iMOW\u00ae 3 und 4 erfolgt \u00fcber die MY iMOW\u00ae App.<br \/>\n886661058112<\/p>\n<p>Gewicht des Ger\u00e4tes 10.6<br \/>\nMaximale Steigung Maximale Steigung<\/p>\n<p>Max. Neigung mit Schr\u00e4gsatz Max. Neigung mit Schr\u00e4gsatz<br \/>\nSchnittbreite 20<br \/>\nMin Schnitth\u00f6he 20<\/p>\n","protected":false},"excerpt":{"rendered":"<p>Die STIHL Modelle iMOW\u00ae 3 und 4 mit einer Schnittbreite von 20 Zentimetern sind f\u00fcr die automatische Pflege von Rasenfl\u00e4chen<\/p>\n","protected":false},"featured_media":437065,"template":"","meta":{"_seopress_robots_primary_cat":"","_seopress_titles_title":"","_seopress_titles_desc":"","_seopress_robots_index":""},"product_brand":[3554],"product_cat":[169,1656,1663],"product_tag":[3266],"class_list":{"0":"post-466005","1":"product","2":"type-product","3":"status-publish","4":"has-post-thumbnail","6":"product_brand-stihl-de","7":"product_cat-maschinen","8":"product_cat-rasenmaher-und-roboter","9":"product_cat-rasenmaher-roboter","10":"product_tag-import-stihl-de","11":"sws-gruppo-macchinari-de","12":"sws-conto-ricavi-merci-rivendita-macchinari-de","13":"sws-gruppo-iva-iva81-de","15":"first","16":"onbackorder","17":"purchasable","18":"product-type-simple"},"_links":{"self":[{"href":"https:\/\/lucacastelli.com\/de\/wp-json\/wp\/v2\/product\/466005","targetHints":{"allow":["GET"]}}],"collection":[{"href":"https:\/\/lucacastelli.com\/de\/wp-json\/wp\/v2\/product"}],"about":[{"href":"https:\/\/lucacastelli.com\/de\/wp-json\/wp\/v2\/types\/product"}],"wp:featuredmedia":[{"embeddable":true,"href":"https:\/\/lucacastelli.com\/de\/wp-json\/wp\/v2\/media\/437065"}],"wp:attachment":[{"href":"https:\/\/lucacastelli.com\/de\/wp-json\/wp\/v2\/media?parent=466005"}],"wp:term":[{"taxonomy":"product_brand","embeddable":true,"href":"https:\/\/lucacastelli.com\/de\/wp-json\/wp\/v2\/product_brand?post=466005"},{"taxonomy":"product_cat","embeddable":true,"href":"https:\/\/lucacastelli.com\/de\/wp-json\/wp\/v2\/product_cat?post=466005"},{"taxonomy":"product_tag","embeddable":true,"href":"https:\/\/lucacastelli.com\/de\/wp-json\/wp\/v2\/product_tag?post=466005"}],"curies":[{"name":"wp","href":"https:\/\/api.w.org\/{rel}","templated":true}]}}