{"id":465993,"date":"2025-05-31T21:58:36","date_gmt":"2025-05-31T19:58:36","guid":{"rendered":"https:\/\/lucacastelli.com\/prodotto\/rma-248-t-ohne-akku-oder-ladegeraet\/"},"modified":"2025-07-20T23:56:56","modified_gmt":"2025-07-20T21:56:56","slug":"rma-248-t-ohne-akku-oder-ladegeraet","status":"publish","type":"product","link":"https:\/\/lucacastelli.com\/de\/produkt\/rma-248-t-ohne-akku-oder-ladegeraet\/","title":{"rendered":"STIHL RMA 248 T Nur Maschine"},"content":{"rendered":"<h2 class=\"product-details__title\">Komfortables Arbeiten auf mittelgro\u00dfen Rasenfl\u00e4chen<\/h2>\n<div class=\"product-details__description richtexteditor\">\n<p>Akku-Rasenm\u00e4her mit 46 cm Schnittbreite, 4-in-1-Funktion, Seitenauswurf, Mulchkeil und Multimesser f\u00fcr mittelgro\u00dfe Rasenfl\u00e4chen in l\u00e4rmempfindlichen Umgebungen. Stahlblechgeh\u00e4use mit EC-Motor, zus\u00e4tzlichem Batteriefach und 1-Gang-Antrieb f\u00fcr maximalen Komfort. Zentrale Schnitth\u00f6henverstellung, klappbarer Komfortlenker, mit 2 H\u00f6henverstellstufen. Inklusive 52 Liter klappbarem Grasfangkorb mit F\u00fcllstandsanzeige.   <\/p>\n<\/div>\n<p>&nbsp;<\/p>\n<p>TECHNISCHE DATEN<\/p>\n<p>&nbsp;<\/p>\n<p>&nbsp;<\/p>\n<table data-test-id=\"pdp-spec-tech-table\">\n<tbody>\n<tr>\n<td>Nennleistung<\/td>\n<td>1200 W<\/td>\n<\/tr>\n<tr>\n<td>Batteriesystem<\/td>\n<td>AK<\/td>\n<\/tr>\n<tr>\n<td>\u00dcbertragung<\/td>\n<td>3,5 km\/h<\/td>\n<\/tr>\n<tr>\n<td>Gewicht des Ger\u00e4tes ohne Akku<\/td>\n<td>29 kg<\/td>\n<\/tr>\n<tr>\n<td>Schnittbreite<\/td>\n<td>46 cm<\/td>\n<\/tr>\n<tr>\n<td>Schnitth\u00f6he<\/td>\n<td>20 &#8211; 100 mm<\/td>\n<\/tr>\n<tr>\n<td>Einstellung der Schnitth\u00f6he<\/td>\n<td>7-fach (zentral)<\/td>\n<\/tr>\n<tr>\n<td>Nenndrehzahl des Werkst\u00fccks<\/td>\n<td>3000 U\/min<\/td>\n<\/tr>\n<tr>\n<td>IP-Schutzart<\/td>\n<td>IPX4<\/td>\n<\/tr>\n<tr>\n<td>Maximaler Bereich zum Aufladen der AK 10<\/td>\n<p> Batterie<\/p>\n<td>ca. 130 m\u00b2 <sup>1)<\/sup><\/td>\n<\/tr>\n<tr>\n<td>Maximale Fl\u00e4che zum Aufladen der AK 20<\/td>\n<p> Batterie<\/p>\n<td>ca. 260 m\u00b2 <sup>1)<\/sup><\/td>\n<\/tr>\n<tr>\n<td>Max. Ladefl\u00e4che f\u00fcr den Akku AK 30<\/td>\n<td>340 m\u00b2 <sup>1)<\/sup><\/td>\n<\/tr>\n<tr>\n<td>Maximale Ladefl\u00e4che f\u00fcr den Akku AK 30 S<\/td>\n<td>340 m\u00b2 <sup>1)<\/sup><\/td>\n<\/tr>\n<tr>\n<td>Fassungsverm\u00f6gen des Grasf\u00e4ngers<\/td>\n<td>52 l<\/td>\n<\/tr>\n<tr>\n<td>Ger\u00e4tebreite ohne Anbauteile<\/td>\n<td>51 cm<\/td>\n<\/tr>\n<tr>\n<td>\n Maximale Ger\u00e4teh\u00f6he<\/td>\n<td>ca. 117 cm<\/td>\n<\/tr>\n<tr>\n<td>Durchmesser Vorderrad<\/td>\n<td>180 mm<\/td>\n<\/tr>\n<tr>\n<td>Durchmesser Hinterrad<\/td>\n<td>200 mm<\/td>\n<\/tr>\n<tr>\n<td>Gemessener Schalldruckpegel LpA<\/td>\n<td>79 dB(A)<\/td>\n<\/tr>\n<tr>\n<td>Garantierter Schallleistungspegel LWA<\/td>\n<td>95 dB(A)<\/td>\n<\/tr>\n<tr>\n<td>Schalldruckpegel Unsicherheitsfaktor KpA<\/td>\n<td>2 dB(A) <sup>2)<\/sup><\/td>\n<\/tr>\n<tr>\n<td>Lenker-Vibration ahw<\/td>\n<td>1,8 m\/s\u00b2<\/td>\n<\/tr>\n<tr>\n<td>Schwingungsunsicherheit K<\/td>\n<td>0,9 m\/s\u00b2 <sup>2)<\/sup><\/td>\n<\/tr>\n<\/tbody>\n<\/table>\n","protected":false},"excerpt":{"rendered":"<p>Komfortables Arbeiten auf mittelgro\u00dfen Rasenfl\u00e4chen Akku-Rasenm\u00e4her mit 46 cm Schnittbreite, 4-in-1-Funktion, Seitenauswurf, Mulchkeil und Multimesser f\u00fcr mittelgro\u00dfe Rasenfl\u00e4chen in l\u00e4rmempfindlichen<\/p>\n","protected":false},"featured_media":424735,"template":"","meta":{"_seopress_robots_primary_cat":"none","_seopress_titles_title":"","_seopress_titles_desc":"","_seopress_robots_index":""},"product_brand":[3554],"product_cat":[1665,169,1656],"product_tag":[3266],"class_list":{"0":"post-465993","1":"product","2":"type-product","3":"status-publish","4":"has-post-thumbnail","6":"product_brand-stihl-de","7":"product_cat-akku-rasenmaher","8":"product_cat-maschinen","9":"product_cat-rasenmaher-und-roboter","10":"product_tag-import-stihl-de","11":"sws-gruppo-macchinari","12":"sws-conto-ricavi-merci-rivendita-macchinari","13":"sws-gruppo-iva-iva81","15":"first","16":"onbackorder","17":"purchasable","18":"product-type-simple"},"_links":{"self":[{"href":"https:\/\/lucacastelli.com\/de\/wp-json\/wp\/v2\/product\/465993","targetHints":{"allow":["GET"]}}],"collection":[{"href":"https:\/\/lucacastelli.com\/de\/wp-json\/wp\/v2\/product"}],"about":[{"href":"https:\/\/lucacastelli.com\/de\/wp-json\/wp\/v2\/types\/product"}],"wp:featuredmedia":[{"embeddable":true,"href":"https:\/\/lucacastelli.com\/de\/wp-json\/wp\/v2\/media\/424735"}],"wp:attachment":[{"href":"https:\/\/lucacastelli.com\/de\/wp-json\/wp\/v2\/media?parent=465993"}],"wp:term":[{"taxonomy":"product_brand","embeddable":true,"href":"https:\/\/lucacastelli.com\/de\/wp-json\/wp\/v2\/product_brand?post=465993"},{"taxonomy":"product_cat","embeddable":true,"href":"https:\/\/lucacastelli.com\/de\/wp-json\/wp\/v2\/product_cat?post=465993"},{"taxonomy":"product_tag","embeddable":true,"href":"https:\/\/lucacastelli.com\/de\/wp-json\/wp\/v2\/product_tag?post=465993"}],"curies":[{"name":"wp","href":"https:\/\/api.w.org\/{rel}","templated":true}]}}