{"id":465990,"date":"2025-05-31T22:14:33","date_gmt":"2025-05-31T20:14:33","guid":{"rendered":"https:\/\/lucacastelli.com\/prodotto\/rma-448-pv-inkl-1x-ap-300-s-1x-al-301\/"},"modified":"2025-07-20T23:57:15","modified_gmt":"2025-07-20T21:57:15","slug":"rma-448-pv-inkl-1x-ap-300-s-1x-al-301","status":"publish","type":"product","link":"https:\/\/lucacastelli.com\/de\/produkt\/rma-448-pv-inkl-1x-ap-300-s-1x-al-301\/","title":{"rendered":"STIHL RMA 448 PV mit AP 300 S und AL 301"},"content":{"rendered":"<h2 class=\"product-details__title\">Leistungsstarker Akku-Rasenm\u00e4her f\u00fcr mittelgro\u00dfe Rasenfl\u00e4chen<\/h2>\n<div class=\"product-details__description richtexteditor\">\n<p>Akku-Rasenm\u00e4her mit 46 dm Schnittbreite, 4-in-1-Funktion, Seitenauswurf, Mulchklappe und Multimesser f\u00fcr mittelgro\u00dfe Rasenfl\u00e4chen. Kunststoffgeh\u00e4use mit Kunststoff-Schutzblech, zentraler Schnitth\u00f6henverstellung und klappbarem, h\u00f6henverstellbarem Komfortlenker in zwei Positionen. Mit str\u00f6mungsoptimierter Klinge und automatischer Drehzahlanpassung f\u00fcr l\u00e4ngere Lebensdauer. Vario-Elektroantrieb und HMI-Bedienelement f\u00fcr mehr Bedienkomfort. Zwei aktive Batterief\u00e4cher, um zwei Batterien nacheinander zu verwenden. Inklusive 52 L faltbarem Grasfangkorb, mit F\u00fcllstandsanzeige.     <\/p>\n<\/div>\n<p>&nbsp;<\/p>\n<p>TECHNISCHE DATEN<\/p>\n<p>&nbsp;<\/p>\n<p>&nbsp;<\/p>\n<table data-test-id=\"pdp-spec-tech-table\">\n<tbody>\n<tr>\n<td>Leistung<\/td>\n<td>1450 W<\/td>\n<\/tr>\n<tr>\n<td>Batteriesystem<\/td>\n<td>AP<\/td>\n<\/tr>\n<tr>\n<td>\u00dcbertragung<\/td>\n<td>2,0 &#8211; 4,5 km\/h<\/td>\n<\/tr>\n<tr>\n<td>Gewicht des Ger\u00e4tes ohne Akku<\/td>\n<td>28 kg<\/td>\n<\/tr>\n<tr>\n<td>Schnittbreite<\/td>\n<td>46 cm<\/td>\n<\/tr>\n<tr>\n<td>Schnitth\u00f6he<\/td>\n<td>20 &#8211; 100 mm<\/td>\n<\/tr>\n<tr>\n<td>Nenndrehzahl des Werkst\u00fccks<\/td>\n<td>3000 U\/min<\/td>\n<\/tr>\n<tr>\n<td>IP-Schutzart<\/td>\n<td>IPX4<\/td>\n<\/tr>\n<tr>\n<td>Maximale Fl\u00e4che zum Aufladen des Akkus AP 200<\/td>\n<td>340 m\u00b2 <sup>1)<\/sup><\/td>\n<\/tr>\n<tr>\n<td>Maximale Ladefl\u00e4che f\u00fcr den Akku AP 200 S<\/td>\n<td>340 m\u00b2 <sup>1)<\/sup><\/td>\n<\/tr>\n<tr>\n<td>Maximale Ladefl\u00e4che f\u00fcr den Akku AP 300 S<\/td>\n<td>510 m\u00b2 <sup>1)<\/sup><\/td>\n<\/tr>\n<tr>\n<td>Maximale Ladefl\u00e4che f\u00fcr den Akku AP 500 S<\/td>\n<td>610 m\u00b2 <sup>1)<\/sup><\/td>\n<\/tr>\n<tr>\n<td>Fassungsverm\u00f6gen des Grasf\u00e4ngers<\/td>\n<td>52 l<\/td>\n<\/tr>\n<tr>\n<td>Ger\u00e4tebreite ohne Anbauteile<\/td>\n<td>52 cm<\/td>\n<\/tr>\n<tr>\n<td>\n Maximale Ger\u00e4teh\u00f6he<\/td>\n<td>ca. 108 cm<\/td>\n<\/tr>\n<tr>\n<td>Durchmesser Vorderrad<\/td>\n<td>190 mm<\/td>\n<\/tr>\n<tr>\n<td>Durchmesser Hinterrad<\/td>\n<td>215 mm<\/td>\n<\/tr>\n<tr>\n<td>Gemessener Schalldruckpegel LpA<\/td>\n<td>79 dB(A)<\/td>\n<\/tr>\n<tr>\n<td>Garantierter Schallleistungspegel LWA<\/td>\n<td>94 dB(A)<\/td>\n<\/tr>\n<tr>\n<td>Schalldruckpegel Unsicherheitsfaktor KpA<\/td>\n<td>2 dB(A) <sup>2)<\/sup><\/td>\n<\/tr>\n<tr>\n<td>Lenker-Vibration ahw<\/td>\n<td>1,8 m\/s\u00b2<\/td>\n<\/tr>\n<tr>\n<td>Schwingungsunsicherheit K<\/td>\n<td>0,9 m\/s\u00b2 <sup>2)<\/sup><\/td>\n<\/tr>\n<\/tbody>\n<\/table>\n","protected":false},"excerpt":{"rendered":"<p>Leistungsstarker Akku-Rasenm\u00e4her f\u00fcr mittelgro\u00dfe Rasenfl\u00e4chen Akku-Rasenm\u00e4her mit 46 dm Schnittbreite, 4-in-1-Funktion, Seitenauswurf, Mulchklappe und Multimesser f\u00fcr mittelgro\u00dfe Rasenfl\u00e4chen. Kunststoffgeh\u00e4use mit<\/p>\n","protected":false},"featured_media":437033,"template":"","meta":{"_seopress_robots_primary_cat":"none","_seopress_titles_title":"","_seopress_titles_desc":"","_seopress_robots_index":""},"product_brand":[3366],"product_cat":[29,262,488],"product_tag":[3265],"class_list":{"0":"post-465990","1":"product","2":"type-product","3":"status-publish","4":"has-post-thumbnail","6":"product_brand-stihl","7":"product_cat-macchinari","8":"product_cat-tosaerba-e-robot","9":"product_cat-tosaerba-a-batteria","10":"product_tag-import-stihl","11":"sws-gruppo-macchinari-de","12":"sws-conto-ricavi-merci-rivendita-macchinari-de","13":"sws-gruppo-iva-iva81-de","15":"first","16":"onbackorder","17":"purchasable","18":"product-type-simple"},"_links":{"self":[{"href":"https:\/\/lucacastelli.com\/de\/wp-json\/wp\/v2\/product\/465990","targetHints":{"allow":["GET"]}}],"collection":[{"href":"https:\/\/lucacastelli.com\/de\/wp-json\/wp\/v2\/product"}],"about":[{"href":"https:\/\/lucacastelli.com\/de\/wp-json\/wp\/v2\/types\/product"}],"wp:featuredmedia":[{"embeddable":true,"href":"https:\/\/lucacastelli.com\/de\/wp-json\/wp\/v2\/media\/437033"}],"wp:attachment":[{"href":"https:\/\/lucacastelli.com\/de\/wp-json\/wp\/v2\/media?parent=465990"}],"wp:term":[{"taxonomy":"product_brand","embeddable":true,"href":"https:\/\/lucacastelli.com\/de\/wp-json\/wp\/v2\/product_brand?post=465990"},{"taxonomy":"product_cat","embeddable":true,"href":"https:\/\/lucacastelli.com\/de\/wp-json\/wp\/v2\/product_cat?post=465990"},{"taxonomy":"product_tag","embeddable":true,"href":"https:\/\/lucacastelli.com\/de\/wp-json\/wp\/v2\/product_tag?post=465990"}],"curies":[{"name":"wp","href":"https:\/\/api.w.org\/{rel}","templated":true}]}}