{"id":465981,"date":"2025-05-31T21:57:53","date_gmt":"2025-05-31T19:57:53","guid":{"rendered":"https:\/\/lucacastelli.com\/prodotto\/rm-448-t\/"},"modified":"2025-06-29T13:37:24","modified_gmt":"2025-06-29T11:37:24","slug":"rm-448-t","status":"publish","type":"product","link":"https:\/\/lucacastelli.com\/de\/produkt\/rm-448-t\/","title":{"rendered":"STIHL RM 448 T"},"content":{"rendered":"<p>Robuster Benzin-Rasenm\u00e4her mit 46 cm Schnittbreite, 4-in-1-Funktion, Seitenauswurf, Mulchklappe und Multimesser f\u00fcr mittelgro\u00dfe Rasenfl\u00e4chen. Kunststoffgeh\u00e4use mit Kunststoff-Schutzblechen, zentraler Schnitth\u00f6henverstellung, klappbarem und h\u00f6henverstellbarem Comofrt-Lenker in zwei Positionen und 1-Gang-Antrieb f\u00fcr komfortables Arbeiten. Inklusive 52 L klappbarer Grasfangkorb mit F\u00fcllstandsanzeige.\/p<br \/>\n886661876211<\/p>\n<p>Hubraum 166<br \/>\nGetriebe Getriebe<\/p>\n<p>Motortyp Motortyp<br \/>\nCO2 922<br \/>\nGewicht 32.0<\/p>\n","protected":false},"excerpt":{"rendered":"<p>Robuster Benzin-Rasenm\u00e4her mit 46 cm Schnittbreite, 4-in-1-Funktion, Seitenauswurf, Mulchklappe und Multimesser f\u00fcr mittelgro\u00dfe Rasenfl\u00e4chen. Kunststoffgeh\u00e4use mit Kunststoff-Schutzblechen, zentraler Schnitth\u00f6henverstellung, klappbarem<\/p>\n","protected":false},"featured_media":424695,"template":"","meta":{"_seopress_robots_primary_cat":"","_seopress_titles_title":"","_seopress_titles_desc":"","_seopress_robots_index":""},"product_brand":[3554],"product_cat":[169,1666,1656],"product_tag":[3266],"class_list":{"0":"post-465981","1":"product","2":"type-product","3":"status-publish","4":"has-post-thumbnail","6":"product_brand-stihl-de","7":"product_cat-maschinen","8":"product_cat-motor-rasenmaher","9":"product_cat-rasenmaher-und-roboter","10":"product_tag-import-stihl-de","11":"sws-gruppo-macchinari","12":"sws-conto-ricavi-merci-rivendita-macchinari","13":"sws-gruppo-iva-iva81","15":"first","16":"onbackorder","17":"purchasable","18":"product-type-simple"},"_links":{"self":[{"href":"https:\/\/lucacastelli.com\/de\/wp-json\/wp\/v2\/product\/465981","targetHints":{"allow":["GET"]}}],"collection":[{"href":"https:\/\/lucacastelli.com\/de\/wp-json\/wp\/v2\/product"}],"about":[{"href":"https:\/\/lucacastelli.com\/de\/wp-json\/wp\/v2\/types\/product"}],"wp:featuredmedia":[{"embeddable":true,"href":"https:\/\/lucacastelli.com\/de\/wp-json\/wp\/v2\/media\/424695"}],"wp:attachment":[{"href":"https:\/\/lucacastelli.com\/de\/wp-json\/wp\/v2\/media?parent=465981"}],"wp:term":[{"taxonomy":"product_brand","embeddable":true,"href":"https:\/\/lucacastelli.com\/de\/wp-json\/wp\/v2\/product_brand?post=465981"},{"taxonomy":"product_cat","embeddable":true,"href":"https:\/\/lucacastelli.com\/de\/wp-json\/wp\/v2\/product_cat?post=465981"},{"taxonomy":"product_tag","embeddable":true,"href":"https:\/\/lucacastelli.com\/de\/wp-json\/wp\/v2\/product_tag?post=465981"}],"curies":[{"name":"wp","href":"https:\/\/api.w.org\/{rel}","templated":true}]}}