{"id":465979,"date":"2025-05-31T21:57:43","date_gmt":"2025-05-31T19:57:43","guid":{"rendered":"https:\/\/lucacastelli.com\/prodotto\/rm-443-t\/"},"modified":"2025-07-20T23:56:54","modified_gmt":"2025-07-20T21:56:54","slug":"rm-443-t","status":"publish","type":"product","link":"https:\/\/lucacastelli.com\/de\/produkt\/rm-443-t\/","title":{"rendered":"STIHL RM 443 T"},"content":{"rendered":"<h2 class=\"product-details__title\">Kompakter Rasenm\u00e4her f\u00fcr mittlere oder gro\u00dfe Rasenfl\u00e4chen<\/h2>\n<div class=\"product-details__description richtexteditor\">\n<p>Kompakter Benzin-Rasenm\u00e4her mit 41 cm Schnittbreite, 4-in-1-Funktion, Seitenauswurf, Mulchklappe und Multimesser f\u00fcr gewundene und mittelgro\u00dfe Rasenfl\u00e4chen. Kunststoffgeh\u00e4use mit Kunststoff-Schutzblechen, zentraler Schnitth\u00f6henverstellung, klappbarem und h\u00f6henverstellbarem Komfortlenker in zwei Positionen und 1-Gang-Antrieb f\u00fcr komfortables Arbeiten. Inklusive 52 Liter klappbarem Grasfangkorb mit F\u00fcllstandsanzeige.  <\/p>\n<\/div>\n<p>&nbsp;<\/p>\n<p>TECHNISCHE DATEN<\/p>\n<p>&nbsp;<\/p>\n<table data-test-id=\"pdp-spec-tech-table\">\n<tbody>\n<tr>\n<td>Kolbenverdr\u00e4ngung<\/td>\n<td>139 cm\u00b3<\/td>\n<\/tr>\n<tr>\n<td>\u00dcbertragung<\/td>\n<td>3,5 km\/h<\/td>\n<\/tr>\n<tr>\n<td>Motortyp<\/td>\n<td>EVC 200,5 C<\/td>\n<\/tr>\n<tr>\n<td>CO2-Aussto\u00df<\/td>\n<td>922 g\/kWh<\/td>\n<\/tr>\n<tr>\n<td>St\u00fcckgewicht ohne Kraftstoff<\/td>\n<td>30 kg<\/td>\n<\/tr>\n<tr>\n<td>Schnittbreite<\/td>\n<td>41 cm<\/td>\n<\/tr>\n<tr>\n<td>Schnitth\u00f6he<\/td>\n<td>20 &#8211; 100 mm<\/td>\n<\/tr>\n<tr>\n<td>Einstellung der Schnitth\u00f6he<\/td>\n<td>7-fach (zentral)<\/td>\n<\/tr>\n<tr>\n<td>Nenndrehzahl des Werkst\u00fccks<\/td>\n<td>2800 U\/min<\/td>\n<\/tr>\n<tr>\n<td>Fassungsverm\u00f6gen des Grasf\u00e4ngers<\/td>\n<td>52 l<\/td>\n<\/tr>\n<tr>\n<td>Ger\u00e4tebreite ohne Anbauteile<\/td>\n<td>50 cm<\/td>\n<\/tr>\n<tr>\n<td>\n Maximale Ger\u00e4teh\u00f6he<\/td>\n<td>ca. 108 cm<\/td>\n<\/tr>\n<tr>\n<td>Durchmesser Vorderrad<\/td>\n<td>190 mm<\/td>\n<\/tr>\n<tr>\n<td>Durchmesser Hinterrad<\/td>\n<td>215 mm<\/td>\n<\/tr>\n<tr>\n<td>Gemessener Schalldruckpegel LpA<\/td>\n<td>79 dB(A)<\/td>\n<\/tr>\n<tr>\n<td>Garantierter Schallleistungspegel LWA<\/td>\n<td>93 dB(A)<\/td>\n<\/tr>\n<tr>\n<td>Schalldruckpegel Unsicherheitsfaktor KpA<\/td>\n<td>2 dB(A) <sup>1)<\/sup><\/td>\n<\/tr>\n<tr>\n<td>Vibration Lenker AHW<\/td>\n<td>4,4 m\/s\u00b2<\/td>\n<\/tr>\n<\/tbody>\n<\/table>\n","protected":false},"excerpt":{"rendered":"<p>Kompakter Rasenm\u00e4her f\u00fcr mittlere oder gro\u00dfe Rasenfl\u00e4chen Kompakter Benzin-Rasenm\u00e4her mit 41 cm Schnittbreite, 4-in-1-Funktion, Seitenauswurf, Mulchklappe und Multimesser f\u00fcr gewundene<\/p>\n","protected":false},"featured_media":424690,"template":"","meta":{"_seopress_robots_primary_cat":"none","_seopress_titles_title":"","_seopress_titles_desc":"","_seopress_robots_index":""},"product_brand":[3554],"product_cat":[169,1666,1656],"product_tag":[3266],"class_list":{"0":"post-465979","1":"product","2":"type-product","3":"status-publish","4":"has-post-thumbnail","6":"product_brand-stihl-de","7":"product_cat-maschinen","8":"product_cat-motor-rasenmaher","9":"product_cat-rasenmaher-und-roboter","10":"product_tag-import-stihl-de","11":"sws-gruppo-macchinari","12":"sws-conto-ricavi-merci-rivendita-macchinari","13":"sws-gruppo-iva-iva81","15":"first","16":"onbackorder","17":"purchasable","18":"product-type-simple"},"_links":{"self":[{"href":"https:\/\/lucacastelli.com\/de\/wp-json\/wp\/v2\/product\/465979","targetHints":{"allow":["GET"]}}],"collection":[{"href":"https:\/\/lucacastelli.com\/de\/wp-json\/wp\/v2\/product"}],"about":[{"href":"https:\/\/lucacastelli.com\/de\/wp-json\/wp\/v2\/types\/product"}],"wp:featuredmedia":[{"embeddable":true,"href":"https:\/\/lucacastelli.com\/de\/wp-json\/wp\/v2\/media\/424690"}],"wp:attachment":[{"href":"https:\/\/lucacastelli.com\/de\/wp-json\/wp\/v2\/media?parent=465979"}],"wp:term":[{"taxonomy":"product_brand","embeddable":true,"href":"https:\/\/lucacastelli.com\/de\/wp-json\/wp\/v2\/product_brand?post=465979"},{"taxonomy":"product_cat","embeddable":true,"href":"https:\/\/lucacastelli.com\/de\/wp-json\/wp\/v2\/product_cat?post=465979"},{"taxonomy":"product_tag","embeddable":true,"href":"https:\/\/lucacastelli.com\/de\/wp-json\/wp\/v2\/product_tag?post=465979"}],"curies":[{"name":"wp","href":"https:\/\/api.w.org\/{rel}","templated":true}]}}