{"id":465919,"date":"2025-06-01T02:34:39","date_gmt":"2025-06-01T00:34:39","guid":{"rendered":"https:\/\/lucacastelli.com\/prodotto\/zubehoer-teleskopstange\/"},"modified":"2025-06-01T02:34:39","modified_gmt":"2025-06-01T00:34:39","slug":"zubehoer-teleskopstange","status":"publish","type":"product","link":"https:\/\/lucacastelli.com\/de\/produkt\/zubehoer-teleskopstange\/","title":{"rendered":"Zubeh\u00f6r: Teleskopstange"},"content":{"rendered":"<p>Geeignet f\u00fcr Super TurboCut S\u00e4ge, verstellbar von 184 bis 456 cm, mit rutschfester Kunststoffbeschichtung.<br \/>\n795711115418<\/p>\n","protected":false},"excerpt":{"rendered":"<p>Zubeh\u00f6r: Teleskopstange<\/p>\n","protected":false},"featured_media":425082,"template":"","meta":{"_seopress_robots_primary_cat":"","_seopress_titles_title":"","_seopress_titles_desc":"","_seopress_robots_index":""},"product_brand":[3554],"product_cat":[169,1700],"product_tag":[3266],"class_list":{"0":"post-465919","1":"product","2":"type-product","3":"status-publish","4":"has-post-thumbnail","6":"product_brand-stihl-de","7":"product_cat-maschinen","8":"product_cat-forstwirtschaftliche-werkzeuge-und-zubehor","9":"product_tag-import-stihl-de","10":"sws-gruppo-macchinari-de","11":"sws-conto-ricavi-merci-rivendita-macchinari-de","12":"sws-gruppo-iva-iva81-de","14":"first","15":"onbackorder","16":"purchasable","17":"product-type-simple"},"_links":{"self":[{"href":"https:\/\/lucacastelli.com\/de\/wp-json\/wp\/v2\/product\/465919","targetHints":{"allow":["GET"]}}],"collection":[{"href":"https:\/\/lucacastelli.com\/de\/wp-json\/wp\/v2\/product"}],"about":[{"href":"https:\/\/lucacastelli.com\/de\/wp-json\/wp\/v2\/types\/product"}],"wp:featuredmedia":[{"embeddable":true,"href":"https:\/\/lucacastelli.com\/de\/wp-json\/wp\/v2\/media\/425082"}],"wp:attachment":[{"href":"https:\/\/lucacastelli.com\/de\/wp-json\/wp\/v2\/media?parent=465919"}],"wp:term":[{"taxonomy":"product_brand","embeddable":true,"href":"https:\/\/lucacastelli.com\/de\/wp-json\/wp\/v2\/product_brand?post=465919"},{"taxonomy":"product_cat","embeddable":true,"href":"https:\/\/lucacastelli.com\/de\/wp-json\/wp\/v2\/product_cat?post=465919"},{"taxonomy":"product_tag","embeddable":true,"href":"https:\/\/lucacastelli.com\/de\/wp-json\/wp\/v2\/product_tag?post=465919"}],"curies":[{"name":"wp","href":"https:\/\/api.w.org\/{rel}","templated":true}]}}