{"id":465917,"date":"2025-06-01T02:33:47","date_gmt":"2025-06-01T00:33:47","guid":{"rendered":"https:\/\/lucacastelli.com\/prodotto\/heckenschere-ph-10\/"},"modified":"2025-06-01T02:33:47","modified_gmt":"2025-06-01T00:33:47","slug":"heckenschere-ph-10","status":"publish","type":"product","link":"https:\/\/lucacastelli.com\/de\/produkt\/heckenschere-ph-10\/","title":{"rendered":"Heckenschere PH 10"},"content":{"rendered":"<p>F\u00fcr weiche und sehr widerstandsf\u00e4hige Hecken, auch f\u00fcr Stra\u00dfenb\u00fcsche. Schneidkanten mit Spezialbeschichtung, wellenf\u00f6rmiger Sch\u00e4rfe und fl\u00fcssigen Rillen, Korrosionsschutzbeschichtung. Einstellbarer Klingenanschluss ohne Werkzeug. Griffe aus Buche. D\u00e4mpfer, die Ihre Gelenke schonen.<br \/>\n795711379445    <\/p>\n","protected":false},"excerpt":{"rendered":"<p>Heckenschere PH 10<\/p>\n","protected":false},"featured_media":425040,"template":"","meta":{"_seopress_robots_primary_cat":"","_seopress_titles_title":"","_seopress_titles_desc":"","_seopress_robots_index":""},"product_brand":[3554],"product_cat":[1700,169],"product_tag":[3266],"class_list":{"0":"post-465917","1":"product","2":"type-product","3":"status-publish","4":"has-post-thumbnail","6":"product_brand-stihl-de","7":"product_cat-forstwirtschaftliche-werkzeuge-und-zubehor","8":"product_cat-maschinen","9":"product_tag-import-stihl-de","10":"sws-gruppo-macchinari-de","11":"sws-conto-ricavi-merci-rivendita-macchinari-de","12":"sws-gruppo-iva-iva81-de","14":"first","15":"onbackorder","16":"purchasable","17":"product-type-simple"},"_links":{"self":[{"href":"https:\/\/lucacastelli.com\/de\/wp-json\/wp\/v2\/product\/465917","targetHints":{"allow":["GET"]}}],"collection":[{"href":"https:\/\/lucacastelli.com\/de\/wp-json\/wp\/v2\/product"}],"about":[{"href":"https:\/\/lucacastelli.com\/de\/wp-json\/wp\/v2\/types\/product"}],"wp:featuredmedia":[{"embeddable":true,"href":"https:\/\/lucacastelli.com\/de\/wp-json\/wp\/v2\/media\/425040"}],"wp:attachment":[{"href":"https:\/\/lucacastelli.com\/de\/wp-json\/wp\/v2\/media?parent=465917"}],"wp:term":[{"taxonomy":"product_brand","embeddable":true,"href":"https:\/\/lucacastelli.com\/de\/wp-json\/wp\/v2\/product_brand?post=465917"},{"taxonomy":"product_cat","embeddable":true,"href":"https:\/\/lucacastelli.com\/de\/wp-json\/wp\/v2\/product_cat?post=465917"},{"taxonomy":"product_tag","embeddable":true,"href":"https:\/\/lucacastelli.com\/de\/wp-json\/wp\/v2\/product_tag?post=465917"}],"curies":[{"name":"wp","href":"https:\/\/api.w.org\/{rel}","templated":true}]}}