{"id":465911,"date":"2025-06-01T02:33:44","date_gmt":"2025-06-01T00:33:44","guid":{"rendered":"https:\/\/lucacastelli.com\/prodotto\/bypass-astschere-mittel\/"},"modified":"2025-06-01T02:33:44","modified_gmt":"2025-06-01T00:33:44","slug":"bypass-astschere-mittel","status":"publish","type":"product","link":"https:\/\/lucacastelli.com\/de\/produkt\/bypass-astschere-mittel\/","title":{"rendered":"Bypass-Astschere, mittel"},"content":{"rendered":"<p>Geschmiedete, sehr robuste Klingen mit Rille f\u00fcr Saft, zum Schneiden von Pflanzen. Intern geschmierter Schneidkopf. Geschlitztes Gegenmesser, um ein Verrutschen des zu schneidenden Materials zu verhindern. Aluminiumgriffe mit ergonomischen Griffen und Sto\u00dfd\u00e4mpfern f\u00fcr einen Schnitt, der die Gelenke nicht belastet. Mittel, 75 cm 1.150 g \u00d8 3,0 cm.<br \/>\n795711333058    <\/p>\n","protected":false},"excerpt":{"rendered":"<p>Bypass-Astschere, mittel<\/p>\n","protected":false},"featured_media":425036,"template":"","meta":{"_seopress_robots_primary_cat":"","_seopress_titles_title":"","_seopress_titles_desc":"","_seopress_robots_index":""},"product_brand":[3554],"product_cat":[169,1700],"product_tag":[3266],"class_list":{"0":"post-465911","1":"product","2":"type-product","3":"status-publish","4":"has-post-thumbnail","6":"product_brand-stihl-de","7":"product_cat-maschinen","8":"product_cat-forstwirtschaftliche-werkzeuge-und-zubehor","9":"product_tag-import-stihl-de","10":"sws-gruppo-macchinari-de","11":"sws-conto-ricavi-merci-rivendita-macchinari-de","12":"sws-gruppo-iva-iva81-de","14":"first","15":"onbackorder","16":"purchasable","17":"product-type-simple"},"_links":{"self":[{"href":"https:\/\/lucacastelli.com\/de\/wp-json\/wp\/v2\/product\/465911","targetHints":{"allow":["GET"]}}],"collection":[{"href":"https:\/\/lucacastelli.com\/de\/wp-json\/wp\/v2\/product"}],"about":[{"href":"https:\/\/lucacastelli.com\/de\/wp-json\/wp\/v2\/types\/product"}],"wp:featuredmedia":[{"embeddable":true,"href":"https:\/\/lucacastelli.com\/de\/wp-json\/wp\/v2\/media\/425036"}],"wp:attachment":[{"href":"https:\/\/lucacastelli.com\/de\/wp-json\/wp\/v2\/media?parent=465911"}],"wp:term":[{"taxonomy":"product_brand","embeddable":true,"href":"https:\/\/lucacastelli.com\/de\/wp-json\/wp\/v2\/product_brand?post=465911"},{"taxonomy":"product_cat","embeddable":true,"href":"https:\/\/lucacastelli.com\/de\/wp-json\/wp\/v2\/product_cat?post=465911"},{"taxonomy":"product_tag","embeddable":true,"href":"https:\/\/lucacastelli.com\/de\/wp-json\/wp\/v2\/product_tag?post=465911"}],"curies":[{"name":"wp","href":"https:\/\/api.w.org\/{rel}","templated":true}]}}