{"id":465893,"date":"2025-06-01T02:32:34","date_gmt":"2025-06-01T00:32:34","guid":{"rendered":"https:\/\/lucacastelli.com\/prodotto\/schultergurt-fuer-forstarbeiten-advance-x-treem\/"},"modified":"2026-03-02T10:08:54","modified_gmt":"2026-03-02T09:08:54","slug":"schultergurt-fuer-forstarbeiten-advance-x-treem","status":"publish","type":"product","link":"https:\/\/lucacastelli.com\/de\/produkt\/schultergurt-fuer-forstarbeiten-advance-x-treem\/","title":{"rendered":"STIHL Forstgurt ADVANCE X-TREEm"},"content":{"rendered":"<p>Perfekte Ergonomie f\u00fcr l\u00e4ngere Eins\u00e4tze bei Forstarbeiten mit Kreiss\u00e4geblatt. Optimale Passform durch verstellbare R\u00fcckenl\u00e4nge und Gewichtsverteilung auf H\u00fcfte und Schultern, FS 89 \u2013 FS 560, FSA 90.<br \/>\n886661476947 <\/p>\n","protected":false},"excerpt":{"rendered":"<p>Forstgurt ADVANCE X-TREEm<\/p>\n","protected":false},"featured_media":424960,"template":"","meta":{"_seopress_robots_primary_cat":"none","_seopress_titles_title":"","_seopress_titles_desc":"","_seopress_robots_index":""},"product_brand":[3366],"product_cat":[29,484],"product_tag":[3265],"class_list":{"0":"post-465893","1":"product","2":"type-product","3":"status-publish","4":"has-post-thumbnail","6":"product_brand-stihl","7":"product_cat-macchinari","8":"product_cat-utensili-e-accessori-forestali","9":"product_tag-import-stihl","10":"sws-gruppo-macchinari-de","11":"sws-conto-ricavi-merci-rivendita-macchinari-de","12":"sws-gruppo-iva-iva81-de","14":"first","15":"onbackorder","16":"purchasable","17":"product-type-simple"},"_links":{"self":[{"href":"https:\/\/lucacastelli.com\/de\/wp-json\/wp\/v2\/product\/465893","targetHints":{"allow":["GET"]}}],"collection":[{"href":"https:\/\/lucacastelli.com\/de\/wp-json\/wp\/v2\/product"}],"about":[{"href":"https:\/\/lucacastelli.com\/de\/wp-json\/wp\/v2\/types\/product"}],"wp:featuredmedia":[{"embeddable":true,"href":"https:\/\/lucacastelli.com\/de\/wp-json\/wp\/v2\/media\/424960"}],"wp:attachment":[{"href":"https:\/\/lucacastelli.com\/de\/wp-json\/wp\/v2\/media?parent=465893"}],"wp:term":[{"taxonomy":"product_brand","embeddable":true,"href":"https:\/\/lucacastelli.com\/de\/wp-json\/wp\/v2\/product_brand?post=465893"},{"taxonomy":"product_cat","embeddable":true,"href":"https:\/\/lucacastelli.com\/de\/wp-json\/wp\/v2\/product_cat?post=465893"},{"taxonomy":"product_tag","embeddable":true,"href":"https:\/\/lucacastelli.com\/de\/wp-json\/wp\/v2\/product_tag?post=465893"}],"curies":[{"name":"wp","href":"https:\/\/api.w.org\/{rel}","templated":true}]}}