{"id":465888,"date":"2025-06-01T02:33:04","date_gmt":"2025-06-01T00:33:04","guid":{"rendered":"https:\/\/lucacastelli.com\/prodotto\/gartenschere-universell\/"},"modified":"2025-06-01T02:33:04","modified_gmt":"2025-06-01T00:33:04","slug":"gartenschere-universell","status":"publish","type":"product","link":"https:\/\/lucacastelli.com\/de\/produkt\/gartenschere-universell\/","title":{"rendered":"Gartenschere, universell"},"content":{"rendered":"<p>Universelle, robuste, vollgeschmiedete Konstruktion f\u00fcr Schneidanlagen. Verchromtes Geh\u00e4use mit Korrosionsschutz, nachsch\u00e4rfbaren Klingen und Drahtschneidesektion. Ergonomische Griffe, die mit synthetischem Material \u00fcberzogen sind.<br \/>\n795711150099  <\/p>\n","protected":false},"excerpt":{"rendered":"<p>Gartenschere, universell<\/p>\n","protected":false},"featured_media":424988,"template":"","meta":{"_seopress_robots_primary_cat":"","_seopress_titles_title":"","_seopress_titles_desc":"","_seopress_robots_index":""},"product_brand":[3366],"product_cat":[29,484],"product_tag":[3265],"class_list":{"0":"post-465888","1":"product","2":"type-product","3":"status-publish","4":"has-post-thumbnail","6":"product_brand-stihl","7":"product_cat-macchinari","8":"product_cat-utensili-e-accessori-forestali","9":"product_tag-import-stihl","10":"sws-gruppo-macchinari-de","11":"sws-conto-ricavi-merci-rivendita-macchinari-de","12":"sws-gruppo-iva-iva81-de","14":"first","15":"onbackorder","16":"purchasable","17":"product-type-simple"},"_links":{"self":[{"href":"https:\/\/lucacastelli.com\/de\/wp-json\/wp\/v2\/product\/465888","targetHints":{"allow":["GET"]}}],"collection":[{"href":"https:\/\/lucacastelli.com\/de\/wp-json\/wp\/v2\/product"}],"about":[{"href":"https:\/\/lucacastelli.com\/de\/wp-json\/wp\/v2\/types\/product"}],"wp:featuredmedia":[{"embeddable":true,"href":"https:\/\/lucacastelli.com\/de\/wp-json\/wp\/v2\/media\/424988"}],"wp:attachment":[{"href":"https:\/\/lucacastelli.com\/de\/wp-json\/wp\/v2\/media?parent=465888"}],"wp:term":[{"taxonomy":"product_brand","embeddable":true,"href":"https:\/\/lucacastelli.com\/de\/wp-json\/wp\/v2\/product_brand?post=465888"},{"taxonomy":"product_cat","embeddable":true,"href":"https:\/\/lucacastelli.com\/de\/wp-json\/wp\/v2\/product_cat?post=465888"},{"taxonomy":"product_tag","embeddable":true,"href":"https:\/\/lucacastelli.com\/de\/wp-json\/wp\/v2\/product_tag?post=465888"}],"curies":[{"name":"wp","href":"https:\/\/api.w.org\/{rel}","templated":true}]}}