{"id":465887,"date":"2025-06-01T02:32:32","date_gmt":"2025-06-01T00:32:32","guid":{"rendered":"https:\/\/lucacastelli.com\/prodotto\/universal-schultergurt-advance-plus-signalorange\/"},"modified":"2025-06-01T02:32:32","modified_gmt":"2025-06-01T00:32:32","slug":"universal-schultergurt-advance-plus-signalorange","status":"publish","type":"product","link":"https:\/\/lucacastelli.com\/de\/produkt\/universal-schultergurt-advance-plus-signalorange\/","title":{"rendered":"Universal-Schultergurt ADVANCE PLUS, signalorange"},"content":{"rendered":"<p>Starke Signalwirkung. Ideale Erg\u00e4nzung zur Signalbekleidung bei M\u00e4harbeiten in explosionsgef\u00e4hrdeten Bereichen, mit Komfortkarabiner zum schnellen und einfachen Anbringen und L\u00f6sen des Freischneiders, f\u00fcr FS 50, FS 560 und FSA 90.<br \/>\n886661187683 <\/p>\n","protected":false},"excerpt":{"rendered":"<p>Universal-Schultergurt ADVANCE PLUS, signalorange<\/p>\n","protected":false},"featured_media":424953,"template":"","meta":{"_seopress_robots_primary_cat":"","_seopress_titles_title":"","_seopress_titles_desc":"","_seopress_robots_index":""},"product_brand":[3366],"product_cat":[29,484],"product_tag":[3265],"class_list":{"0":"post-465887","1":"product","2":"type-product","3":"status-publish","4":"has-post-thumbnail","6":"product_brand-stihl","7":"product_cat-macchinari","8":"product_cat-utensili-e-accessori-forestali","9":"product_tag-import-stihl","10":"sws-gruppo-macchinari-de","11":"sws-conto-ricavi-merci-rivendita-macchinari-de","12":"sws-gruppo-iva-iva81-de","14":"first","15":"onbackorder","16":"purchasable","17":"product-type-simple"},"_links":{"self":[{"href":"https:\/\/lucacastelli.com\/de\/wp-json\/wp\/v2\/product\/465887","targetHints":{"allow":["GET"]}}],"collection":[{"href":"https:\/\/lucacastelli.com\/de\/wp-json\/wp\/v2\/product"}],"about":[{"href":"https:\/\/lucacastelli.com\/de\/wp-json\/wp\/v2\/types\/product"}],"wp:featuredmedia":[{"embeddable":true,"href":"https:\/\/lucacastelli.com\/de\/wp-json\/wp\/v2\/media\/424953"}],"wp:attachment":[{"href":"https:\/\/lucacastelli.com\/de\/wp-json\/wp\/v2\/media?parent=465887"}],"wp:term":[{"taxonomy":"product_brand","embeddable":true,"href":"https:\/\/lucacastelli.com\/de\/wp-json\/wp\/v2\/product_brand?post=465887"},{"taxonomy":"product_cat","embeddable":true,"href":"https:\/\/lucacastelli.com\/de\/wp-json\/wp\/v2\/product_cat?post=465887"},{"taxonomy":"product_tag","embeddable":true,"href":"https:\/\/lucacastelli.com\/de\/wp-json\/wp\/v2\/product_tag?post=465887"}],"curies":[{"name":"wp","href":"https:\/\/api.w.org\/{rel}","templated":true}]}}