{"id":465883,"date":"2025-06-01T02:32:03","date_gmt":"2025-06-01T00:32:03","guid":{"rendered":"https:\/\/lucacastelli.com\/prodotto\/smart-connector-10-stueck\/"},"modified":"2026-03-18T17:28:49","modified_gmt":"2026-03-18T16:28:49","slug":"smart-connector-10-stueck","status":"publish","type":"product","link":"https:\/\/lucacastelli.com\/de\/produkt\/smart-connector-10-stueck\/","title":{"rendered":"Smart Connector, 10 St\u00fcck"},"content":{"rendered":"<p>Der STIHL Smart Connector erfasst die Betriebsstunden bei laufender Maschine, speichert sie und \u00fcbertr\u00e4gt sie per Bluetooth auf das Smartphone oder Tablet.<br \/>\nbrbra href=&#8221;https:\/\/play.google.com\/store\/apps\/details?id=de.stihl.stihlconnectedamp;hl=de&#8221; target=&#8221;_blank&#8221;STIHL Android App\/abr<br \/>\na href=&#8221;https:\/\/apps.apple.com\/de\/app\/stihl-connected\/id1468877974&#8243; target=&#8221;_blank&#8221;STIHL iOS App\/abr<br \/>\na href=&#8221;https:\/\/connect.stihl.com\/?_ga=2.31496830.1313469020.1581597192-382361962.1581597192&#8243; target=&#8221;_blank&#8221;STIHL connect pro Portal \/a<br \/>\n886661391776 Bluetooth-Funk\u00fcbertragungsstandard<\/p>\n<p> 4.2<br \/>\nIP-Schutzart IP-Schutzart L\u00e4nge<\/p>\n<p>des Ger\u00e4tes L\u00e4nge des Ger\u00e4tes<br \/>\nBreite des Ger\u00e4tes 42<br \/>\nH\u00f6he des Ger\u00e4tes 14<\/p>\n","protected":false},"excerpt":{"rendered":"<p>Smart Connector, 10 St\u00fcck<\/p>\n","protected":false},"featured_media":437877,"template":"","meta":{"_seopress_robots_primary_cat":"","_seopress_titles_title":"","_seopress_titles_desc":"","_seopress_robots_index":""},"product_brand":[3554],"product_cat":[1700,169],"product_tag":[3266],"class_list":{"0":"post-465883","1":"product","2":"type-product","3":"status-publish","4":"has-post-thumbnail","6":"product_brand-stihl-de","7":"product_cat-forstwirtschaftliche-werkzeuge-und-zubehor","8":"product_cat-maschinen","9":"product_tag-import-stihl-de","10":"sws-gruppo-macchinari-de","11":"sws-conto-ricavi-merci-rivendita-macchinari-de","12":"sws-gruppo-iva-iva81-de","14":"first","15":"onbackorder","16":"purchasable","17":"product-type-simple"},"_links":{"self":[{"href":"https:\/\/lucacastelli.com\/de\/wp-json\/wp\/v2\/product\/465883","targetHints":{"allow":["GET"]}}],"collection":[{"href":"https:\/\/lucacastelli.com\/de\/wp-json\/wp\/v2\/product"}],"about":[{"href":"https:\/\/lucacastelli.com\/de\/wp-json\/wp\/v2\/types\/product"}],"wp:featuredmedia":[{"embeddable":true,"href":"https:\/\/lucacastelli.com\/de\/wp-json\/wp\/v2\/media\/437877"}],"wp:attachment":[{"href":"https:\/\/lucacastelli.com\/de\/wp-json\/wp\/v2\/media?parent=465883"}],"wp:term":[{"taxonomy":"product_brand","embeddable":true,"href":"https:\/\/lucacastelli.com\/de\/wp-json\/wp\/v2\/product_brand?post=465883"},{"taxonomy":"product_cat","embeddable":true,"href":"https:\/\/lucacastelli.com\/de\/wp-json\/wp\/v2\/product_cat?post=465883"},{"taxonomy":"product_tag","embeddable":true,"href":"https:\/\/lucacastelli.com\/de\/wp-json\/wp\/v2\/product_tag?post=465883"}],"curies":[{"name":"wp","href":"https:\/\/api.w.org\/{rel}","templated":true}]}}