{"id":465871,"date":"2025-06-01T02:31:49","date_gmt":"2025-06-01T00:31:49","guid":{"rendered":"https:\/\/lucacastelli.com\/prodotto\/anhaengerkupplung-fz-10\/"},"modified":"2025-06-01T02:31:49","modified_gmt":"2025-06-01T00:31:49","slug":"anhaengerkupplung-fz-10","status":"publish","type":"product","link":"https:\/\/lucacastelli.com\/de\/produkt\/anhaengerkupplung-fz-10\/","title":{"rendered":"Anh\u00e4ngerkupplung FZ 10"},"content":{"rendered":"<p>Zum Abschleppen von Baumst\u00e4mmen durch einfaches Einhaken des Stammes dank der scharfen Spitze. Geh\u00e4rteter, hochwertiger Stahl, Komfortgriff.<br \/>\n886661362417 <\/p>\n","protected":false},"excerpt":{"rendered":"<p>Anh\u00e4ngerkupplung FZ 10<\/p>\n","protected":false},"featured_media":424895,"template":"","meta":{"_seopress_robots_primary_cat":"","_seopress_titles_title":"","_seopress_titles_desc":"","_seopress_robots_index":""},"product_brand":[3554],"product_cat":[169,1700],"product_tag":[3266],"class_list":{"0":"post-465871","1":"product","2":"type-product","3":"status-publish","4":"has-post-thumbnail","6":"product_brand-stihl-de","7":"product_cat-maschinen","8":"product_cat-forstwirtschaftliche-werkzeuge-und-zubehor","9":"product_tag-import-stihl-de","10":"sws-gruppo-macchinari-de","11":"sws-conto-ricavi-merci-rivendita-macchinari-de","12":"sws-gruppo-iva-iva81-de","14":"first","15":"onbackorder","16":"purchasable","17":"product-type-simple"},"_links":{"self":[{"href":"https:\/\/lucacastelli.com\/de\/wp-json\/wp\/v2\/product\/465871","targetHints":{"allow":["GET"]}}],"collection":[{"href":"https:\/\/lucacastelli.com\/de\/wp-json\/wp\/v2\/product"}],"about":[{"href":"https:\/\/lucacastelli.com\/de\/wp-json\/wp\/v2\/types\/product"}],"wp:featuredmedia":[{"embeddable":true,"href":"https:\/\/lucacastelli.com\/de\/wp-json\/wp\/v2\/media\/424895"}],"wp:attachment":[{"href":"https:\/\/lucacastelli.com\/de\/wp-json\/wp\/v2\/media?parent=465871"}],"wp:term":[{"taxonomy":"product_brand","embeddable":true,"href":"https:\/\/lucacastelli.com\/de\/wp-json\/wp\/v2\/product_brand?post=465871"},{"taxonomy":"product_cat","embeddable":true,"href":"https:\/\/lucacastelli.com\/de\/wp-json\/wp\/v2\/product_cat?post=465871"},{"taxonomy":"product_tag","embeddable":true,"href":"https:\/\/lucacastelli.com\/de\/wp-json\/wp\/v2\/product_tag?post=465871"}],"curies":[{"name":"wp","href":"https:\/\/api.w.org\/{rel}","templated":true}]}}