{"id":465848,"date":"2025-05-31T23:00:30","date_gmt":"2025-05-31T21:00:30","guid":{"rendered":"https:\/\/lucacastelli.com\/prodotto\/nachruestkit-5-hexa-36rh84-63-cm\/"},"modified":"2026-03-02T14:13:49","modified_gmt":"2026-03-02T13:13:49","slug":"nachruestkit-5-hexa-36rh84-63-cm","status":"publish","type":"product","link":"https:\/\/lucacastelli.com\/de\/produkt\/nachruestkit-5-hexa-36rh84-63-cm\/","title":{"rendered":"STIHL Upgrade Kit 5, HEXA 36RH84, 63 cm"},"content":{"rendered":"<p>Zur einfachen Umr\u00fcstung Ihrer STIHL Motors\u00e4ge auf das neue Hexa Schneidsystem.<\/p>\n<p>Kit-Inhalt:<br \/>\n2 x Hexa S\u00e4gekette, 1 x Hexa Feile (5,2 \u00d7 200 mm), 1 x Holz-Feilengriff f\u00fcr Hexa Feile<br \/>\n886661739868<\/p>\n","protected":false},"excerpt":{"rendered":"<p>Upgrade Kit 5, HEXA 36RH84, 63 cm<\/p>\n","protected":false},"featured_media":424069,"template":"","meta":{"_seopress_robots_primary_cat":"","_seopress_titles_title":"","_seopress_titles_desc":"","_seopress_robots_index":""},"product_brand":[3554],"product_cat":[1700,169],"product_tag":[3266],"class_list":{"0":"post-465848","1":"product","2":"type-product","3":"status-publish","4":"has-post-thumbnail","6":"product_brand-stihl-de","7":"product_cat-forstwirtschaftliche-werkzeuge-und-zubehor","8":"product_cat-maschinen","9":"product_tag-import-stihl-de","10":"sws-gruppo-macchinari-de","11":"sws-conto-ricavi-merci-rivendita-macchinari-de","12":"sws-gruppo-iva-iva81-de","14":"first","15":"onbackorder","16":"purchasable","17":"product-type-simple"},"_links":{"self":[{"href":"https:\/\/lucacastelli.com\/de\/wp-json\/wp\/v2\/product\/465848","targetHints":{"allow":["GET"]}}],"collection":[{"href":"https:\/\/lucacastelli.com\/de\/wp-json\/wp\/v2\/product"}],"about":[{"href":"https:\/\/lucacastelli.com\/de\/wp-json\/wp\/v2\/types\/product"}],"wp:featuredmedia":[{"embeddable":true,"href":"https:\/\/lucacastelli.com\/de\/wp-json\/wp\/v2\/media\/424069"}],"wp:attachment":[{"href":"https:\/\/lucacastelli.com\/de\/wp-json\/wp\/v2\/media?parent=465848"}],"wp:term":[{"taxonomy":"product_brand","embeddable":true,"href":"https:\/\/lucacastelli.com\/de\/wp-json\/wp\/v2\/product_brand?post=465848"},{"taxonomy":"product_cat","embeddable":true,"href":"https:\/\/lucacastelli.com\/de\/wp-json\/wp\/v2\/product_cat?post=465848"},{"taxonomy":"product_tag","embeddable":true,"href":"https:\/\/lucacastelli.com\/de\/wp-json\/wp\/v2\/product_tag?post=465848"}],"curies":[{"name":"wp","href":"https:\/\/api.w.org\/{rel}","templated":true}]}}