{"id":465846,"date":"2025-05-31T23:00:20","date_gmt":"2025-05-31T21:00:20","guid":{"rendered":"https:\/\/lucacastelli.com\/prodotto\/nachruestkit-3-hexa-36rh66-45cm\/"},"modified":"2026-03-02T14:24:06","modified_gmt":"2026-03-02T13:24:06","slug":"nachruestkit-3-hexa-36rh66-45cm","status":"publish","type":"product","link":"https:\/\/lucacastelli.com\/de\/produkt\/nachruestkit-3-hexa-36rh66-45cm\/","title":{"rendered":"STIHL Upgrade Kit 3, HEXA 36RH66, 45 cm"},"content":{"rendered":"<p>Zur einfachen Umr\u00fcstung Ihrer STIHL Motors\u00e4ge auf das neue Hexa-Schneidsystem.<\/p>\n<p>Inhalt pro Kit:<br \/>\n2 x Hexa-S\u00e4gekette, 1 x Hexa-Feile (5,2 \u00d7 200 mm), 1 x Holz-Feilenheft f\u00fcr Hexa-Feile<br \/>\n886661739653<\/p>\n","protected":false},"excerpt":{"rendered":"<p>Upgrade Kit 3, HEXA 36RH66, 45 cm<\/p>\n","protected":false},"featured_media":424045,"template":"","meta":{"_seopress_robots_primary_cat":"","_seopress_titles_title":"","_seopress_titles_desc":"","_seopress_robots_index":""},"product_brand":[3554],"product_cat":[1700,169],"product_tag":[3266],"class_list":{"0":"post-465846","1":"product","2":"type-product","3":"status-publish","4":"has-post-thumbnail","6":"product_brand-stihl-de","7":"product_cat-forstwirtschaftliche-werkzeuge-und-zubehor","8":"product_cat-maschinen","9":"product_tag-import-stihl-de","10":"sws-gruppo-macchinari-de","11":"sws-conto-ricavi-merci-rivendita-macchinari-de","12":"sws-gruppo-iva-iva81-de","14":"first","15":"onbackorder","16":"purchasable","17":"product-type-simple"},"_links":{"self":[{"href":"https:\/\/lucacastelli.com\/de\/wp-json\/wp\/v2\/product\/465846","targetHints":{"allow":["GET"]}}],"collection":[{"href":"https:\/\/lucacastelli.com\/de\/wp-json\/wp\/v2\/product"}],"about":[{"href":"https:\/\/lucacastelli.com\/de\/wp-json\/wp\/v2\/types\/product"}],"wp:featuredmedia":[{"embeddable":true,"href":"https:\/\/lucacastelli.com\/de\/wp-json\/wp\/v2\/media\/424045"}],"wp:attachment":[{"href":"https:\/\/lucacastelli.com\/de\/wp-json\/wp\/v2\/media?parent=465846"}],"wp:term":[{"taxonomy":"product_brand","embeddable":true,"href":"https:\/\/lucacastelli.com\/de\/wp-json\/wp\/v2\/product_brand?post=465846"},{"taxonomy":"product_cat","embeddable":true,"href":"https:\/\/lucacastelli.com\/de\/wp-json\/wp\/v2\/product_cat?post=465846"},{"taxonomy":"product_tag","embeddable":true,"href":"https:\/\/lucacastelli.com\/de\/wp-json\/wp\/v2\/product_tag?post=465846"}],"curies":[{"name":"wp","href":"https:\/\/api.w.org\/{rel}","templated":true}]}}