{"id":465841,"date":"2025-05-31T23:00:28","date_gmt":"2025-05-31T21:00:28","guid":{"rendered":"https:\/\/lucacastelli.com\/prodotto\/nachruestkit-4-hexa-36rh72-50-cm\/"},"modified":"2026-03-02T14:20:11","modified_gmt":"2026-03-02T13:20:11","slug":"nachruestkit-4-hexa-36rh72-50-cm","status":"publish","type":"product","link":"https:\/\/lucacastelli.com\/de\/produkt\/nachruestkit-4-hexa-36rh72-50-cm\/","title":{"rendered":"STIHL Upgrade Kit 4, HEXA 36RH72, 50 cm"},"content":{"rendered":"<p>Zur einfachen Umr\u00fcstung Ihrer STIHL Motors\u00e4ge auf das neue Hexa Schneidsystem.<\/p>\n<p>Inhalt pro Kit:<br \/>\n2 x Hexa S\u00e4gekette, 1 x Hexa Feile (5,2 \u00d7 200 mm), 1 x Holz-Feilengriff f\u00fcr Hexa Feile<br \/>\n886661739660<\/p>\n","protected":false},"excerpt":{"rendered":"<p>Upgrade Kit 4, HEXA 36RH72, 50 cm<\/p>\n","protected":false},"featured_media":424057,"template":"","meta":{"_seopress_robots_primary_cat":"","_seopress_titles_title":"","_seopress_titles_desc":"","_seopress_robots_index":""},"product_brand":[3366],"product_cat":[29,484],"product_tag":[3265],"class_list":{"0":"post-465841","1":"product","2":"type-product","3":"status-publish","4":"has-post-thumbnail","6":"product_brand-stihl","7":"product_cat-macchinari","8":"product_cat-utensili-e-accessori-forestali","9":"product_tag-import-stihl","10":"sws-gruppo-macchinari-de","11":"sws-conto-ricavi-merci-rivendita-macchinari-de","12":"sws-gruppo-iva-iva81-de","14":"first","15":"onbackorder","16":"purchasable","17":"product-type-simple"},"_links":{"self":[{"href":"https:\/\/lucacastelli.com\/de\/wp-json\/wp\/v2\/product\/465841","targetHints":{"allow":["GET"]}}],"collection":[{"href":"https:\/\/lucacastelli.com\/de\/wp-json\/wp\/v2\/product"}],"about":[{"href":"https:\/\/lucacastelli.com\/de\/wp-json\/wp\/v2\/types\/product"}],"wp:featuredmedia":[{"embeddable":true,"href":"https:\/\/lucacastelli.com\/de\/wp-json\/wp\/v2\/media\/424057"}],"wp:attachment":[{"href":"https:\/\/lucacastelli.com\/de\/wp-json\/wp\/v2\/media?parent=465841"}],"wp:term":[{"taxonomy":"product_brand","embeddable":true,"href":"https:\/\/lucacastelli.com\/de\/wp-json\/wp\/v2\/product_brand?post=465841"},{"taxonomy":"product_cat","embeddable":true,"href":"https:\/\/lucacastelli.com\/de\/wp-json\/wp\/v2\/product_cat?post=465841"},{"taxonomy":"product_tag","embeddable":true,"href":"https:\/\/lucacastelli.com\/de\/wp-json\/wp\/v2\/product_tag?post=465841"}],"curies":[{"name":"wp","href":"https:\/\/api.w.org\/{rel}","templated":true}]}}